{"id":657,"date":"2020-12-01T05:18:49","date_gmt":"2020-12-01T05:18:49","guid":{"rendered":"https:\/\/ftd.cognihealth.in\/?page_id=657"},"modified":"2024-11-01T03:49:39","modified_gmt":"2024-11-01T03:49:39","slug":"treatment-of-tremor-spasms","status":"publish","type":"page","link":"https:\/\/neurosymptoms.org\/de_DE\/treatment\/treatment-of-tremor-spasms\/","title":{"rendered":"Behandlung von Tremor (Zittern) \/ Spasmen (Kr\u00e4mpfe)"},"content":{"rendered":"\n<div class=\"wp-block-image\"><figure class=\"alignright size-large\"><img loading=\"lazy\" width=\"198\" height=\"219\" src=\"https:\/\/pre-prod.neurosymptoms.org\/wp-content\/uploads\/2020\/11\/Treatment-of-tremor-image-1.jpg\" alt=\"\" class=\"wp-image-659\"\/><\/figure><\/div>\n\n\n\n<p><\/p>\n\n\n\n<p>Es ist nicht viel bekannt, welche Behandlungen am besten sind f\u00fcr Patienten mit funktionellen Bewegungsst\u00f6rungen wie Tremor oder Spasmen<\/p>\n\n\n\n<p>Dieses Kapitel basiert haupts\u00e4chlich auf den eigenen Erfahrungen des Autors, Patienten mit funktionellen Bewegungsst\u00f6rungen zu behandeln.<\/p>\n\n\n\n<div class=\"wp-block-image\"><figure class=\"alignright size-large\"><img loading=\"lazy\" width=\"192\" height=\"143\" src=\"https:\/\/pre-prod.neurosymptoms.org\/wp-content\/uploads\/2020\/11\/Treatment-of-tremor-image-2.jpg\" alt=\"\" class=\"wp-image-658\"\/><\/figure><\/div>\n\n\n\n<p>Wenn Sie es noch nicht gelesen haben, sehen Sie sich folgende Abschnitte an bevor Sie weiterlesen:<\/p>\n\n\n\n<p><\/p>\n\n\n\n<div class=\"wp-block-image\"><figure class=\"alignright size-large\"><img loading=\"lazy\" width=\"188\" height=\"142\" src=\"https:\/\/pre-prod.neurosymptoms.org\/wp-content\/uploads\/2020\/11\/Treatment-of-tremor-image-3.jpg\" alt=\"\" class=\"wp-image-660\"\/><\/figure><\/div>\n\n\n\n<p>1.&nbsp;<a href=\"http:\/\/www.neurosymptoms.org\/de_DE\/symptoms\/fnd-symptoms\/functional-tremor\/\">Tremor, Spasmen<\/a> und <a href=\"http:\/\/www.neurosymptoms.org\/de_DE\/symptoms\/fnd-symptoms\/functional-gait-disorder\/\">Gangst\u00f6rungen<\/a><\/p>\n\n\n\n<p>Wichtig ist es zu verstehen, dass diese Symptome h\u00e4ufig sind, dass es nicht bedeutet, da\u00df sie verr\u00fcckt werden oder den Verstand verlieren, und dass sie potentiell auch ohne Medikamente umkehrbar sind.<\/p>\n\n\n\n<p>2. &nbsp;<a href=\"http:\/\/www.neurosymptoms.org\/de_DE\/treatment\/understanding-your-condition\/\">Die Diagnose verstehen<\/a><\/p>\n\n\n\n<p>Es ist wesentlich, dass sich Ihr Arzt Ihren Fall genau betrachtet hat und zur richtigen Diagnose gekommen ist.<\/p>\n\n\n\n<p>3. <a href=\"http:\/\/www.neurosymptoms.org\/de_DE\/treatment\/physiotherapy-exercise\/\">Physiotherapie und Bewegung<\/a><\/p>\n\n\n\n<p>Hier werden einige Grundprinzipe f\u00fcr Rehabilitation und Bewegungstherapie f\u00fcr funktionelle Symptome einschlie\u00dflich L\u00e4hmungen, Schmerzen und Ersch\u00f6pfungszust\u00e4nden erkl\u00e4rt.<\/p>\n\n\n\n<p>4. <a href=\"http:\/\/www.neurosymptoms.org\/de_DE\/treatment\/psychological-therapy\/\">Psychologie? Ich bin nicht verr\u00fcckt<\/a><\/p>\n\n\n\n<p>Wenn Ihr Arzt Sie zu einem Psychologen oder Psychiater \u00fcberwiesen hat, wundern Sie sich vielleicht warum. Lesen Sie dieses Kapitel, es wird Ihnen helfen, es zu verstehen.<\/p>\n\n\n\n<h3>Lernen Sie funktionelle Bewegungsst\u00f6rungen zu \u00fcberwinden &#8230;<\/h3>\n\n\n\n<p>Wir lernen immer mehr dazu, welche Arten von Behandlungen Patienten mit funktionellen Bewegungsst\u00f6rungen am besten helfen k\u00f6nnen.<\/p>\n\n\n\n<p><strong>Es verstehen<\/strong><\/p>\n\n\n\n<p>Es kann \u00fcberraschend sein wie wichtig einfach eine klare und verst\u00e4ndliche Erkl\u00e4rung der Symptome sein kann. Oft vergehen bis zur Diagnosefindung bei <a href=\"http:\/\/www.neurosymptoms.org\/de_DE\/symptoms\/fnd-symptoms\/functional-movement-disorder\/\">funktionellen Bewegungsst\u00f6rungen<\/a> Monate oder sogar Jahre (manchmal mit einer alternativen Diagnose wie MS).<\/p>\n\n\n\n<p>Es kann sehr lange dauern bis man ein Symptom wie eine&nbsp;funktionelle Bewegungsst\u00f6rung&nbsp;akzeptiert. Patienten, die beginnen, sich besser zu f\u00fchlen, scheint diese Akzeptanz &nbsp;einen wichtigen Beitrag zu leisten.<\/p>\n\n\n\n<p>Zu sehen, wie es mit Ihren anderen&nbsp;<a href=\"http:\/\/www.neurosymptoms.org\/de_DE\/symptoms\/\">Symptomen<\/a>&nbsp;zusammenpasst, scheint auch zum Verst\u00e4ndnis beizutragen. Es kann Ihnen auch helfen zu verstehen, dass Ihre Bewegungsst\u00f6rung eines von vielen Symptomen (meistens Schmerzen, Ersch\u00f6pfungszust\u00e4nde und Schlafst\u00f6rungen) sein kann und Sie eine Erkrankung mit vielen Symptomen und nicht viele Symptome verursacht durch viele Erkrankungen haben.<\/p>\n\n\n\n<p>Aus diesem Grund sind wahrscheinlich einige der Therapien, welche sich beim chronischen&nbsp;Ersch\u00f6pfungssyndrom&nbsp;und&nbsp;chronischen Schmerzen&nbsp;als wirksam erwiesen haben, auch bei Patienten mit funktionellen Bewegungsst\u00f6rungen wirksam.<\/p>\n\n\n\n<p>Diese beinhalten:<\/p>\n\n\n\n<p>1. <a href=\"http:\/\/www.neurosymptoms.org\/de_DE\/treatment\/physiotherapy-exercise\/\">Stufenweise gesteigerte Bewegung\/ Physiotherapie<\/a><\/p>\n\n\n\n<p>2. <a href=\"http:\/\/www.neurosymptoms.org\/de_DE\/treatment\/psychological-therapy\/\">Verhaltenstherapie<\/a><\/p>\n\n\n\n<p>3. <a href=\"http:\/\/www.neurosymptoms.org\/de_DE\/treatment\/medication\/\">Medikamente<\/a>&nbsp;gegen Schlafst\u00f6rungen und Schmerzen<\/p>\n\n\n\n<h2>Besonderheiten, die in Zusammenhang mit funktionellen L\u00e4hmungen auftreten<\/h2>\n\n\n\n<p><strong>Zeitweise auftretende Bewegungsst\u00f6rungen<\/strong><\/p>\n\n\n\n<p>Manche PatientInnen erfahren &#8220;Anf\u00e4lle&#8221; von Zittern. Diesen Episoden k\u00f6nnen&nbsp;<a href=\"http:\/\/www.neurosymptoms.org\/de_DE\/symptoms\/common-associated-symptoms\/dissoziative-symptome\/\">dissoziative Symptome<\/a>&nbsp;vorausgehen. Obwohl diese Patienten nicht das Bewusstsein verlieren, k\u00f6nnen die Ratschl\u00e4ge zur Behandlung und zur \u00dcberwindung dieser Attacken \u00e4hnlich sein wie bei dissoziativen Anf\u00e4llen. Werfen Sie einen Blick auf die&nbsp;zwei Seiten \u00fcber <a href=\"http:\/\/www.neurosymptoms.org\/de_DE\/treatment\/treatment-of-functional-seizures\/\">Behandlung von dissoziativen Anf\u00e4llen<\/a>, vielleicht trifft manches f\u00fcr Sie auch zu.<\/p>\n\n\n\n<p><strong>Denken Sie dar\u00fcber nach wie unterschiedlich stark die Beschwerden sind<\/strong><\/p>\n\n\n\n<p>Schwankungen im Schweregrad sind eine typische Eigenschaft von vielen funktionellen Symptomen. Wenn Sie dar\u00fcber nachdenken, ist dies einer der Gr\u00fcnde, warum die Diagnose eines funktionellen Symptoms Sinn macht. Wenn ein struktureller Schaden des Nervensystems vorliegen w\u00fcrde, k\u00f6nnten die Symptome ein wenig, jedoch nicht in diesem dramatischen Ausma\u00df wie bei einer funktionellen Bewegungsst\u00f6rung schwanken.<\/p>\n\n\n\n<p>Es gibt zahlreiche Gr\u00fcnde warum funktionelle L\u00e4hmungen im Schweregrad schwanken k\u00f6nnen:<\/p>\n\n\n\n<p>1. In Zeiten gr\u00f6\u00dferer&nbsp;<a href=\"http:\/\/www.neurosymptoms.org\/de_DE\/symptoms\/common-associated-symptoms\/fatigue\/\">Ersch\u00f6pfung<\/a><\/p>\n\n\n\n<p>2. In Zeiten mit st\u00e4rkeren&nbsp;<a href=\"http:\/\/www.neurosymptoms.org\/de_DE\/symptoms\/common-associated-symptoms\/pain\/\">Schmerzen<\/a><\/p>\n\n\n\n<p>3. Wenn Sie bewusst \u00fcber Bewegung nachdenken<\/p>\n\n\n\n<p>Letzteres bedarf genauerer Betrachtung. Sie haben vielleicht bemerkt, dass Ihre unwillk\u00fcrlichen Bewegungen sich verschlechtern, je mehr Aufmerksamkeit Sie ihnen schenken.<\/p>\n\n\n\n<p>Versuchen Sie, so gut es geht, nicht auf Ihre Bewegungsst\u00f6rung zu achten. Erinnern Sie sich daran, dass Sie mit einer funktionellen Bewegungsst\u00f6rung, \u00fcber einen K\u00f6rperteil, welchen Sie vielleicht nicht komplett als &#8220;zu Ihnen geh\u00f6rig&#8221; f\u00fchlen, die Kontrolle wieder zu erlangen versuchen.<\/p>\n\n\n\n<p>Manchmal berichten Patienten, dass ihr Zittern oder die abnormale Gliedma\u00dfenposition sich als &#8220;normal&#8221; anf\u00fchlt, wohingegen sich eine normale Haltung unnat\u00fcrlich anf\u00fchlt.<\/p>\n\n\n\n<p>Diese Bewegungsst\u00f6rungen k\u00f6nnen sich &#8220;nat\u00fcrlich&#8221; anf\u00fchlen, aber sie sind es nicht. Sie m\u00fcssen vielleicht Ihr Gehirn so trainieren, dass sich eine normale Position wieder nat\u00fcrlich anf\u00fchlt. Lesen Sie Anna&#8217;s Geschichte auf der&nbsp;<a href=\"http:\/\/www.neurosymptoms.org\/de_DE\/stories\/\">Geschichten&nbsp;Seite<\/a> als ein Beispiel daf\u00fcr.<\/p>\n\n\n\n<p>Versuchen Sie diese speziellen Massnahmen um zu sehen ob sie Ihnen helfen. <\/p>\n\n\n\n<p><\/p>\n\n\n\n<h2>Funktionelle Dystonie<\/h2>\n\n\n\n<p>Hypnose ist einen Versuch wert. Manchmal kann unter Hypnose in einem K\u00f6rperteil mit einer fixierten Dystonie wieder eine normale Beweglichkeit eintreten. Zittern kann sich verbessern und Sie k\u00f6nnen eventuell Selbsthypnose erlernen, um zuhause weiter zu \u00fcben.<\/p>\n\n\n\n<p>Gelegentlich profitieren Patienten mit fixierter Dystonie von einer Sedierung mit einem Narkosemittel. Dadurch wird die Untersuchung von Gelenksversteifungen erm\u00f6glicht. Wenn dies korrekt durchgef\u00fchrt wird, k\u00f6nnen normale Bewegungen, die der Patient lange Zeit nicht mehr ausgef\u00fchrt hat, gef\u00f6rdert werden. Dies sollte nur von \u00c4rzten, die mit diesen Prozeduren Erfahrung haben, durchgef\u00fchrt werden. Es ist kein &#8220;Allheilmittel&#8221; f\u00fcr fixierte Dystonie.<\/p>\n\n\n\n<h2>Gangst\u00f6rungen<\/h2>\n\n\n\n<p>1. Versuchen Sie, w\u00e4hrend Sie gehen, eine Melodie zu summen oder ein Lied zu singen (ev. auch nur im Kopf). &nbsp;Wird dann das Gehen leichter?<\/p>\n\n\n\n<p>2. Versuchen Sie r\u00fcckw\u00e4rts zu gehen, wenn Sie eine Gangst\u00f6rung haben. R\u00fcckw\u00e4rtsgehen hat eine unterschiedliche &#8220;Programmierung&#8221; f\u00fcr das Gehirn, sie werden \u00fcberrascht sein, da\u00df es leichter funktioniert, als vorw\u00e4rts zu gehen.<\/p>\n\n\n\n<p>3. Laufen: F\u00fcr Patienten, die dazu f\u00e4hig sind, macht manchmal ein wenig Jogging es leichter sich zu bewegen. Das ist ein wenig so wie jemand, der beim Sprechen stottert, aber normal singen kann.<\/p>\n","protected":false},"excerpt":{"rendered":"<p>Ideen zur Behandlung von funktionellen Bewegungsst\u00f6rungen<\/p>\n","protected":false},"author":65,"featured_media":0,"parent":1012,"menu_order":306,"comment_status":"closed","ping_status":"closed","template":"page-template\/symptom-details-page-template.php","meta":[],"_links":{"self":[{"href":"https:\/\/neurosymptoms.org\/de_DE\/wp-json\/wp\/v2\/pages\/657"}],"collection":[{"href":"https:\/\/neurosymptoms.org\/de_DE\/wp-json\/wp\/v2\/pages"}],"about":[{"href":"https:\/\/neurosymptoms.org\/de_DE\/wp-json\/wp\/v2\/types\/page"}],"author":[{"embeddable":true,"href":"https:\/\/neurosymptoms.org\/de_DE\/wp-json\/wp\/v2\/users\/65"}],"replies":[{"embeddable":true,"href":"https:\/\/neurosymptoms.org\/de_DE\/wp-json\/wp\/v2\/comments?post=657"}],"version-history":[{"count":118,"href":"https:\/\/neurosymptoms.org\/de_DE\/wp-json\/wp\/v2\/pages\/657\/revisions"}],"predecessor-version":[{"id":15620,"href":"https:\/\/neurosymptoms.org\/de_DE\/wp-json\/wp\/v2\/pages\/657\/revisions\/15620"}],"up":[{"embeddable":true,"href":"https:\/\/neurosymptoms.org\/de_DE\/wp-json\/wp\/v2\/pages\/1012"}],"wp:attachment":[{"href":"https:\/\/neurosymptoms.org\/de_DE\/wp-json\/wp\/v2\/media?parent=657"}],"curies":[{"name":"wp","href":"https:\/\/api.w.org\/{rel}","templated":true}]}}