{"id":655,"date":"2020-12-01T05:07:39","date_gmt":"2020-12-01T05:07:39","guid":{"rendered":"https:\/\/ftd.cognihealth.in\/?page_id=655"},"modified":"2024-02-02T11:36:33","modified_gmt":"2024-02-02T11:36:33","slug":"treatment-of-limb-weakness","status":"publish","type":"page","link":"https:\/\/neurosymptoms.org\/de_DE\/treatment\/treatment-of-limb-weakness\/","title":{"rendered":"Behandlung von L\u00e4hmungen"},"content":{"rendered":"\n<p>&#8230;&#8230;&#8230;<em>Eines der Dinge, die Patienten mit funktionellen L\u00e4hmungen h\u00e4ufig bemerken, sind &nbsp;tageszeitliche Schwankungen im Schweregrad der L\u00e4hmung&#8230;..<\/em><\/p>\n\n\n\n<p>Diese Abschnitt basiert haupts\u00e4chlich auf den pers\u00f6nlichen Erfahrungen des Autors im Bem\u00fchen, viele hundert Patienten mit funktionellen L\u00e4hmungen zu behandeln.<\/p>\n\n\n\n<p>Sehen Sie sich folgende Kapitel an, wenn Sie sie bisher noch nicht gelesen haben, bevor Sie weiterlesen:<\/p>\n\n\n\n<p>1.&nbsp;<a href=\"http:\/\/www.neurosymptoms.org\/de_DE\/symptoms\/fnd-symptoms\/functional-limb-weakness\/\">L\u00e4hmungen<\/a><\/p>\n\n\n\n<p>Wichtig ist es zu verstehen, dass diese Symptome h\u00e4ufig sind, dass es nicht bedeutet, dass sie verr\u00fcckt werden, oder den Verstand verlieren, und dass sie potentiell auch ohne Medikamente umkehrbar sind.<\/p>\n\n\n\n<p>2.&nbsp;<a href=\"http:\/\/www.neurosymptoms.org\/de_DE\/treatment\/understanding-your-condition\/\">Die Diagnose verstehen<\/a><\/p>\n\n\n\n<p>Es ist wesentlich, dass sich Ihr Arzt Ihren Fall genau betrachtet hat und zur richtigen Diagnose gekommen ist.<\/p>\n\n\n\n<p>3.&nbsp;<a href=\"http:\/\/www.neurosymptoms.org\/de_DE\/treatment\/physiotherapy-exercise\/\">Physiotherapie und Bewegung<\/a><\/p>\n\n\n\n<p>Hier werden einige Grundprinzipe f\u00fcr Rehabilitation und Bewegungstherapie f\u00fcr funktionelle Symptome einschlie\u00dflich L\u00e4hmungen, Schmerzen und Ersch\u00f6pfungszust\u00e4nden erkl\u00e4rt.<\/p>\n\n\n\n<p>4.&nbsp;<a href=\"http:\/\/www.neurosymptoms.org\/de_DE\/treatment\/psychological-therapy\/\">Psychologie? Ich bin nicht verr\u00fcckt<\/a><\/p>\n\n\n\n<p>Wenn Ihr Arzt Sie zu einem Psychologen oder Psychiater \u00fcberwiesen hat, wundern Sie sich vielleicht warum. Lesen Sie dieses Kapitel, es wird Ihnen helfen, es zu verstehen.<\/p>\n\n\n\n<h3>Lernen Sie funktionelle L\u00e4hmungen zu \u00fcberwinden &#8230;<\/h3>\n\n\n\n<p>Wir lernen immer mehr dazu, welche Arten von Behandlungen Patienten mit funktionellen L\u00e4hmungen am besten helfen k\u00f6nnen.<\/p>\n\n\n\n<p><strong>Es verstehen<\/strong><\/p>\n\n\n\n<p>Es kann \u00fcberraschend sein wie wichtig einfach eine klare und verst\u00e4ndliche Erkl\u00e4rung der Symptome sein kann. Oft vergehen bis zur Diagnosefindung bei funktionellen L\u00e4hmungen Monate oder sogar Jahre (manchmal mit einer alternativen Diagnose wie MS).<\/p>\n\n\n\n<p>Es kann sehr lange dauern bis man ein Symptom wie eine&nbsp;<a href=\"http:\/\/www.neurosymptoms.org\/de_DE\/symptoms\/fnd-symptoms\/functional-limb-weakness\/\">funktionelle L\u00e4hmung<\/a>&nbsp;akzeptiert. Patienten, die beginnen, sich besser zu f\u00fchlen, scheint diese Akzeptanz &nbsp;einen wichtigen Beitrag zu leisten.<\/p>\n\n\n\n<p>Zu sehen, wie es mit Ihren anderen&nbsp;<a href=\"http:\/\/www.neurosymptoms.org\/de_DE\/symptoms\/\">Symptomen<\/a>&nbsp;zusammenpasst, scheint auch zum Verst\u00e4ndnis beizutragen. Es kann Ihnen auch helfen zu verstehen, dass Ihre L\u00e4hmung eines von vielen Symptomen (meistens Schmerzen, Ersch\u00f6pfungszust\u00e4nde und Schlafst\u00f6rungen) sein kann und Sie eine Erkrankung mit vielen Symptomen und nicht viele Symptome verursacht durch viele Erkrankungen haben.<\/p>\n\n\n\n<p>Aus diesem Grund sind wahrscheinlich einige der Therapien, welche sich beim&nbsp;<a href=\"http:\/\/www.neurosymptoms.org\/de_DE\/symptoms\/common-associated-symptoms\/fatigue\/\">chronischen Ersch\u00f6pfungssyndrom<\/a>&nbsp;und&nbsp;<a href=\"http:\/\/www.neurosymptoms.org\/de_DE\/symptoms\/common-associated-symptoms\/pain\/\">chronischen Schmerzen<\/a>&nbsp;als wirksam erwiesen haben, auch bei Patienten mit funktionellen L\u00e4hmungen wirksam.<\/p>\n\n\n\n<p>Diese beinhalten:<\/p>\n\n\n\n<p>1. <a href=\"http:\/\/www.neurosymptoms.org\/de_DE\/treatment\/physiotherapy-exercise\/\">Gesteigerte&nbsp;Bewegung\/ Physiotherapie<\/a><\/p>\n\n\n\n<p>2.&nbsp;<a href=\"http:\/\/www.neurosymptoms.org\/de_DE\/treatment\/psychological-therapy\/\">Verhaltenstherapie<\/a><\/p>\n\n\n\n<p>3.&nbsp;<a href=\"http:\/\/www.neurosymptoms.org\/de_DE\/treatment\/medication\/\">Medikamente<\/a>&nbsp;gegen Schlafst\u00f6rungen und Schmerzen<\/p>\n\n\n\n<h3>Besonderheiten, die in Zusammenhang mit funktionellen L\u00e4hmungen auftreten<\/h3>\n\n\n\n<p>&#8230;Versuchen Sie, so gut es geht, beim Gehen nicht \u00fcber Ihre Bewegungen nachzudenken&#8230;.<\/p>\n\n\n\n<p>Eines der Dinge, die Patienten mit funktionellen L\u00e4hmungen h\u00e4ufig bemerken, sind &nbsp;tageszeitliche Schwankungen im Schweregrad der L\u00e4hmung. So ist vielleicht das Bein am Dienstag wirklich schwer und mu\u00df nachgezogen werden, aber am Mittwoch tritt das Symptom g\u00e4nzlich in den Hintergrund. Wenn Sie dar\u00fcber nachdenken, ist dies einer der Gr\u00fcnde, warum die Diagnose eines funktionellen Symptoms Sinn macht. Wenn ein struktureller Schaden des Nervensystems vorliegen w\u00fcrde, k\u00f6nnten die Symptome ein wenig, jedoch nicht in diesem dramatischen Ausma\u00df wie bei einer funktionellen L\u00e4hmung schwanken.<\/p>\n\n\n\n<p>Es gibt zahlreiche Gr\u00fcnde warum funktionelle L\u00e4hmungen im Scheregrad schwanken k\u00f6nnen:<\/p>\n\n\n\n<p>1. In Zeiten gr\u00f6\u00dferer Ersch\u00f6pfung<\/p>\n\n\n\n<p>2. In Zeiten mit st\u00e4rkeren Schmerzen<\/p>\n\n\n\n<p>3. Wenn Sie bewu\u00dft \u00fcber Bewegung nachdenken<\/p>\n\n\n\n<p>\u00dcber Letzeres bedarf es genauerer Betrachtung. Sie haben wahrscheinlich bemerkt, dass &nbsp;je mehr Sie \u00fcber die Bewegung Ihrer Gliedma\u00dfen nachdenken, umso schwerer werden sie und umso schwieriger wird es sie zu bewegen.<\/p>\n\n\n\n<p>Daher funktionniert Bewegung am besten, wenn sie automatisch geschieht. Sie denken normalerweise nicht bewusst an das Gehen, wenn Sie eine Treppe &nbsp;hinaufsteigen oder Einkaufen gehen. Tats\u00e4chlich beginnt es f\u00fcr gesunde Menschen schwierig zu werden, wenn Sie \u00fcber das Gehen nachdenken.<\/p>\n\n\n\n<p>Dies zu erkennen kann Patienten mit funktionellen L\u00e4hmungen helfen:<\/p>\n\n\n\n<p>Versuchen Sie, so gut es geht, beim Gehen nicht \u00fcber Ihre Bewegungen nachzudenken. Physiotherapeuten sind sich nicht immer sicher, was sie tun k\u00f6nnen um Patienten mit funktionellen L\u00e4hmungen zu helfen. Gew\u00f6hnlich sind automatisierte Bewegungen mit beiden Beinen und Armen besser als \u00dcbungen, die sich auf den gel\u00e4hmten K\u00f6rperteil konzentrieren.<\/p>\n\n\n\n<p>Denken Sie daran, dass, wenn Sie mit einer funktionellen L\u00e4hmung versuchen, die Kontrolle \u00fcber den K\u00f6rperteil wiederzuerlangen, es sein kann, dass Sie das Gef\u00fchl haben, Ihr K\u00f6rperteil &#8220;geh\u00f6re nicht zu Ihnen&#8221;. M\u00f6glicherweise sind Sie auch daran gewohnt, ihn in einer bestimmten Position zu halten.<\/p>\n\n\n\n<p>Menschen mit funktioneller Arml\u00e4hmung tendieren dazu, den Arm im Scho\u00df abzulegen, vor allem wenn sie auch Schmerzen haben.<\/p>\n\n\n\n<p>Menschen mit funktioneller Beinl\u00e4hmung sitzen oft mit nach innen gedrehten Sprunggelenken.<\/p>\n\n\n\n<p>Diese Positionen k\u00f6nnen sich als &#8220;normal&#8221; anf\u00fchlen, sie sind es aber nicht. Ihr Gehirn denkt nur, dass diese Positionen normal sind. Es kann sich an den Gedanken, dass sich eine K\u00f6rperh\u00e4lfte anders anf\u00fchlt als die andere, gew\u00f6hnt haben.<\/p>\n\n\n\n<p>Ziel der Behandlung ist es, das Gehirn dazu zu bringen, wieder normale Bewegung zu erkennen.<\/p>\n\n\n\n<h2>Andere Behandlungen<\/h2>\n\n\n\n<p>Wenn Sie das Gef\u00fchl haben, Sie kommen mit Ihrer L\u00e4hmung nicht weiter, ist es einen Versuch wert, Hypnose auszuprobieren. Manchmal kann unter Hypnose wieder ein normaler Bewegungsablauf eintreten.<\/p>\n\n\n\n<p>Gelegentlich haben sich Patienten mit schweren funktionellen L\u00e4hmungen auf Sedierung mit Narkosemitteln verbessert. Dies sollte nur bei Bewegungsunf\u00e4higkeit und durch einen Arzt mit Erfahrung auf diesem Gebiet durchgef\u00fchrt werden. Es ist kein &#8220;Allheilmittel&#8221; f\u00fcr funktionelle L\u00e4hmungen!<\/p>\n","protected":false},"excerpt":{"rendered":"<p>Tipps f\u00fcr die Behandlung von funktionellen L\u00e4hmungen<\/p>\n","protected":false},"author":65,"featured_media":0,"parent":1012,"menu_order":305,"comment_status":"closed","ping_status":"closed","template":"page-template\/symptom-details-page-template.php","meta":[],"_links":{"self":[{"href":"https:\/\/neurosymptoms.org\/de_DE\/wp-json\/wp\/v2\/pages\/655"}],"collection":[{"href":"https:\/\/neurosymptoms.org\/de_DE\/wp-json\/wp\/v2\/pages"}],"about":[{"href":"https:\/\/neurosymptoms.org\/de_DE\/wp-json\/wp\/v2\/types\/page"}],"author":[{"embeddable":true,"href":"https:\/\/neurosymptoms.org\/de_DE\/wp-json\/wp\/v2\/users\/65"}],"replies":[{"embeddable":true,"href":"https:\/\/neurosymptoms.org\/de_DE\/wp-json\/wp\/v2\/comments?post=655"}],"version-history":[{"count":74,"href":"https:\/\/neurosymptoms.org\/de_DE\/wp-json\/wp\/v2\/pages\/655\/revisions"}],"predecessor-version":[{"id":14295,"href":"https:\/\/neurosymptoms.org\/de_DE\/wp-json\/wp\/v2\/pages\/655\/revisions\/14295"}],"up":[{"embeddable":true,"href":"https:\/\/neurosymptoms.org\/de_DE\/wp-json\/wp\/v2\/pages\/1012"}],"wp:attachment":[{"href":"https:\/\/neurosymptoms.org\/de_DE\/wp-json\/wp\/v2\/media?parent=655"}],"curies":[{"name":"wp","href":"https:\/\/api.w.org\/{rel}","templated":true}]}}