{"id":645,"date":"2020-12-01T04:37:22","date_gmt":"2020-12-01T04:37:22","guid":{"rendered":"https:\/\/ftd.cognihealth.in\/?page_id=645"},"modified":"2024-02-02T11:56:18","modified_gmt":"2024-02-02T11:56:18","slug":"family-and-work","status":"publish","type":"page","link":"https:\/\/neurosymptoms.org\/de_DE\/treatment\/family-and-work\/","title":{"rendered":"Familie und Beruf"},"content":{"rendered":"\n<h2>Was sollten Sie Ihrer Familie und in Ihrem Job \u00fcber Ihre Symptome erz\u00e4hlen?<\/h2>\n\n\n\n<p>Es ist schwer genug selbst zu verstehen, was funktionelle Symptome sind, ohne es anderen Menschen erkl\u00e4ren zu m\u00fcssen.<\/p>\n\n\n\n<p>Ungl\u00fccklicherweise haben sie etwas wie ein gel\u00e4hmtes Bein und Ihre Umgebung h\u00f6rt, dass die &#8220;Untersuchungen alle normal&#8221; sind. Andere Menschen k\u00f6nnten dann weniger Mitgef\u00fchl haben und sich fragen, ob Sie die Beschwerden wirklich haben.<\/p>\n\n\n\n<p>Als Patient kann es extrem schwer sein, damit umzugehen. Sie wissen, dass die Symptome echt sind, dass Sie einen Kontrollverlust \u00fcber Ihren K\u00f6rper erfahren. Es machte es umso schlimmer zu denken, dass andere Leute wiederum denken, Sie k\u00f6nnten es dennoch kontrollieren.<\/p>\n\n\n\n<p>Es macht Sinn dar\u00fcber nachzudenken, wie Sie es Freunden, Familie und dem Arbeitgeber erkl\u00e4ren.<\/p>\n\n\n\n<p>Ein pragmatischer Ansatz ist folgender:<\/p>\n\n\n\n<p><strong>1. Versuchen Sie, alles nahestehenden Freunden und der Familie zu erkl\u00e4ren.&nbsp;<\/strong>Sie k\u00f6nnten sehr besorgt sein und f\u00fcrchten, Sie h\u00e4tten vielleicht Multiple SKlerosis oder Epilepsie. Wenn sie beruhigter sind, werden Sie Ihnen mit Sicherheit ein positiveres Gef\u00fchl bez\u00fcglich Ihrer Erkrankung vermitteln k\u00f6nnen. Sie k\u00f6nnten Ihnen helfen, mehr dar\u00fcber herauszufinden und Sie bei Ihrer Behandlung ermutigen.<\/p>\n\n\n\n<p>Sie k\u00f6nnen sie ermutigen, diese Website zu lesen.<\/p>\n\n\n\n<p><strong>2. F\u00fcr &#8220;Besserwisser&#8221;<\/strong>&nbsp;&#8211; eine Antwort wie, &#8216;<em>&#8220;Ich bin beim Neurologen und hoffentlich werden die Dinge bald besser werden&#8221;<\/em>&nbsp;ist wahrscheinlich ausreichend um sie zum Schweigen zu bringen!<\/p>\n\n\n\n<p><strong>3. F\u00fcr Arbeitgeber\/ Leitungstr\u00e4ger \/ Versicherungen &#8211;<\/strong>&nbsp;abh\u00e4ngig von den Unst\u00e4nden m\u00fcssen Sie vielleicht Ihrem Arbeitgeber \u00fcber Ihre Erkrankung informieren, insbesondere wenn Sie schon l\u00e4nger im Krankenstand sind. Er hat m\u00f6glicherweise kein Recht auf diese Informationen und ben\u00f6tigt Ihre Zustimmung.<\/p>\n\n\n\n<p>M\u00f6glicherweise findet er es ebenfalls hilfreich, diese Internetseite zu lesen.<\/p>\n\n\n\n<p>Wenn Ihr Hauptproblem ein Ersch\u00f6pungsszustand ist, kann die Definition &#8220;Chronisches Ersch\u00f6pfungssyndrom mit funktionellen neurologischen Symptomen&#8221; hilfreich sein.<\/p>\n\n\n\n<p>Wenn Schmerzen das Hauptproblem sind, kann die Bezeichnung &#8220;Chronisches Schmerzsyndrom mit funktionellen neurologischen Symptomen&#8221; helfen, es zu definieren.<\/p>\n\n\n\n<p>Wenn Sie nur Symptome wie eine L\u00e4hmung oder Ohnmachtsanf\u00e4lle haben, kann die offizielle Bezeichnung, welche von Versicherungen und Leistungstr\u00e4gern verwendet wird, &#8220;Konversionsst\u00f6rung&#8221; lauten.<\/p>\n\n\n\n<p>Konversionsst\u00f6rung ist ein psychiatrischer Begriff. &nbsp;An diesem Punkt angelangt, wollen Sie wahrscheinlich etwas gegen Ihren Computer werfen. Bitte tun Sie es nicht. Lesen Sie lieber &#8220;<a href=\"http:\/\/www.neurosymptoms.org\/de_DE\/causes\/fnd-is-not-imagined\/\">Eingebildet?<\/a>&#8221; nochmals.<\/p>\n\n\n\n<p>Eine Konversionsst\u00f6rung beschreibt funktionelle und dissoziative Symptome wie L\u00e4hmungen, Taubheitsgef\u00fchle, Bewegungsst\u00f6rungen und Ohnmachtsanf\u00e4lle. Sie basiert auf einer Idee des Psychiaters Sigmund Freud, dass Patienten mit diesen Symptomen Stress haben und um diesen zu erleichtern, ihn in k\u00f6rperliche Symptome umwandeln.<\/p>\n\n\n\n<p>Wenig Leute, die auf diesem Gebiet Forschung betreiben, glauben, dass Freuds Ideen richtig w\u00e4ren oder f\u00fcr die meisten Patienten mit solchen Symptomen stimmen.<\/p>\n\n\n\n<p>Wie auch immer, der Begriff ist bekannt und wird in offiziellen Dokumenten verwendet.<\/p>\n","protected":false},"excerpt":{"rendered":"<p>Einige Anregungen wie Sie es Ihrer Familie und Freunden erkl\u00e4ren<\/p>\n","protected":false},"author":65,"featured_media":0,"parent":1012,"menu_order":303,"comment_status":"closed","ping_status":"closed","template":"page-template\/symptom-details-page-template.php","meta":[],"_links":{"self":[{"href":"https:\/\/neurosymptoms.org\/de_DE\/wp-json\/wp\/v2\/pages\/645"}],"collection":[{"href":"https:\/\/neurosymptoms.org\/de_DE\/wp-json\/wp\/v2\/pages"}],"about":[{"href":"https:\/\/neurosymptoms.org\/de_DE\/wp-json\/wp\/v2\/types\/page"}],"author":[{"embeddable":true,"href":"https:\/\/neurosymptoms.org\/de_DE\/wp-json\/wp\/v2\/users\/65"}],"replies":[{"embeddable":true,"href":"https:\/\/neurosymptoms.org\/de_DE\/wp-json\/wp\/v2\/comments?post=645"}],"version-history":[{"count":81,"href":"https:\/\/neurosymptoms.org\/de_DE\/wp-json\/wp\/v2\/pages\/645\/revisions"}],"predecessor-version":[{"id":14302,"href":"https:\/\/neurosymptoms.org\/de_DE\/wp-json\/wp\/v2\/pages\/645\/revisions\/14302"}],"up":[{"embeddable":true,"href":"https:\/\/neurosymptoms.org\/de_DE\/wp-json\/wp\/v2\/pages\/1012"}],"wp:attachment":[{"href":"https:\/\/neurosymptoms.org\/de_DE\/wp-json\/wp\/v2\/media?parent=645"}],"curies":[{"name":"wp","href":"https:\/\/api.w.org\/{rel}","templated":true}]}}