{"id":643,"date":"2020-12-01T03:53:45","date_gmt":"2020-12-01T03:53:45","guid":{"rendered":"https:\/\/ftd.cognihealth.in\/?page_id=643"},"modified":"2024-11-01T03:48:45","modified_gmt":"2024-11-01T03:48:45","slug":"medication","status":"publish","type":"page","link":"https:\/\/neurosymptoms.org\/de_DE\/treatment\/medication\/","title":{"rendered":"Medikamente"},"content":{"rendered":"\n<p>Bitte beachten Sie:&nbsp;Es ist sehr wichtig, Ihren Arzt zu konsultieren bevor Sie irgendein Medikament beginnen oder absetzen. Kein bestimmtes Medikament wird auf dieser Internetseite unterst\u00fctzt.<\/p>\n\n\n\n<p>&#8230;Funktionelle Symptome k\u00f6nnen sich auch ohne Medikamente verbessern, und niemand sollte sich gezwungen sehen, Medikamente einzunehmen, aber manchmal k\u00f6nnen sie hilfreich sein&#8230;..<\/p>\n\n\n\n<h2><strong>Medikamente, die bei FNS manchmal hilfreich sind<\/strong><\/h2>\n\n\n\n<p>M\u00f6glicherweise hat Ihr Arzt Ihnen Medikamente vorgeschlagen, um Ihre Symptome zu lindern. Die am h\u00e4ufigsten verwendeten Medikamente sind:<\/p>\n\n\n\n<p>1.&nbsp;&nbsp;&nbsp;&nbsp;&nbsp;&nbsp;&nbsp; <strong>Antidepressiva<\/strong> &#8211; es gibt \u00e4ltere Arten, so genannte Trizyklika (einschlie\u00dflich Amitryptilin, Imipramin, Trazodon) und neuere Arten, so genannte SSRIs oder SNRIs (einschlie\u00dflich Fluoxetin, Sertralin, Citalopram, Duloxetin, Venlafaxin, Mirtazepin und Paroxetin)<\/p>\n\n\n\n<p>2.&nbsp;&nbsp;&nbsp;&nbsp;&nbsp;&nbsp;&nbsp; \u201e<strong>Neuropathische\u201c Schmerzmittel<\/strong> &#8211; geh\u00f6ren h\u00e4ufig ebenfalls zu diesen Antidepressiva-Klassen. Zum Beispiel Amitryptilin und Duloxetin<\/p>\n\n\n\n<h2><strong>Medikamente, die bei FNS normalerweise nicht hilfreich sind<\/strong><\/h2>\n\n\n\n<ul><li>Benzodiazepine wie Diazepam, Lorazepam oder Nitrazepam werden in der Regel nur als sehr kurzfristige Ma\u00dfnahme eingesetzt. Sie k\u00f6nnen s\u00fcchtig machen und Menschen k\u00f6nnen eine Toleranz entwickeln.<\/li><li>Opiate wie Morphin, MST, Oxycontin, Oxycodon, Cocodamol und Dihydrocodein werden h\u00e4ufig bei chronischen Schmerzen verschrieben. Sie sind nach wie vor f\u00fcr viele Arten von Schmerzen n\u00fctzlich, insbesondere f\u00fcr akute starke Schmerzen bei Verletzungen oder Operationen oder zur Behandlung von Krebsschmerzen. \u00dcberraschenderweise sind sie bei den meisten Arten von <a href=\"https:\/\/pre-prod.neurosymptoms.org\/de_DE\/symptoms\/common-associated-symptoms\/pain\/\">chronischen Schmerzen<\/a> nicht hilfreich. Sie k\u00f6nnen s\u00fcchtig machen und man kann eine Toleranz entwickeln.<\/li><li>Pregabalin und Gabapentin waren fr\u00fcher als Medikamente zur Behandlung chronischer Schmerzen beliebt und k\u00f6nnen bei eindeutigen Nervenverletzungen n\u00fctzlich sein. Studien bei Menschen mit so genannten chronischen Prim\u00e4rschmerzen, zu denen Erkrankungen wie Fibromyalgie geh\u00f6ren, die neben FNS h\u00e4ufig auftreten, haben jedoch <a href=\"http:\/\/www.nice.org.uk\/guidance\/ng193\">keinen Nutzen gezeigt<\/a>.<\/li><\/ul>\n\n\n\n<p>Medikamente k\u00f6nnen selten die Symptome allein heilen, k\u00f6nnen aber hilfreich sein, um Syptome zu mildern, Schmerzen zu lindern, die Stimmung zu heben, Ersch\u00f6pfungszust\u00e4nde und Angst zu reduzieren.<\/p>\n\n\n\n<p>Funktionelle Symptome k\u00f6nnen sich auch ohne Medikamente verbessern, und niemand sollte sich gezwungen sehen, Medikamente einzunehmen, aber manchmal k\u00f6nnen sie hilfreich sein. Niemand nimmt gerne regelm\u00e4\u00dfig Medikamente ein, aber wenn sich die Symptomatik nicht bessert, m\u00fcssen Sie sich fragen, was Sie zu verlieren haben..<\/p>\n\n\n\n<h2>Aber ich m\u00f6chte keine Antidepressiva einnehmen &#8211; ich bin nicht depressiv!<\/h2>\n\n\n\n<p>Ein \u00dcbersichtsarbeit aller Studien, in welchen Patienten mit funktionellen Symptomen mit antidepressiven Medikamenten behandelt wurden, fand heraus, da\u00df die mit Medikamenten behandelte Patientengruppe sich dreimal wahrscheinlicher im Vergleich zu denen ohne Medikamente verbesserte.<\/p>\n\n\n\n<p>Das wirklich Interessante daran war, dass die Verbesserung unabh\u00e4ngig davon war, ob sich die Patienten depressiv f\u00fchlten oder nicht.<\/p>\n\n\n\n<p>\u00c4ltere Antidepressiva wie Amitryptilin gibt es schon seit Jahrzehnten. Obwohl sie entwickelt wurden, um die Depression zu behandeln, haben Mediziner herausgefunden dass sie sehr n\u00fctzlich sein k\u00f6nnen um Schmerzen, Schlafst\u00f6rungen und andere Sy<\/p>\n\n\n\n<p>Eine \u00dcberpr\u00fcfung aller Studien, in denen Menschen mit allen Arten von funktionellen St\u00f6rungen (und nicht speziell mit funktionellen neurologischen Symptomen wie Bewegungsst\u00f6rungen oder dissoziativen Anf\u00e4llen) Antidepressiva verabreicht wurden, ergab, dass diejenigen, die die Medikamente einnahmen, eine dreimal h\u00f6here Wahrscheinlichkeit hatten, ein besseres Ergebnis zu erzielen als diejenigen, die keine Medikamente einnahmen.<\/p>\n\n\n\n<p>Interessant ist, dass dies unabh\u00e4ngig davon galt, ob die Patienten sich depressiv f\u00fchlten oder nicht.<\/p>\n\n\n\n<p>&#8220;Antidepressiva&#8221; k\u00f6nnen auch eine n\u00fctzliche Wirkung bei der Behandlung von Angstzust\u00e4nden bei Menschen haben, die nicht depressiv sind, so dass die Bezeichnung Antidepressiva in diesem Fall nicht korrekt ist.<\/p>\n\n\n\n<p>\u00c4ltere Antidepressiva wie Amitryptilin gibt es schon seit Jahrzehnten. Obwohl sie zur Behandlung von Depressionen entwickelt wurden, haben \u00c4rzte erkannt, dass sie bei der Behandlung von Schmerzen, Schlafproblemen und anderen Symptomen wie Reizblase sehr n\u00fctzlich sein k\u00f6nnen, unabh\u00e4ngig davon, ob sich die Person depressiv f\u00fchlt Wenn Sie z. B. eine schlimme &#8220;G\u00fcrtelrose&#8221; im Gesicht haben oder an Ischias leiden, kann Amitryptilin das wirksamste Medikament zur D\u00e4mpfung von Nervenschmerzen (auch &#8220;neuropathische Schmerzen&#8221; genannt) sein.<\/p>\n\n\n\n<h2>Aber Antidepressiva k\u00f6nnen abh\u00e4ngig machen, oder?<\/h2>\n\n\n\n<p>Eine der gr\u00f6\u00dften und verst\u00e4ndliche Sorge der Patienten ist, dass eine antidepressive Tablette abh\u00e4ngig machen kann. Dies entsteht oft durch Verwechslung von Beruhigungsmittel wie Valium (Diazepam) und Schlaftabletten (Temazepam) m<\/p>\n\n\n\n<p>Eine der gr\u00f6\u00dften und verst\u00e4ndlichen Sorgen der Patienten ist, dass eine Antidepressivum-Tablette s\u00fcchtig machen k\u00f6nnte. Das liegt oft daran, dass sie Beruhigungsmittel wie Valium (Diazepam) und Schlaftabletten (Temazepam) mit Antidepressiva verwechseln.<\/p>\n\n\n\n<p>Es gibt keine Beweise daf\u00fcr, dass Antidepressiva zu einem &#8220;s\u00fcchtigen&#8221; Zustand f\u00fchren, in dem die Person nach ihren Medikamenten giert oder immer mehr davon haben m\u00f6chte, um die gleiche Wirkung zu erzielen.<\/p>\n\n\n\n<p>Bei einigen Arten von Antidepressiva kann es manchmal zu Symptomen kommen, wenn die Tablette abgesetzt wird. In diesem Fall sind diese Entzugserscheinungen in der Regel nach etwa einer Woche vorbei.<\/p>\n\n\n\n<p>Einige Patienten berichten von l\u00e4nger anhaltenden Symptomen, die durch dieses Entzugssyndrom oder das Medikament selbst ausgel\u00f6st werden.<\/p>\n\n\n\n<p>Sprechen Sie daher mit Ihrem Arzt \u00fcber die Risiken und Vorteile der Medikamente in Ihrem individuellen Fall.<\/p>\n\n\n\n<p>Auch andere Tabletten wie Tabletten mit Codein wie Cocodamol oder Dihydrocodein und Benzodiazepine wie Diazepam, Nitrazepam und Lorazepam k\u00f6nnen zur Gewohnheit werden.<\/p>\n\n\n\n<p>Mediziner beobachten auch Entzugserscheinungen bei Patienten, die Gabapentin und Pregabalin absetzen.<\/p>\n\n\n\n<h2><strong>Aber als ich einmal Amitryptilin nahm, verwandelte ich mich in einen Zombie!<\/strong><\/h2>\n\n\n\n<p>Manchmal probieren Patienten mit funktionellen Symptomen Tabletten wie Amitryptilin aus und machen schlechte Erfahrungen. Das kann daran liegen, dass ihnen zu Beginn eine zu hohe Dosis verabreicht wurde oder dass ihnen nicht richtig erkl\u00e4rt wurde, was sie zu erwarten haben.<\/p>\n\n\n\n<p>Die Art der funktionellen Symptome f\u00fchrt h\u00e4ufig dazu, dass Patienten, die Antidepressiva gegen diese Symptome einnehmen, vor allem zu Beginn mehr Nebenwirkungen als \u00fcblich haben.<\/p>\n\n\n\n<p>In der Regel ist es sinnvoll, in den ersten ein bis zwei Wochen mit Nebenwirkungen zu rechnen. Dazu k\u00f6nnen Schl\u00e4frigkeit, \u00dcbelkeit und gelegentlich (je nach Medikament) ein gewisses Ma\u00df an Unruhe geh\u00f6ren. Nach dieser Zeit lassen die Nebenwirkungen h\u00e4ufig nach. Die Wirkung der Tablette kann schnell eintreten, es kann aber auch 6-8 Wochen dauern, bis die therapeutische Dosis Wirkung zeigt.<\/p>\n\n\n\n<h2>Ich nehme die Tabletten, aber sie bringen nichts<\/h2>\n\n\n\n<p>Das kann der Fall sein, wenn Sie eine zu niedrige Dosis einnehmen oder noch nicht lange genug gewartet haben, oder sie bei ihren Symptomen nicht wirken. Es ist sch<\/p>\n\n\n\n<p>Das kann daran liegen, dass die Dosis zu gering ist, dass Sie nicht lange genug gewartet haben oder dass die Medikamente nichts gegen Ihre Symptome bewirken. Es ist schwer zu beurteilen, ob ein Antidepressivum nicht wirkt, bevor man es nicht etwa 12 Wochen lang genommen hat.<\/p>\n\n\n\n<p>Nicht jeder profitiert von Medikamenten.<\/p>\n","protected":false},"excerpt":{"rendered":"<p>Informationen \u00fcber Medikamente die unterst\u00fctzend wirken oder FND verschlechtern k\u00f6nnen<\/p>\n","protected":false},"author":65,"featured_media":0,"parent":1012,"menu_order":302,"comment_status":"closed","ping_status":"closed","template":"page-template\/symptom-details-page-template.php","meta":[],"_links":{"self":[{"href":"https:\/\/neurosymptoms.org\/de_DE\/wp-json\/wp\/v2\/pages\/643"}],"collection":[{"href":"https:\/\/neurosymptoms.org\/de_DE\/wp-json\/wp\/v2\/pages"}],"about":[{"href":"https:\/\/neurosymptoms.org\/de_DE\/wp-json\/wp\/v2\/types\/page"}],"author":[{"embeddable":true,"href":"https:\/\/neurosymptoms.org\/de_DE\/wp-json\/wp\/v2\/users\/65"}],"replies":[{"embeddable":true,"href":"https:\/\/neurosymptoms.org\/de_DE\/wp-json\/wp\/v2\/comments?post=643"}],"version-history":[{"count":97,"href":"https:\/\/neurosymptoms.org\/de_DE\/wp-json\/wp\/v2\/pages\/643\/revisions"}],"predecessor-version":[{"id":15618,"href":"https:\/\/neurosymptoms.org\/de_DE\/wp-json\/wp\/v2\/pages\/643\/revisions\/15618"}],"up":[{"embeddable":true,"href":"https:\/\/neurosymptoms.org\/de_DE\/wp-json\/wp\/v2\/pages\/1012"}],"wp:attachment":[{"href":"https:\/\/neurosymptoms.org\/de_DE\/wp-json\/wp\/v2\/media?parent=643"}],"curies":[{"name":"wp","href":"https:\/\/api.w.org\/{rel}","templated":true}]}}