{"id":641,"date":"2020-12-01T03:36:19","date_gmt":"2020-12-01T03:36:19","guid":{"rendered":"https:\/\/ftd.cognihealth.in\/?page_id=641"},"modified":"2024-08-27T16:18:00","modified_gmt":"2024-08-27T16:18:00","slug":"psychological-therapy","status":"publish","type":"page","link":"https:\/\/neurosymptoms.org\/de_DE\/treatment\/psychological-therapy\/","title":{"rendered":"Psychologische Therapie"},"content":{"rendered":"\n<p>Psychologen und Psychiater, die mit diesem Gebiet vertraut sind, k\u00f6nnen Menschen mit FNS viel bieten. Psychologen, die in allgemeinen Krankenh\u00e4usern, Rehabilitationskliniken, Schmerzkliniken oder in einem Dienst f\u00fcr chronische M\u00fcdigkeit arbeiten, sind wahrscheinlich mit diesem Bereich vertraut. Liaison-Psychiater oder Neuropsychiater sind mit Sicherheit damit vertraut.<\/p>\n\n\n\n<h2><strong>Missverst\u00e4ndnisse \u00fcber Psychologie\/Psychiatrie und FNS<\/strong><\/h2>\n\n\n\n<p>Es gibt eine Reihe von Gr\u00fcnden, warum Patienten mit FNS von einer Behandlung durch einen Psychologen\/Psychiater profitieren k\u00f6nnen<\/p>\n\n\n\n<p>Viele Patienten entwickeln FNS, ohne gestresst zu sein. Die Symptome k\u00f6nnen aus heiterem Himmel oder im Zusammenhang mit einer k\u00f6rperlichen Verletzung auftreten, und das Einzige, was stressig ist, ist das Auftreten der Symptome!<\/p>\n\n\n\n<p>Und es gibt auch viele Menschen, die FNS in Zeiten von Stress entwickeln. Das hei\u00dft aber nicht, dass der Stress der einzige oder sogar der wichtigste Faktor war.<\/p>\n\n\n\n<p>Nat\u00fcrlich verschlimmert Stress im Leben, sowohl in der Gegenwart als auch in der Ferne, alles, und er kann bei manchen Menschen eine Hauptursache f\u00fcr FNS sein, aber bei vielen Menschen ist er nicht so wichtig.<\/p>\n\n\n\n<p>Viele Menschen verstehen, warum andere Menschen einen Psychologen\/Psychiater aufsuchen m\u00fcssen, k\u00f6nnen sich aber nur schwer vorstellen, dass dies bei ihnen jemals der Fall sein k\u00f6nnte. Wenn Sie &#8220;alle Register&#8221; der Behandlung ziehen wollen, m\u00fcssen Sie vielleicht Ihre Vorurteile beiseitelassen, um dies zu tun.<\/p>\n\n\n\n<p>Manchmal denken die Menschen auch, wenn sie einen Psychiater oder Psychologen aufsuchen, dass das Gespr\u00e4ch und die &#8220;Behandlung&#8221; wie eine altmodische Psychoanalyse ablaufen werden. Die klassische (und falsche) Vorstellung ist die, dass der Psychiater sagt: &#8220;Erz\u00e4hlen Sie mir von Ihrer Kindheit&#8221;, Sie sch\u00fctten jedes Geheimnis aus, das Sie jemals hatten, und dann erz\u00e4hlt Ihnen der Psychiater, wie Sie so geworden sind, wie Sie sind.<\/p>\n\n\n\n<p>Der Besuch bei einem Psychiater oder Psychologen ist selten so. Das Erforschen von Dingen, die in der Vergangenheit passiert sind, kann f\u00fcr manche Menschen sehr hilfreich sein. Aber diese Untersuchungen werden in der Regel von jemandem durchgef\u00fchrt, der Sie kennengelernt hat.<\/p>\n\n\n\n<p>Wie auf der Seite &#8220;Ursachen&#8221; erkl\u00e4rt wurde, ist es sehr schwierig, die Gr\u00fcnde f\u00fcr FNS zu ermitteln. Manchmal reicht es aus zu sagen: &#8220;Sie sind anf\u00e4llig f\u00fcr FNS und funktionelle St\u00f6rungen, lassen Sie uns herausfinden, wie wir Ihnen helfen k\u00f6nnen.<\/p>\n\n\n\n<h3><strong>Warum sollte ich also einen Psychologen\/Psychiater aufsuchen?<\/strong><\/h3>\n\n\n\n<p>Eine h\u00e4ufige und berechtigte Frage lautet: &#8220;Wie kann das Reden dar\u00fcber eigentlich meinen Symptomen helfen?&#8221;<\/p>\n\n\n\n<p>Dies sind die \u00fcblichen M\u00f6glichkeiten, wie &#8220;dar\u00fcber reden&#8221; helfen kann:<\/p>\n\n\n\n<ol type=\"1\"><li><strong>L\u00e4nger in der Lage zu sein, die Natur Ihres Zustands zu verstehen<\/strong> &#8211; z. B. dass es sich um ein h\u00e4ufiges, nicht von Ihnen verschuldetes, nicht eingebildetes, nicht auf eine Krankheit zur\u00fcckzuf\u00fchrendes, sondern ein potenziell reversibles Problem mit der Funktion Ihres Nervensystems handelt. Es kann lange dauern, bis man sich dar\u00fcber klar wird, ein Psychologe kann einem dabei helfen<\/li><li><strong>Sprechen Sie \u00fcber Verhaltensweisen, die Ihrer Genesung im Wege stehen k\u00f6nnten<\/strong> &#8211; wenn Sie z. B. chronische R\u00fcckenschmerzen und schwache Beine haben, k\u00f6nnen die Schmerzen bei Bewegung schlimmer werden. Vielleicht vermeiden Sie es, Ihren R\u00fccken zu bewegen, weil Sie bef\u00fcrchten, dass Sie Ihren R\u00fccken weiter sch\u00e4digen k\u00f6nnten. Wenn Sie verstehen, dass Sie die Schmerzen vor\u00fcbergehend verschlimmern, aber Ihren R\u00fccken nicht sch\u00e4digen, kann Ihnen das helfen, mit mehr Bewegung zu experimentieren.<\/li><li><strong>Sprechen Sie \u00fcber Gedanken, die der Genesung im Wege stehen &#8211; <\/strong>z. B. kann jemand mit dissoziativen Anf\u00e4llen feststellen, dass er sich gro\u00dfe Sorgen dar\u00fcber macht, ob er einen weiteren Anfall haben wird. Je mehr sie den Anfall vorwegnehmen, z. B. in einem Supermarkt oder beim Treppensteigen, desto wahrscheinlicher ist er.<\/li><li><strong>Gef\u00fchle von Niedergeschlagenheit und Sorgen erkennen.<\/strong> &#8211; z. B. k\u00f6nnen Ihre Symptome schon seit einiger Zeit bestehen. M\u00f6glicherweise haben Sie Gef\u00fchle von <a href=\"https:\/\/pre-prod.neurosymptoms.org\/de_DE\/symptoms\/common-associated-symptoms\/low-mood\/\">Depression<\/a>, <a href=\"https:\/\/pre-prod.neurosymptoms.org\/de_DE\/symptoms\/common-associated-symptoms\/worry-panic\/\">Angst oder Panikattacken<\/a> entwickelt. Seltener k\u00f6nnen auch andere Symptome wie posttraumatische Symptome, Zwangsgedanken oder Essprobleme auftreten.<\/li><li><strong>Probleml\u00f6sung<\/strong> &#8211; f\u00fcr viele Probleme im Leben gibt es keine einfachen L\u00f6sungen. Aber f\u00fcr einige allt\u00e4gliche Probleme, wie z. B. die L\u00f6sung von Schuldenproblemen oder die Frage, wie man einem gemobbten Kind helfen kann, gibt es vielleicht L\u00f6sungen, an die man noch nicht gedacht hat. Ein Problem weniger auf der Liste kann die Gesamtsituation verbessern.<\/li><li><strong>Identifizierung traumatischer Ereignisse<\/strong> &#8211; einige Menschen mit FNS haben hochgradig traumatische Ereignisse erlebt, die bei ihnen die Wahrscheinlichkeit von FNS-Symptomen erh\u00f6ht haben. Dabei kann es sich um schlimme Erfahrungen in der Kindheit oder im Erwachsenenalter handeln. K\u00f6rperlicher oder sexueller Missbrauch zum Beispiel f\u00f6rdert wahrscheinlich die Anf\u00e4lligkeit f\u00fcr Dissoziation im sp\u00e4teren Leben. Eine traumafokussierte Therapie kann in diesem Zusammenhang hilfreich sein, und viele Menschen mit FNS suchen aktiv nach solcher Hilfe, um schwierige Erlebnisse zu besprechen und zu verarbeiten.<\/li><\/ol>\n\n\n\n<p>Wenn Sie dies alles zusammennehmen, werden Sie vielleicht \u00fcberrascht sein, wie hilfreich es sein kann, &#8220;dar\u00fcber zu reden&#8221;.<\/p>\n\n\n\n<p>Psychologen und Psychiater gehen sehr unterschiedlich vor. Vielleicht sollten Sie mit Ihrem Hausarzt oder Neurologen dar\u00fcber sprechen, wer f\u00fcr Sie am hilfreichsten ist.<\/p>\n\n\n\n<p>Dieser Abschnitt wird zu gegebener Zeit aktualisiert.<\/p>\n\n\n\n<p>Wenn Sie sich einen \u00dcberblick \u00fcber die Evidenz f\u00fcr eine psychologische Therapie bei FNS verschaffen m\u00f6chten, finden Sie hier eine n\u00fctzliche aktuelle \u00dcbersicht. Gutkin et al.<a href=\"https:\/\/jnnp.bmj.com\/content\/jnnp\/92\/1\/36.full.pdf\">https:\/\/jnnp.bmj.com\/content\/jnnp\/92\/1\/36.full.pdf<\/a><\/p>\n\n\n\n<p>In diesem Video von der CODES Studie  k\u00f6nnen Sie sie das Ergebnis der gr\u00f6ssten psychologischen Therapiestudie sehen (<a href=\"http:\/\/codestrial.org\/\">CODES trial<\/a>)<\/p>\n\n\n\n<figure class=\"wp-block-embed-youtube wp-block-embed is-type-video is-provider-youtube wp-embed-aspect-16-9 wp-has-aspect-ratio\"><div class=\"wp-block-embed__wrapper\">\n<iframe loading=\"lazy\" title=\"The CODES trial for dissociative seizures\" width=\"745\" height=\"419\" src=\"https:\/\/www.youtube.com\/embed\/pUFKbYH7BcQ?feature=oembed\" frameborder=\"0\" allow=\"accelerometer; autoplay; clipboard-write; encrypted-media; gyroscope; picture-in-picture; web-share\" allowfullscreen><\/iframe>\n<\/div><\/figure>\n","protected":false},"excerpt":{"rendered":"<p>Auf dem FND Gebiet erfahrene Psychologen und Psychiater k\u00f6nnen Betroffenen viel anbieten<\/p>\n","protected":false},"author":65,"featured_media":0,"parent":1012,"menu_order":300,"comment_status":"closed","ping_status":"closed","template":"page-template\/symptom-details-page-template.php","meta":[],"_links":{"self":[{"href":"https:\/\/neurosymptoms.org\/de_DE\/wp-json\/wp\/v2\/pages\/641"}],"collection":[{"href":"https:\/\/neurosymptoms.org\/de_DE\/wp-json\/wp\/v2\/pages"}],"about":[{"href":"https:\/\/neurosymptoms.org\/de_DE\/wp-json\/wp\/v2\/types\/page"}],"author":[{"embeddable":true,"href":"https:\/\/neurosymptoms.org\/de_DE\/wp-json\/wp\/v2\/users\/65"}],"replies":[{"embeddable":true,"href":"https:\/\/neurosymptoms.org\/de_DE\/wp-json\/wp\/v2\/comments?post=641"}],"version-history":[{"count":107,"href":"https:\/\/neurosymptoms.org\/de_DE\/wp-json\/wp\/v2\/pages\/641\/revisions"}],"predecessor-version":[{"id":14941,"href":"https:\/\/neurosymptoms.org\/de_DE\/wp-json\/wp\/v2\/pages\/641\/revisions\/14941"}],"up":[{"embeddable":true,"href":"https:\/\/neurosymptoms.org\/de_DE\/wp-json\/wp\/v2\/pages\/1012"}],"wp:attachment":[{"href":"https:\/\/neurosymptoms.org\/de_DE\/wp-json\/wp\/v2\/media?parent=641"}],"curies":[{"name":"wp","href":"https:\/\/api.w.org\/{rel}","templated":true}]}}