{"id":621,"date":"2020-12-01T02:39:19","date_gmt":"2020-12-01T02:39:19","guid":{"rendered":"https:\/\/ftd.cognihealth.in\/?page_id=621"},"modified":"2024-11-01T03:26:28","modified_gmt":"2024-11-01T03:26:28","slug":"why-has-it-happened","status":"publish","type":"page","link":"https:\/\/neurosymptoms.org\/de_DE\/causes\/why-has-it-happened\/","title":{"rendered":"Warum ist das passiert?"},"content":{"rendered":"\n<p>Was k\u00f6nnten die Gr\u00fcnde sein, die zu der zuvor <span style=\"text-decoration: underline;\"><a href=\"http:\/\/www.neurosymptoms.org\/de_DE\/causes\/how-has-it-happened\/\">beschriebenen Ver\u00e4nderung der Funktion des Nervensystems f\u00fchren<\/a><\/span>?<\/p>\n\n\n\n<p>Es gibt wahrscheinlich viele verschiedene Gr\u00fcnde, warum eine Person anf\u00e4llig f\u00fcr funktionelle Symptome ist. Diese Gr\u00fcnde lassen sich in folgende Bereiche unterteilen:<\/p>\n\n\n\n<ul><li>Pr\u00e4disponierende Faktoren: Dinge, die passiert sind, bevor die Symptome auftraten<\/li><li>Ausl\u00f6sende Faktoren: Dinge, die zum Zeitpunkt des Auftretens der Symptome geschehen sind<\/li><li>Perpetuierende Faktoren: Dinge, die nach dem Auftreten der Symptome passiert sind<\/li><\/ul>\n\n\n\n<p>Diese Faktoren k\u00f6nnen sein<\/p>\n\n\n\n<ul><li>Biologisch: Zum Beispiel gibt es wahrscheinlich eine genetische Anf\u00e4lligkeit f\u00fcr diese Symptome;<\/li><li>Psychologische Faktoren: Wenn man sich zum Beispiel Sorgen macht, dass die Kopfschmerzen von einem Hirntumor herr\u00fchren k\u00f6nnten, verschlimmern sich die Kopfschmerzen in der Regel und<\/li><li>Soziale Faktoren: Wenn Sie zum Beispiel keine Freude an Ihrer Arbeit haben und Ihr Chef Sie schlecht behandelt, f\u00fchlen Sie sich tendenziell schlechter.<\/li><\/ul>\n\n\n\n<p>Dies wird als &#8220;biopsyschosoziales Modell der Krankheit&#8221; bezeichnet. Es gilt nicht nur f\u00fcr funktionelle Symptome. Jede Krankheit hat eine psychologische und soziale Dimension. Ein MS-Patient, der sich ungl\u00fccklich f\u00fchlt oder viele Schulden hat, wird tendenziell schlimmere Symptome haben als ein Multiple-Sklerose-Patient, der nicht ungl\u00fccklich ist und keine anderen Lebensbelastungen hat.<\/p>\n\n\n\n<p>Unsere Modelle dar\u00fcber, warum Menschen funktionelle Symptome bekommen, sind unvollst\u00e4ndig. Viele der Faktoren, die relevant zu sein scheinen, sind auch f\u00fcr viele andere Symptome relevant.<\/p>\n\n\n\n<p>Es ist oft noch unklar, warum jemand mit diesen Schwachstellen zum Beispiel auf einer Seite schwach wird oder einen Tremor entwickelt.<\/p>\n\n\n\n<p>Ich habe auf den entsprechenden Seiten (<a href=\"http:\/\/www.neurosymptoms.org\/de_DE\/symptoms\/fnd-symptoms\/functional-limb-weakness\/\">siehe Schw\u00e4che<\/a><a href=\"\/symptoms\/fnd-symptoms\/functional-limb-weakness\/\" data-type=\"URL\" data-id=\"\/symptoms\/fnd-symptoms\/functional-limb-weakness\/\">, <\/a><a href=\"http:\/\/www.neurosymptoms.org\/de_DE\/symptoms\/fnd-symptoms\/functional-sensory-symptoms\/\">Sensibilit\u00e4tsst\u00f6rungen<\/a><a href=\"\/symptoms\/fnd-symptoms\/functional-limb-weakness\/\" data-type=\"URL\" data-id=\"\/symptoms\/fnd-symptoms\/functional-limb-weakness\/\">, <\/a><a href=\"http:\/\/www.neurosymptoms.org\/de_DE\/symptoms\/fnd-symptoms\/functional-dissociative-seizures\/\">Krampfanf\u00e4lle<\/a><a href=\"\/symptoms\/fnd-symptoms\/functional-limb-weakness\/\" data-type=\"URL\" data-id=\"\/symptoms\/fnd-symptoms\/functional-limb-weakness\/\">,<\/a><a href=\"http:\/\/www.neurosymptoms.org\/de_DE\/symptoms\/fnd-symptoms\/functional-movement-disorder\/\"> Bewegungsst\u00f6rungen<\/a>) einige \u00dcberlegungen dazu angestellt, warum diese einzelnen Symptome auftreten k\u00f6nnen.<\/p>\n\n\n\n<p>Die folgende&nbsp; TABELLE\/BILD&nbsp;zeigt einige Faktoren, die bei der Entwicklung funktioneller Symptome eine Rolle spielen k\u00f6nnen. Denken Sie aber daran, dass es bei den Menschen sehr unterschiedlich ist, wie viele dieser Faktoren von Bedeutung sind. F\u00fcr manche Menschen sind viele Faktoren von Bedeutung. F\u00fcr andere sind es nur ein oder zwei.<\/p>\n\n\n\n<p>Es muss betont werden:<\/p>\n\n\n\n<p>SIE M\u00dcSSEN NICHT GESTRESST, DEPRESSIV ODER \u00c4NGSTLICH SEIN, UM FUNKTIONELLE SYMPTOME ZU ENTWICKELN<\/p>\n\n\n\n<p>MAN MUSS KEINE SCHWIERIGE KINDHEIT ERLEBT HABEN, UM FUNKTIONELLE SYMPTOME ZU ENTWICKELN<\/p>\n\n\n\n<figure class=\"wp-block-image size-large is-resized\"><img loading=\"lazy\" src=\"https:\/\/pre-prod.neurosymptoms.org\/wp-content\/uploads\/2022\/06\/FNDbrainbubbles.png\" alt=\"\" class=\"wp-image-9527\" width=\"602\" height=\"452\" srcset=\"https:\/\/neurosymptoms.org\/wp-content\/uploads\/2022\/06\/FNDbrainbubbles.png 873w, https:\/\/neurosymptoms.org\/wp-content\/uploads\/2022\/06\/FNDbrainbubbles-300x225.png 300w, https:\/\/neurosymptoms.org\/wp-content\/uploads\/2022\/06\/FNDbrainbubbles-768x577.png 768w\" sizes=\"(max-width: 602px) 100vw, 602px\" \/><\/figure>\n\n\n\n<p>Ein Modell, wie verschiedene Risikofaktoren zu FND f\u00fchren und es aufrechterhalten &#8211; eine St\u00f6rung, die sich im Gehirn abspielt<\/p>\n\n\n\n<p>Schauen wir uns einige dieser Faktoren genauer an<\/p>\n\n\n\n<h3><strong>Pr\u00e4disponierende Faktoren<\/strong><\/h3>\n\n\n\n<p>Aus Studien wissen wir, dass bei Menschen mit FND die Wahrscheinlichkeit, in der Kindheit oder im Erwachsenenalter negative Erfahrungen wie k\u00f6rperlicher oder sexueller Missbrauch gemacht zu haben, 2-4 Mal h\u00f6her ist. Das bedeutet immer noch, dass die meisten solche Erfahrungen nicht gemacht haben. Aber wie kann das jemanden anf\u00e4lliger f\u00fcr FND machen? Daf\u00fcr gibt es wahrscheinlich eine Reihe von Gr\u00fcnden<\/p>\n\n\n\n<ul><li>Schlechte Erfahrungen sensibilisieren die &#8220;Kampf-oder-Flucht&#8221;-Reaktion, so dass sie sp\u00e4ter im Leben leichter &#8220;Alarm schl\u00e4gt&#8221;, selbst wenn es sich nur um eine kleine Verletzung oder Krankheit handelt.<\/li><li>Verletzungen und Misshandlungen f\u00f6rdern die Tendenz zur &#8220;Dissoziation&#8221; als Reaktion auf schreckliche, bedrohliche und schmerzhafte Erfahrungen. Dieses &#8220;Muster&#8221; kann sp\u00e4ter im Leben wieder aktiviert werden, wenn es eine weitere bedrohliche Erfahrungen gibt<\/li><\/ul>\n\n\n\n<p>Wenn Sie in der Vergangenheit eine schlimme Erfahrung gemacht haben, haben Sie vielleicht das hoffnungslose Gef\u00fchl, dass der &#8220;Schaden bereits angerichtet&#8221; ist. Dies ist jedoch nicht der Fall! Eine Behandlung kann dazu beitragen, diese Faktoren zu untersuchen, wenn sie vorhanden sind, und Ihnen dabei helfen, langj\u00e4hrig verfestigte Reaktionsmuster neu zu &#8220;trainieren&#8221; bzw. &#8220;umzuschreiben&#8221;. Dies kann Ihnen helfen, mit dem Geschehenen zurechtzukommen, aber auch mit den &#8220;Bedrohungen&#8221; f\u00fcr Ihren K\u00f6rper leichter umzugehen.<\/p>\n\n\n\n<p>Andere pr\u00e4disponierende Faktoren sind jedoch ebenso wichtig. H\u00e4ufige k\u00f6rperliche Erkrankungen wie Migr\u00e4ne\/Migr\u00e4neaura oder das Hypermobilit\u00e4tssyndrom der Gelenke\/Ehlers Danlos Typ 3 scheinen das Risiko zu erh\u00f6hen, dass Menschen an FND erkranken. Tats\u00e4chlich sind andere medizinische Erkrankungen einer der h\u00e4ufigsten Risikofaktoren f\u00fcr FND.<\/p>\n\n\n\n<p>Es gibt Hinweise darauf, dass Menschen mit FND eher zwanghaft veranlagt sind, was sie zu gewissenhaften, detailorientierten Arbeitern macht, die dann aber auch nicht gut loslassen k\u00f6nnen, wenn sich ein abnormales Programm als Teil von FND in ihrem Gehirn festsetzt. Dies kann auch mit der Tendenz zusammenh\u00e4ngen, &#8220;immer auf dem Sprung&#8221; bzw. &#8220;immer in Bewegung&#8221; zu sein. Menschen, die &#8220;immer auf dem Sprung&#8221; sind, k\u00f6nnen oft nicht gut damit umgehen, wenn sie eine kleine Krankheit haben, oder sie haben vielleicht nicht erkannt, dass sie sich selbst ausbeuten. Dies ist manchmal ein Grund, warum sie zusammenbrechen.<\/p>\n\n\n\n<h3><strong>Ausl\u00f6sende Faktoren\/Trigger<\/strong><\/h3>\n\n\n\n<p>An mehreren Stellen dieser Website habe ich die Arten von ausl\u00f6senden Faktoren er\u00f6rtert, die bei FND eine Rolle spielen k\u00f6nnen. Zum Beispiel<\/p>\n\n\n\n<ul><li>Gliedma\u00dfenverletzungen, die eine FND-Schw\u00e4che ausl\u00f6sen<\/li><li>Ohnmachtsanf\u00e4lle oder Panikattacken als Ausl\u00f6ser f\u00fcr funktionelle Krampfanf\u00e4lle<\/li><li>Nebenwirkungen von Medikamenten<\/li><li>Anhaltende M\u00fcdigkeit<\/li><li>Migr\u00e4ne bzw. Migr\u00e4neaura<\/li><li>Infekti\u00f6se Krankheit<\/li><li>Extremer Stress<\/li><\/ul>\n\n\n\n<h3><strong>Krankheitserhaltende&nbsp;bzw. verst\u00e4rkende&nbsp;Faktoren<\/strong><\/h3>\n\n\n\n<p>Das sind all die Dinge, die eine einmal eingetretene Krankheit immer weiter verschlimmern, zum Beispiel<\/p>\n\n\n\n<ul><li>Keine Diagnose erhalten<\/li><li>Wenn einem von Angeh\u00f6rigen der Gesundheitsberufe oder Freunden und Familie nicht geglaubt wird<\/li><li>Die Einnahme starker Medikamente wie Opiate, welche FND verschlimmern k\u00f6nnen<\/li><li>Depressionen oder \u00c4ngste in Bezug auf die Situation, in der Sie sich befinden<\/li><\/ul>\n\n\n\n<p>Lesen Sie hier <a href=\"http:\/\/www.neurosymptoms.org\/de_DE\/treatment\/\">Therapien\/Behandlung<\/a> was Sie dagegen tun k\u00f6nnen. Hier geht es zu individuellen <span style=\"text-decoration: underline;\"><a href=\"http:\/\/www.neurosymptoms.org\/de_DE\/stories\/\">F\u00e4llen.<\/a><\/span>  <\/p>\n","protected":false},"excerpt":{"rendered":"<p>There are many potential reasons why an individual can become vulnerable to FND<\/p>\n","protected":false},"author":65,"featured_media":0,"parent":1010,"menu_order":156,"comment_status":"closed","ping_status":"closed","template":"page-template\/symptom-details-page-template.php","meta":[],"_links":{"self":[{"href":"https:\/\/neurosymptoms.org\/de_DE\/wp-json\/wp\/v2\/pages\/621"}],"collection":[{"href":"https:\/\/neurosymptoms.org\/de_DE\/wp-json\/wp\/v2\/pages"}],"about":[{"href":"https:\/\/neurosymptoms.org\/de_DE\/wp-json\/wp\/v2\/types\/page"}],"author":[{"embeddable":true,"href":"https:\/\/neurosymptoms.org\/de_DE\/wp-json\/wp\/v2\/users\/65"}],"replies":[{"embeddable":true,"href":"https:\/\/neurosymptoms.org\/de_DE\/wp-json\/wp\/v2\/comments?post=621"}],"version-history":[{"count":189,"href":"https:\/\/neurosymptoms.org\/de_DE\/wp-json\/wp\/v2\/pages\/621\/revisions"}],"predecessor-version":[{"id":15587,"href":"https:\/\/neurosymptoms.org\/de_DE\/wp-json\/wp\/v2\/pages\/621\/revisions\/15587"}],"up":[{"embeddable":true,"href":"https:\/\/neurosymptoms.org\/de_DE\/wp-json\/wp\/v2\/pages\/1010"}],"wp:attachment":[{"href":"https:\/\/neurosymptoms.org\/de_DE\/wp-json\/wp\/v2\/media?parent=621"}],"curies":[{"name":"wp","href":"https:\/\/api.w.org\/{rel}","templated":true}]}}