{"id":616,"date":"2020-11-06T17:36:02","date_gmt":"2020-11-06T17:36:02","guid":{"rendered":"https:\/\/ftd.cognihealth.in\/?page_id=616"},"modified":"2025-09-06T10:10:38","modified_gmt":"2025-09-06T10:10:38","slug":"how-was-it-happened","status":"publish","type":"page","link":"https:\/\/neurosymptoms.org\/de_DE\/causes\/how-was-it-happened\/","title":{"rendered":"Wie ist es dazu gekommen?"},"content":{"rendered":"\n<p>Es ist nat\u00fcrlich, dass die Frage &#8220;Warum ist es passiert?&#8221; ein Problem darstellt.<\/p>\n\n\n\n<p>Bei funktionellen Beschwerden ist es aber wichtig die Fragen &#8220;<a href=\"http:\/\/www.neurosymptoms.org\/de_DE\/causes\/why-has-it-happened\/\">Warum ist es passiert<\/a>?&#8221; und &#8220;Welches Problem in meinem K\u00f6rper verursacht diese Beschwerden?&#8221; nicht zu verwechseln.<\/p>\n\n\n\n<p>Dies sind zwei getrennte Fragen mit unterschiedlichen Antworten.<\/p>\n\n\n\n<h3>Wie ist es dazu gekommen?&#8230;&#8230;.<\/h3>\n\n\n\n<p>Beginnen wir mit der zweiten Frage &#8211; &#8220;Welches Problem in meinem K\u00f6rper verursacht diese Beschwerden?&#8221; oder &#8220;Wie treten diese Beschwerden auf?&#8221;<\/p>\n\n\n\n<p>Prinzipiell gilt f\u00fcr alle funktionellen Beschwerden, die auf dieser Internetseite beschrieben werden, dass es ein Problem in der Funktion des Nervensystems gibt.<\/p>\n\n\n\n<p>F\u00fcr Symptome wie&nbsp;<a href=\"http:\/\/www.neurosymptoms.org\/de_DE\/symptoms\/fnd-symptoms\/functional-limb-weakness\/\">L\u00e4hmung<\/a>&nbsp;und&nbsp;<a href=\"http:\/\/www.neurosymptoms.org\/de_DE\/symptoms\/fnd-symptoms\/functional-movement-disorder\/\">Bewegungsst\u00f6rungen<\/a>&nbsp;gilt, dass es ein Problem in der \u00dcbertragung von Signalen vom Gehirn an den K\u00f6rper gibt.<\/p>\n\n\n\n<p>F\u00fcr Symptome wie&nbsp;<a href=\"http:\/\/www.neurosymptoms.org\/de_DE\/symptoms\/fnd-symptoms\/functional-sensory-symptoms\/\">Taubheitsgef\u00fchl<\/a>&nbsp;oder&nbsp;<a href=\"http:\/\/www.neurosymptoms.org\/de_DE\/symptoms\/common-associated-symptoms\/pain\/\">Schmerz<\/a>&nbsp;gilt, dass es ein Problem im Gehirn mit dem Empfang von Signalen des eigenen K\u00f6rpers gibt.<\/p>\n\n\n\n<p>Bei <a href=\"http:\/\/www.neurosymptoms.org\/de_DE\/symptoms\/fnd-symptoms\/functional-dissociative-seizures\/\">dissoziativen Anf\u00e4llen<\/a>&nbsp;oder&nbsp;<a href=\"http:\/\/www.neurosymptoms.org\/de_DE\/symptoms\/common-associated-symptoms\/dissoziative-symptome\/\">dissoziativen<\/a> Symptomen ist das Gehirn in einem Trance-artigen Zustand, ein bisschen \u00e4hnlich wie bei Hypnose.<\/p>\n\n\n\n<p>Wir beginnen gerade die Komplexit\u00e4t der Fehlfunktion des Nervensystems von Patienten mit funktionellen Beschwerden, vor allem <a href=\"http:\/\/www.neurosymptoms.org\/de_DE\/symptoms\/common-associated-symptoms\/pain\/\">chronischem Schmerz<\/a>, zu verstehen.<\/p>\n\n\n\n<p>Mittels funktioneller Bildgebung des Gehirns kann gezeigt werden, welche Teile des Gehirns w\u00e4hrend dem Auftreten von Beschwerden aktiviert oder zu wenig aktiviert sind. Das Bild unten zeigt zum Beispiel Ver\u00e4nderungen im Gehirn von Patienten mit funktioneller L\u00e4hmung.<\/p>\n\n\n\n<div class=\"wp-block-image\"><figure class=\"aligncenter size-large\"><img loading=\"lazy\" width=\"249\" height=\"234\" src=\"https:\/\/pre-prod.neurosymptoms.org\/wp-content\/uploads\/2020\/11\/Not-Imagined-1.jpg\" alt=\"\" class=\"wp-image-617\"\/><figcaption>Das Areal in Gelb ist inaktiv bei Patienten mit FND betreffend die andere K\u00f6rperh\u00e4lfte. Vuilleumier P, et al. Brain 2001; 124: 1077\u20131090.<\/figcaption><\/figure><\/div>\n\n\n\n<p>Wir wissen, dass es bei chronischen&nbsp;Schmerzen&nbsp;zu einer Vielzahl von Ver\u00e4nderungen am Nervensystem kommt. Diese k\u00f6nnen jedoch nicht mit gew\u00f6hnlichen bildgebenden Untersuchungen dargestellt werden. Sie betreffen Nervenendigungen, R\u00fcckenmark und vor allem auch das Gehirn.<\/p>\n\n\n\n<p>Eine Reihe von Prozessen im Nervensystem funktioniert wie kleine Lautst\u00e4rkenregler. Wenn jemand chronische Schmerzen hat, werden diese Lautst\u00e4rkenregler aufgedreht, was wiederum die Schmerzwahrnehmung verst\u00e4rkt.<\/p>\n\n\n\n<p>Obwohl viele im Nervensystem ablaufende und in Folge funktionelle Symptome verursachende Prozesse nach wie vor unbekannt sind, handelt es sich nicht mehr um ein vollkommenes Mysterium.<\/p>\n\n\n\n<p>Bei vielen anderen neurologischen Erkrankungen kann man sehen wo das Problem liegt, entweder in einer bildgebenden Gehirn-Untersuchung (wie bei Multipler Sklerose) oder im Mikroskop (wie bei der Parkinson-Krankheit).<\/p>\n\n\n\n<p>Patienten mit funktionellen Symptomen haben keine Struktur-Sch\u00e4digung des Nervensystems und so ist es auch nicht \u00fcberraschend, dass man keine Abnormalit\u00e4t bei einer bildgebenden Untersuchung des Gehirns finden kann. Stattdessen funktioniert\/ arbeitet das Nervensystem nicht korrekt.<\/p>\n\n\n\n<p>W\u00e4re man ein Computer, dann w\u00fcrde man an einem Software-Problem statt an einem Hardware-Problem leiden. Wenn sie einen Software-Fehler auf Ihrem Computer haben, k\u00f6nnte dieser immer wieder abst\u00fcrzen oder extrem langsam arbeiten. &nbsp;Sie k\u00f6nnten das Problem jedoch nicht l\u00f6sen, indem Sie den Computer zerlegen und seine Einzelteile genau anschauen. Sie w\u00fcrden auch nichts Abnormales sehen, wenn Sie ein R\u00f6ntgen des Computers anfertigen.<\/p>\n\n\n\n<p>Das Problem kann nur durch Eruierung des fehlerhaften Programms beziehungsweise neue Programmierung des Computers behoben werden.<\/p>\n\n\n\n<p>Selbverst\u00e4ndlich sind Menschen viel komplexer und komplizierter als Computer. Unsere Gedanken, Verhaltensweisen, Empfindungen und Gef\u00fchle sind unsere &#8220;Programme&#8221;.<\/p>\n\n\n\n<p>Dies f\u00fchrt uns zum n\u00e4chsten Kapitel. Hier wird beschrieben, welche Dinge einen Menschen anf\u00e4llig\/vulnerabel f\u00fcr funktionelle Beschwerden machen k\u00f6nnten&#8230;&#8230;..<\/p>\n","protected":false},"excerpt":{"rendered":"<p>Die einfache Antwort auf diese Frage ist, dass ein Problem in der Funktion des Nervensystems besteht.<\/p>\n","protected":false},"author":65,"featured_media":0,"parent":1010,"menu_order":155,"comment_status":"closed","ping_status":"closed","template":"page-template\/symptom-details-page-template.php","meta":[],"_links":{"self":[{"href":"https:\/\/neurosymptoms.org\/de_DE\/wp-json\/wp\/v2\/pages\/616"}],"collection":[{"href":"https:\/\/neurosymptoms.org\/de_DE\/wp-json\/wp\/v2\/pages"}],"about":[{"href":"https:\/\/neurosymptoms.org\/de_DE\/wp-json\/wp\/v2\/types\/page"}],"author":[{"embeddable":true,"href":"https:\/\/neurosymptoms.org\/de_DE\/wp-json\/wp\/v2\/users\/65"}],"replies":[{"embeddable":true,"href":"https:\/\/neurosymptoms.org\/de_DE\/wp-json\/wp\/v2\/comments?post=616"}],"version-history":[{"count":228,"href":"https:\/\/neurosymptoms.org\/de_DE\/wp-json\/wp\/v2\/pages\/616\/revisions"}],"predecessor-version":[{"id":15789,"href":"https:\/\/neurosymptoms.org\/de_DE\/wp-json\/wp\/v2\/pages\/616\/revisions\/15789"}],"up":[{"embeddable":true,"href":"https:\/\/neurosymptoms.org\/de_DE\/wp-json\/wp\/v2\/pages\/1010"}],"wp:attachment":[{"href":"https:\/\/neurosymptoms.org\/de_DE\/wp-json\/wp\/v2\/media?parent=616"}],"curies":[{"name":"wp","href":"https:\/\/api.w.org\/{rel}","templated":true}]}}