{"id":611,"date":"2020-11-30T16:10:36","date_gmt":"2020-11-30T16:10:36","guid":{"rendered":"https:\/\/ftd.cognihealth.in\/?page_id=611"},"modified":"2024-11-01T03:39:37","modified_gmt":"2024-11-01T03:39:37","slug":"ibs-chest-and-other-symptoms","status":"publish","type":"page","link":"https:\/\/neurosymptoms.org\/de_DE\/symptoms\/common-associated-symptoms\/ibs-chest-and-other-symptoms\/","title":{"rendered":"Andere funktionelle Symptome"},"content":{"rendered":"\n<p>Studien haben gezeigt, dass Patienten mit funktionellen Symptomen h\u00e4ufiger funktionelle Symptome auch an anderen Stellen des K\u00f6rpers erfahren.<\/p>\n\n\n\n<p>Diese k\u00f6nnen beinhalten:<\/p>\n\n\n\n<p>Reizdarmsyndrom<\/p>\n\n\n\n<p>Unerkl\u00e4rbares Sodbrennen und Verdauungsst\u00f6rungen(funktionelle Dyspepsie)<\/p>\n\n\n\n<p>Fibromyalgie (siehe&nbsp;<a href=\"http:\/\/www.neurosymptome.org\/schmerzen\/4573136090\">S<\/a>chmerzen)<\/p>\n\n\n\n<p>Kiefergelenksfehlfunktion<\/p>\n\n\n\n<p>Atypischer Gesichtsschmerz<\/p>\n\n\n\n<p>Flankenschmerz-H\u00e4maturie-Syndrom<\/p>\n\n\n\n<p>Chronische nichterkl\u00e4rbare Ersch\u00f6pfungszust\u00e4nde (siehe&nbsp;<a href=\"http:\/\/www.neurosymptome.org\/erschepfungszustande\/4573136089\">E<\/a>rsch\u00f6pfungszust\u00e4nde)<\/p>\n\n\n\n<p>Chronische Unterleibsbeschwerden\/ schmerzhafte starke Periode<\/p>\n\n\n\n<p>Atypischer Brustschmerz<\/p>\n\n\n\n<p>Chronische Hyperventilation<\/p>\n\n\n\n<p>Dies reflektiert manchmal eine sehr lang bestehende Anf\u00e4lligkeit f\u00fcr solche Symptome, mit unterschiedlicher Symptomatik, die seit dem sp\u00e4ten Teenageralter\/fr\u00fchen Zwanzigern kommt und geht.<\/p>\n\n\n\n<p>Es ist nicht immer so. Sie k\u00f6nnen jedes auf dieser Homepage beschriebene, funktionelle Symptom allein haben oder Sie k\u00f6nnen bis zum 40. oder 50. Lebensjahr v\u00f6llig gesund sein und dann eine Reihe von funktionellen Symptomen bekommen, auch wenn Sie sie niemals zuvor hatten.<\/p>\n\n\n\n<p>Wenn Sie mit vielen verschiedenen wahrhaft versp\u00fcrten Symptomen Ihren praktischen Arzt oder Facharzt konsultieren und &#8220;nichts herauskommt&#8221;, kann es jedoch sehr hilfreich sein zu erkennen, dass Sie nicht alleine sind und diese Krankheitsmuster gut bekannt sind. Sie finden mehr Diskussion dar\u00fcber in &#8220;Eingebildet?&#8221;.<\/p>\n\n\n\n<p>Reizdarmsyndrom<\/p>\n\n\n\n<p>Dieses h\u00e4ufige Syndrom pr\u00e4sentiert sich normalerweise mit aufgebl\u00e4htem Bauch, Schmerzen, verbunden mit Verstopfung und\/oder Durchfall. Zusammen mit anderen funktionellen Bauchbeschwerden stellt es ein Drittel bis die H\u00e4lfte aller Patienten in einer gastroenterologischen Ambulanz dar. So wie bei funktionellen neurologischen Symptomen gibt es keinen organischen Krankheitsprozess, der die Symptome verursachen w\u00fcrde. Gastroenterologen sehen das Reizdarmsyndrom als ein ernstzunehmendes Problem an, welches durch eine St\u00f6rung in der Funktion des Verdauungssystems verursacht wird. &nbsp;Das Hauptaugenmerk bei dieser Erkrankung wurde auf St\u00f6rungen in der Kontrolle der Verdauung durch das Nervensystem (einschlie\u00dflich Gehirn) gelegt.<\/p>\n\n\n\n<p>Das Reizdarmsyndrom wird von gastroenterologischen Spezialisten folgenderma\u00dfen definiert:<\/p>\n\n\n\n<p>Mindestens 3 Monate andauernde, mit Beginn mindestens vor 6 Monaten mit wiederkehrenden Bauchschmerzen oder Unwohlsein*, verbunden mit 2 oder mehr der folgenden Symptome:<\/p>\n\n\n\n<p>\u2022 Verbesserung durch Stuhlabgang; und\/oder<\/p>\n\n\n\n<p>\u2022 Beginn assoziiert mit Ver\u00e4nderung der Stuhlfrequenz; und\/oder<\/p>\n\n\n\n<p>\u2022 Beginn assoziiert mit Ver\u00e4nderung der Stuhlkonsistenz<\/p>\n\n\n\n<p>*Unwohlsein bedeutet ein unangenehmes Gef\u00fchl, welches nicht als Schmerz beschrieben wird.<\/p>\n\n\n\n<p>Funktionelle Dyspepsie<\/p>\n\n\n\n<p>Patienten haben Sodbrennen oder Verdauungsst\u00f6rungen, mittels Endoskopie oder anderen Tests kann jedoch nichts gefunden werden, was die Beschwerden erkl\u00e4ren k\u00f6nnte. Funktionelle Dyspepsie wird von Gastroenterologen folgenderma\u00dfen definiert:<\/p>\n\n\n\n<p>Mindestens 3 Monate andauernd, mit Beginn vor mindestens 6 Monaten, 1 oder mehr der folgenden Beschwerden:<\/p>\n\n\n\n<p>\u2022 St\u00f6rendes V\u00f6llegef\u00fchl nach dem Essen<\/p>\n\n\n\n<p>\u2022 Fr\u00fches S\u00e4ttigungsgef\u00fchl<\/p>\n\n\n\n<p>\u2022 Magenschmerzen<\/p>\n\n\n\n<p>\u2022 Magenbrennen und<\/p>\n\n\n\n<p>\u2022 Kein Hinweis auf eine zugrundeliegende Sch\u00e4digung (einschlie\u00dflich bei Magenspiegelung), welche die Symptome erkl\u00e4ren k\u00f6nnte.<\/p>\n\n\n\n<p>Chronische Unterbauchbeschwerden\/ schmerzhafte starke Periode<\/p>\n\n\n\n<p>Bei Frauen mit funktionellen neurologischen Symptomen findet sich ein auff\u00e4llig geh\u00e4uftes Auftreten von vorangegangenen gyn\u00e4kologischen Problemen. Das k\u00f6nnen sein:<\/p>\n\n\n\n<p>\u2022 verst\u00e4rkte Menstruationsschmerzen<\/p>\n\n\n\n<p>\u2022 verst\u00e4rkte Regelblutung<\/p>\n\n\n\n<p>\u2022 Chronische Unterleibsbeschwerden<\/p>\n\n\n\n<p>Als Folge dieser Beschwerden kommt es zu einer h\u00f6heren Rate an Hysterektomien (Entfernung der Geb\u00e4rmutter) bei Patientinnen mit funktionellen Beschwerden als in der Normalbev\u00f6lkerung.<\/p>\n\n\n\n<p>Obwohl eine klare Assoziation &nbsp;mit diesen gyn\u00e4kologischen Problemen besteht, ist dennoch unbekannt, was dem zugrundeliegt. Eine Anf\u00e4lligkeit f\u00fcr Schmerzen und Schmerzsyndrome scheint wichtig zu sein.<\/p>\n\n\n\n<p>Die wichtigste Schlussfolgerung aus allem ist, dass Ihre gyn\u00e4kologischen Probleme und jetzt funktionellen neurologischen Symptome zusammenh\u00e4ngen k\u00f6nnen.<\/p>\n\n\n\n<p>M\u00e4nner mit funktionellen neurologischen Symptomen neigen mehr dazu, Hodenschmerzen zu entwickeln, die Literatur dar\u00fcber ist jedoch nicht so umfangreich.<\/p>\n\n\n\n<p>Atypischer Brustschmerz<\/p>\n\n\n\n<p>Wenn Patienten sich damit in einer internistischen Ambulanz pr\u00e4sentieren, zeigt ein Drittel der Patienten keinen Hinweis f\u00fcr eine Erkrankung der Herzkranzgef\u00e4sse, Magen\/Speiser\u00f6hre oder eine andere Ursache der Schmerzen. Der Schmerz ist dennoch real, kann wiederkehrend auftreten und sehr be\u00e4ngstigend sein, da er wie ein Symptom der Angina pectoris oder ein Herzinfarkt wirkt.<\/p>\n\n\n\n<p>Dieses Erscheinungbild wird oft &#8220;atypischer Brustschmerz&#8221; genannt und stellt ein weiteres funktionelles Symptom betreffend die Brust dar (siehe &#8220;Schmerzen&#8221;). Schmerzen in der Brust sind ein Alarmsignal. Alarm auch im Sinne &nbsp;einer schweren Angstattacke (Panikattacke) verursacht ein Gef\u00fchl der Enge in der Brust. Es ist daher leicht verst\u00e4ndlich, dass diese beiden Situationen sich in einem Teufelskreis gegenseitig verst\u00e4rken k\u00f6nnen.<\/p>\n\n\n\n<p>Es ist wichtig zu erkennen, dass viele Menschen mit atypischem Brustschmerz nicht \u00e4ngstlich sind und nicht in Panik geraten.<\/p>\n\n\n\n<p>Chronische Hyperventilation<\/p>\n\n\n\n<p>Menschen, die chronisch hyperventilieren (zu schnell und\/oder zu tief atmen), k\u00f6nnen eine Reihe von neurologischen Beschwerden wie Benommenheitsgef\u00fchl, Kribbelgef\u00fchle, M\u00fcdigkeit oder Atemlosigkeit haben. Die Patienten k\u00f6nnen einen erniedrigten Kohlendioxidgehalt im Blut bekommen, dies wiederum verschlechtert die Symptome durch k\u00f6rpereigene Regelkreise.<\/p>\n\n\n\n<p>Typischerweise ist Hyperventilation eher Teil eines Symptomenkomplexes als Ursache. Nichtsdestoweniger kann eine Behandlung, die das Atmen verbessert, sogenannte Atemschulung, sehr hilfreich sein, auch die anderen Symptome zu verbessern.<\/p>\n","protected":false},"excerpt":{"rendered":"<p>Irritable bowel syndrome, functional dyspepsia, atypical chest pain and dysfunctional breathing are all examples of other functional symptoms and disorders <\/p>\n","protected":false},"author":65,"featured_media":0,"parent":939,"menu_order":277,"comment_status":"closed","ping_status":"closed","template":"page-template\/symptom-details-page-template.php","meta":[],"_links":{"self":[{"href":"https:\/\/neurosymptoms.org\/de_DE\/wp-json\/wp\/v2\/pages\/611"}],"collection":[{"href":"https:\/\/neurosymptoms.org\/de_DE\/wp-json\/wp\/v2\/pages"}],"about":[{"href":"https:\/\/neurosymptoms.org\/de_DE\/wp-json\/wp\/v2\/types\/page"}],"author":[{"embeddable":true,"href":"https:\/\/neurosymptoms.org\/de_DE\/wp-json\/wp\/v2\/users\/65"}],"replies":[{"embeddable":true,"href":"https:\/\/neurosymptoms.org\/de_DE\/wp-json\/wp\/v2\/comments?post=611"}],"version-history":[{"count":131,"href":"https:\/\/neurosymptoms.org\/de_DE\/wp-json\/wp\/v2\/pages\/611\/revisions"}],"predecessor-version":[{"id":15602,"href":"https:\/\/neurosymptoms.org\/de_DE\/wp-json\/wp\/v2\/pages\/611\/revisions\/15602"}],"up":[{"embeddable":true,"href":"https:\/\/neurosymptoms.org\/de_DE\/wp-json\/wp\/v2\/pages\/939"}],"wp:attachment":[{"href":"https:\/\/neurosymptoms.org\/de_DE\/wp-json\/wp\/v2\/media?parent=611"}],"curies":[{"name":"wp","href":"https:\/\/api.w.org\/{rel}","templated":true}]}}