{"id":600,"date":"2020-11-30T15:53:53","date_gmt":"2020-11-30T15:53:53","guid":{"rendered":"https:\/\/ftd.cognihealth.in\/?page_id=600"},"modified":"2025-05-11T12:16:32","modified_gmt":"2025-05-11T12:16:32","slug":"health-anxiety","status":"publish","type":"page","link":"https:\/\/neurosymptoms.org\/de_DE\/symptoms\/common-associated-symptoms\/health-anxiety\/","title":{"rendered":"Angst vor Krankheit"},"content":{"rendered":"\n<p>Diese Seite besch\u00e4ftigt sich mit &#8216;&#8221;Angst vor Krankheit&#8221; ein wenig mehr. Vielleicht m\u00f6chten Sie auch mehr \u00fcber &#8220;Angst\/Panik&#8221; nachlesen.<\/p>\n\n\n\n<p>Die h\u00e4ufigste Ursache von &#8220;Besorgtheit\/Panik\/Angst&#8221; bei Patienten mit funktionellen Symptomen ist die Sorge \u00fcber die Symptome selbst. Wodurch sind sie verursacht? Warum glaubt mir keiner? Bin ich verr\u00fcckt? Ist es etwas Ernstes? Werde ich in Zukunft im Rollstuhl sitzen?<\/p>\n\n\n\n<p>Es ist verst\u00e4ndlich, dass Menschen mit solchen Symptomen diese Fragen stellen. &nbsp;Wenn Sie zum Arzt gehen hoffen Sie, eine Erkl\u00e4rung zu bekommen was mit Ihnen los ist.<\/p>\n\n\n\n<p>Schwierigkeiten k\u00f6nnen jedoch auftreten, wenn<\/p>\n\n\n\n<p>1.&nbsp;<strong>Der Arzt Ihnen keine gute Erkl\u00e4rung f\u00fcr die Beschwerden gibt<\/strong>. Er wird vielleicht sagen &#8220;es gibt nichts zu bef\u00fcrchten&#8221;, oder &#8220;die Beschwerden sind Stress-bedingt&#8221; (was vielleicht nicht wie eine gute Erkl\u00e4rung klingt, wenn Sie selbst nicht das Gef\u00fchl haben gestresst zu sein). Diese Art von Erkl\u00e4rungen hinterlassen beim Patienten das Gef\u00fchl nicht zu wissen, was mit ihnen los ist.<\/p>\n\n\n\n<p>2.&nbsp;<strong>Der Patient glaubt die Erkl\u00e4rung, die er bekommen hat nicht.<\/strong>&nbsp;Zum Beispiel kann ein Arzt einem Patienten erkl\u00e4ren, dass seine Kopfschmerzen durch Migr\u00e4ne oder Missbrauch von Schmerzmitteln versucht sind. Der Patient kann aber das Gef\u00fchl haben, dass seine Schmerzen daf\u00fcr viel zu schlimm sind und er daher zum Beispiel an einem Gehirntumor leiden k\u00f6nnte.<\/p>\n\n\n\n<p>3.&nbsp;<strong>Der Patient glaubt zuerst die Erkl\u00e4rung, dann aber treten irrationale \u00c4ngste auf.&nbsp;<\/strong>Einigen Patienten wird eine vern\u00fcnftige Erkl\u00e4rung f\u00fcr ihre Symptome gegeben und sie f\u00fchlen sich vor\u00fcbergehend auch beruhigt. Aber in der Regel h\u00e4lt das Gef\u00fchl der Beruhigung nur ein paar Tage an, bevor dann wieder Zweifel an der Diagnose aufkommen und all diese Fragen wieder von vorne beginnen.<\/p>\n\n\n\n<p>Normalerweise wissen Patienten, dass diese Sorgen \u00fcber die M\u00f6glichkeit einer ernsthaften Krankheit irrational sind, aber sie k\u00f6nnen sie nicht absch\u00fctteln. Sie sorgen sich zunehmend, was sein k\u00f6nnte, und beginnen verschiedene \u00c4rzte aufzusuchen, um Zweitmeinungen oder einfach nur Gewissheit zu erhalten. Sie beginnen vermehrt Notdienste oder Notaufnahmen aufzusuchen.<\/p>\n\n\n\n<p>Die inzwischen zunehmende Angst verst\u00e4rkt die Symptome noch weiter, in der Regel kommt es zu mehr Schwindel, Kopfschmerzen und M\u00fcdigkeit.<\/p>\n\n\n\n<p>Die verst\u00e4rkte Symptomatik treibt manche Patienten mithilfe des Internets zu Selbstdiagnosen. Das wirft neue und beunruhigende M\u00f6glichkeiten auf.<\/p>\n\n\n\n<p>Dieses letzte Szenario wird als Angst vor Krankheiten bezeichnet. Sie kommt sehr h\u00e4ufig vor, es ist aber f\u00fcr Patienten und \u00c4rzte schwierig, dar\u00fcber zu sprechen. Das Konzept, ein &#8220;Hypochonder&#8221; zu sein, wird in unserer Gesellschaft im allgemeinen bel\u00e4chelt.<\/p>\n\n\n\n<p>Angst vor Krankheiten zu haben, ist jedoch f\u00fcr die betroffenen Personen sehr belastend. &nbsp;Ihre Symptome f\u00fchlen sich sehr real an, und verursachen viele Probleme.<\/p>\n\n\n\n<p>Nur ein kleiner Anteil der Patienten mit funktionellen Symptomen hat gro\u00dfe Angst vor Krankheiten. Viel von dieser Angst, die \u00c4rzte ihren Patienten mit funktionellen Symptomen zuschreiben, r\u00fchrt daher, da\u00df diese niemals eine Erkl\u00e4rung f\u00fcr ihre Symptome erhalten haben (daher ist es nicht \u00fcberraschend, da\u00df die Patienten sich weiterhin dar\u00fcber \u00e4ngstigen).<\/p>\n\n\n\n<p>Behandlung<\/p>\n\n\n\n<p>Angst vor Krankheiten kann nur dann therapiert werden, wenn der Patient und der Arzt feststellen, dass sie vorhanden ist.<\/p>\n\n\n\n<p>Wenn einmal erkannt wird, dass dies der Fall ist, ist es wichtig, dass der Arzt nicht einfach nur beruhigt. Dies hat nur eine zeitlich begrenzte Wirkung und muss immer wiederholt werden.<\/p>\n\n\n\n<p>Der Patient sollte vom Arzt so \u00fcber seine Symptome aufgekl\u00e4rt werden, dass falsche beunruhigendere Erkl\u00e4rungen verdr\u00e4ngt werden.<\/p>\n\n\n\n<p>Der Patient sollte einverstanden sein, sich nicht auf Gesundheitsseiten im Internet oder in B\u00fcchern zu informieren, und keine medizinischen Zweitmeinungen einzuholen.<\/p>\n\n\n\n<p>Wenn der Patient einmal wei\u00df, worum es geht, kann Angst vor Krankheiten sich ziemlich deutlich und erfolgreich bessern. Es kann aber schwierig sein, dieses Stadium zu erreichen.<\/p>\n\n\n\n<p>Lesen Sie Ian&#8217;s Geschichte auf der&nbsp;Geschichten&nbsp;Seite \u00fcber eine Beschreibung, wie es ist, Angst vor Krankheiten zu haben.<\/p>\n\n\n\n<p>Radio 4 sendet ein&nbsp;<a href=\"https:\/\/www.bbc.co.uk\/programmes\/b00rbkyk\" target=\"_blank\" rel=\"noreferrer noopener\">Programm \u00fcber Angst vor Krankheiten<\/a>&nbsp;als Teil ihrer &#8220;Bin ich normal&#8221; Serie. Es beinhaltet gute Patientenerfahrungen und erkl\u00e4rt, was man machen kann, um die Angst zu mindern.<\/p>\n\n\n\n<p>Mehr Information findet man bei&nbsp;<a href=\"http:\/\/www.anxietyuk.org.uk\/condition_health.php\" target=\"_blank\" rel=\"noreferrer noopener\">Anxiety UK&nbsp;<\/a>&nbsp;und in einem ausgezeichneten&nbsp;Selbsthilfeprospekt Download&nbsp;vom Northumberland NHS Trust.<\/p>\n","protected":false},"excerpt":{"rendered":"<p>Health Anxiety describes relentless and distressing concern about health.<\/p>\n","protected":false},"author":65,"featured_media":1636,"parent":939,"menu_order":274,"comment_status":"closed","ping_status":"closed","template":"page-template\/symptom-details-page-template.php","meta":[],"_links":{"self":[{"href":"https:\/\/neurosymptoms.org\/de_DE\/wp-json\/wp\/v2\/pages\/600"}],"collection":[{"href":"https:\/\/neurosymptoms.org\/de_DE\/wp-json\/wp\/v2\/pages"}],"about":[{"href":"https:\/\/neurosymptoms.org\/de_DE\/wp-json\/wp\/v2\/types\/page"}],"author":[{"embeddable":true,"href":"https:\/\/neurosymptoms.org\/de_DE\/wp-json\/wp\/v2\/users\/65"}],"replies":[{"embeddable":true,"href":"https:\/\/neurosymptoms.org\/de_DE\/wp-json\/wp\/v2\/comments?post=600"}],"version-history":[{"count":94,"href":"https:\/\/neurosymptoms.org\/de_DE\/wp-json\/wp\/v2\/pages\/600\/revisions"}],"predecessor-version":[{"id":15700,"href":"https:\/\/neurosymptoms.org\/de_DE\/wp-json\/wp\/v2\/pages\/600\/revisions\/15700"}],"up":[{"embeddable":true,"href":"https:\/\/neurosymptoms.org\/de_DE\/wp-json\/wp\/v2\/pages\/939"}],"wp:featuredmedia":[{"embeddable":true,"href":"https:\/\/neurosymptoms.org\/de_DE\/wp-json\/wp\/v2\/media\/1636"}],"wp:attachment":[{"href":"https:\/\/neurosymptoms.org\/de_DE\/wp-json\/wp\/v2\/media?parent=600"}],"curies":[{"name":"wp","href":"https:\/\/api.w.org\/{rel}","templated":true}]}}