{"id":596,"date":"2020-11-30T15:10:22","date_gmt":"2020-11-30T15:10:22","guid":{"rendered":"https:\/\/ftd.cognihealth.in\/?page_id=596"},"modified":"2025-05-30T10:31:28","modified_gmt":"2025-05-30T10:31:28","slug":"bladder-symptoms-and-fnd","status":"publish","type":"page","link":"https:\/\/neurosymptoms.org\/de_DE\/symptoms\/fnd-symptoms\/bladder-symptoms-and-fnd\/","title":{"rendered":"Blasensymptome und FNS"},"content":{"rendered":"\n<p>Beschwerden der Harnblase treten manchmal gemeinsam mit anderen funktionellen Symptomen, z.B. mit R\u00fcckenschmerzen <\/p>\n\n\n\n<p>Blasensymptome treten manchmal zusammen mit anderen funktionellen Symptomen auf, insbesondere mit R\u00fcckenschmerzen. H\u00e4ufige Symptome sind:<\/p>\n\n\n\n<p>&#8211; Unregelm\u00e4\u00dfiger Harndrang (h\u00e4ufiger Gang zur Toilette)<\/p>\n\n\n\n<p>&#8211; Harndrang (man muss sich beeilen, um dorthin zu gelangen)<\/p>\n\n\n\n<p>&#8211; Gelegentliche Unf\u00e4lle<\/p>\n\n\n\n<p>&#8211; Blasenentleerungsst\u00f6rungen (Probleme beim Wasserlassen oder Unverm\u00f6gen, \u00fcberhaupt zu urinieren)<\/p>\n\n\n\n<p>Wie bei allen funktionellen Symptomen ist es von entscheidender Bedeutung, dass solche Symptome richtig beurteilt werden. Oft ist es notwendig, dass ein Urologe die Blasensymptome zusammen mit einem Neurologen beurteilt, um festzustellen, ob es Hinweise auf ein strukturelles Problem oder eine andere neurologische Erkrankung gibt, die die Symptome verursacht.<\/p>\n\n\n\n<p>Dennoch ist es gar nicht so ungew\u00f6hnlich, dass jemand Blasenbeschwerden hat, f\u00fcr die es keine eindeutige Krankheitserkl\u00e4rung gibt.<\/p>\n\n\n\n<p>H\u00e4ufig deuten Untersuchungen auf eine <strong>Detrusorinstabilit\u00e4t<\/strong>, ein <strong>\u00fcberaktives Blasensyndrom <\/strong>oder eine <strong>Reizblase hin<\/strong>. In diesem Fall ist der Blasenmuskel ungew\u00f6hnlich aktiv, was zu einem h\u00e4ufigen und schnellen Harndrang f\u00fchrt.<\/p>\n\n\n\n<p>Dieses Problem ist das Pendant der Blase zum Reizdarmsyndrom. Es handelt sich um eine echte Erkrankung, die jedoch nicht auf eine definierbare Pathologie zur\u00fcckzuf\u00fchren ist. Stattdessen scheint es sich um ein Problem zu handeln, das mit der nervlichen Steuerung der Blase zu tun hat.<\/p>\n\n\n\n<p>Es ist vielleicht nicht schwer zu verstehen, warum Detrusorinstabilit\u00e4t\/Reizblasensymptome manchmal zusammen mit funktionellen Symptomen in den Beinen auftreten. Wenn jemand eine funktionelle Schw\u00e4che in den Beinen hat, dann ist auch das ein Problem mit der nervlichen Kontrolle.<\/p>\n\n\n\n<h2>Chronischer Harnverhalt<\/h2>\n\n\n\n<p>Von chronischem Harnverhalt spricht man, wenn sich die Blase f\u00fcllt und man gar keinen oder nur wenig Urin absetzen kann, so dass viel Harn in der Blase zur\u00fcckbleibt.<\/p>\n\n\n\n<p>Es gibt viele Ursachen f\u00fcr chronischen Harnverhalt, z. B. Probleme mit der Prostata bei M\u00e4nnern oder eine Verengung der Harnr\u00f6hre, die beide den Urinabfluss aus der Blase behindern. Au\u00dferdem k\u00f6nnen neurologische Erkrankungen, die das R\u00fcckenmark betreffen, eine L\u00e4hmung der Blase verursachen.<\/p>\n\n\n\n<p>Wir sind noch dabei, viel \u00fcber chronischen Harnverhalt zu lernen, aber bei manchen Menschen scheint er mit FNS und anderen funktionellen St\u00f6rungen einherzugehen.<\/p>\n\n\n\n<p>Viele Informationen zu diesem Gebiet finden Sie in diesem Merkblatt, das Sie auch herunterladen k\u00f6nnen, indem Sie auf die nebenstehende Schaltfl\u00e4che klicken.<\/p>\n\n\n\n<h2>Akute R\u00fccken- und Beinschmerzen mit Blasensymptomen (Scan negatives Cauda-Equina-Syndrom)<\/h2>\n\n\n\n<p>Eine Situation, in der Blasensymptome h\u00e4ufig auftreten, ohne dass ein eindeutiger Hinweis auf eine neurologische Erkrankung vorliegt, ist bei Patienten, die mit Verdacht auf einen Bandscheibenvorfall ins Krankenhaus eingeliefert werden. Patienten mit starken R\u00fcckenschmerzen entwickeln manchmal Schw\u00e4che in den Beinen, Taubheit im Ges\u00e4\u00df und Blasensymptome, die klinisch sehr verd\u00e4chtig nach einem Bandscheibenvorfall aussehen k\u00f6nnen. Dies kann eine ernste Erkrankung sein, die eine dringende Operation am R\u00fccken erfordert, um Nervensch\u00e4den zu vermeiden.<\/p>\n\n\n\n<p>Aber wenn Patienten in dieser Situation eine Bildgebung durchf\u00fchren lassen, findet man bei etwa der H\u00e4lfte von ihnen nichts, was die Symptome erkl\u00e4ren k\u00f6nnte. Manchmal gibt es eine andere neurologische Krankheitsursache, die mit anderen Mitteln gefunden werden muss, aber oft gibt es keine erkennbare Ursache. In vielen F\u00e4llen scheint es, dass starke R\u00fcckenschmerzen allein ausreichen, um Beinschw\u00e4che, Taubheit und Blasenbeschwerden auszul\u00f6sen.<\/p>\n\n\n\n<p>Wir haben ein neues Informationsblatt zu diesem Thema erstellt, das auf den neuesten Forschungsergebnissen f\u00fcr 2020 basiert.<\/p>\n\n\n\n<h2>Behandlung<\/h2>\n\n\n\n<p>Reizblasensymptome lassen sich oft recht wirksam mit Medikamenten behandeln, die die Blasenwand entspannen.<\/p>\n\n\n\n<p>Wenn Sie Detrusorinstabilit\u00e4t\/Reizblase zusammen mit anderen Symptomen wie R\u00fcckenschmerzen und Beinschw\u00e4che haben (und Ihre Untersuchungen normal sind), kann es hilfreich sein zu verstehen, dass alle diese Symptome miteinander zusammenh\u00e4ngen k\u00f6nnen.<\/p>\n\n\n\n<p>Wenn Sie dieses Symptom haben, k\u00f6nnen Sie zus\u00e4tzlich zur Hilfe eines Urologen von einem Spezialisten f\u00fcr Kontinenzpflege profitieren.<\/p>\n","protected":false},"excerpt":{"rendered":"<p>\u00dcberaktive Blase, chronischer Harnverhalt und akute R\u00fccken-und Beinschmerzen mit Blasensymptomen (Scan negatives Cauda Equina Syndrom)<\/p>\n","protected":false},"author":65,"featured_media":1627,"parent":937,"menu_order":291,"comment_status":"closed","ping_status":"closed","template":"page-template\/symptom-details-page-template.php","meta":[],"_links":{"self":[{"href":"https:\/\/neurosymptoms.org\/de_DE\/wp-json\/wp\/v2\/pages\/596"}],"collection":[{"href":"https:\/\/neurosymptoms.org\/de_DE\/wp-json\/wp\/v2\/pages"}],"about":[{"href":"https:\/\/neurosymptoms.org\/de_DE\/wp-json\/wp\/v2\/types\/page"}],"author":[{"embeddable":true,"href":"https:\/\/neurosymptoms.org\/de_DE\/wp-json\/wp\/v2\/users\/65"}],"replies":[{"embeddable":true,"href":"https:\/\/neurosymptoms.org\/de_DE\/wp-json\/wp\/v2\/comments?post=596"}],"version-history":[{"count":124,"href":"https:\/\/neurosymptoms.org\/de_DE\/wp-json\/wp\/v2\/pages\/596\/revisions"}],"predecessor-version":[{"id":15738,"href":"https:\/\/neurosymptoms.org\/de_DE\/wp-json\/wp\/v2\/pages\/596\/revisions\/15738"}],"up":[{"embeddable":true,"href":"https:\/\/neurosymptoms.org\/de_DE\/wp-json\/wp\/v2\/pages\/937"}],"wp:featuredmedia":[{"embeddable":true,"href":"https:\/\/neurosymptoms.org\/de_DE\/wp-json\/wp\/v2\/media\/1627"}],"wp:attachment":[{"href":"https:\/\/neurosymptoms.org\/de_DE\/wp-json\/wp\/v2\/media?parent=596"}],"curies":[{"name":"wp","href":"https:\/\/api.w.org\/{rel}","templated":true}]}}