{"id":589,"date":"2020-11-30T14:41:14","date_gmt":"2020-11-30T14:41:14","guid":{"rendered":"https:\/\/ftd.cognihealth.in\/?page_id=589"},"modified":"2024-11-01T03:36:58","modified_gmt":"2024-11-01T03:36:58","slug":"headache","status":"publish","type":"page","link":"https:\/\/neurosymptoms.org\/de_DE\/symptoms\/common-associated-symptoms\/headache\/","title":{"rendered":"Kopfschmerzen"},"content":{"rendered":"\n<p>Kopfschmerztypen<\/p>\n\n\n\n<p>Es gibt viele Kopfschmerztypen. Sie k\u00f6nnen dar\u00fcber auf der Homepage der Internationalen Kopfschmerzgesellschaft nachlesen.<\/p>\n\n\n\n<p>Die zwei h\u00e4ufigsten Kopfschmerztypen sind&nbsp;Migr\u00e4ne&nbsp;und&nbsp;Spannungskopfschmerz. Viele Menschen haben beides, da, wenn man einen Kopfschmerztyp hat, die Wahrscheinlichkeit w\u00e4chst, auch den anderen zu bekommen.<\/p>\n\n\n\n<p>Spannungskopfschmerz ist kein passender Name, da viele Patienten nicht gestresst oder angespannt sind. Wir wissen auch, dass das Problem nicht nur mit angespannter Kopfmuskulatur zu tun hat.<\/p>\n\n\n\n<p>Ich habe eine Seite \u00fcber Kopfschmerzen eingef\u00fcgt, welche hier haupts\u00e4chlich als &#8220;Chronischer, t\u00e4glicher Kopfschmerz&#8221; bezeichnet wird. Dieser kann aus Migr\u00e4ne oder Spannungskopfschmerz entstehen und ist sehr verbreitet bei Patienten mit anderen funktionellen neurologischen Symptomen. Sie k\u00f6nnen hier rechts eine&nbsp;Brosch\u00fcre&nbsp;herunterladen.<\/p>\n\n\n\n<p>Was ist chronischer, t\u00e4glicher Kopfschmerz ?<\/p>\n\n\n\n<p>Chronischer, t\u00e4glicher Kopfschmerz ist der h\u00e4ufigste Kopfschmerztyp in einer neurologischen Aufnahme. Er wird einem an den meisten Tagen vorhandenen Kopfschmerz zugeordnet, meistens den Gro\u00dfteil des Tages anhaltend. Typischerweise finden sich folgende Eigenschaften:<\/p>\n\n\n\n<p>\u2022 St\u00e4ndiges &#8220;Druckgef\u00fchl&#8221; oder &#8220;Brennen&#8221;, manchmal klopfend.<\/p>\n\n\n\n<p>\u2022 Die Schmerzen k\u00f6nnen den ganzen Kopf betreffen, einseitig oder in kleineren Bereichen auftreten<\/p>\n\n\n\n<p>\u2022 Die Schmerzen sind h\u00e4ufig variabel, neigen aber dazu, sich im Laufe des Tages zu verschlechtern<\/p>\n\n\n\n<p>\u2022 Konventionelle Schmerztabletten k\u00f6nnen nur die &#8220;Schmerzspitzen&#8221; nehmen.<\/p>\n\n\n\n<p>Es ist f\u00fcr die Menschen im Umfeld schwer zu verstehen, wie Kopfschmerzen ohne irgendeine sichtbare Ursache so schlimm sein k\u00f6nnen.<\/p>\n\n\n\n<p>Andere Symptome assoziiert mit chronischem, t\u00e4glichen Kopfschmerz:<\/p>\n\n\n\n<p>Kopfschmerzen sind oft nicht das einzige Symptom, an welchem Patienten mit chronischem, t\u00e4glichen Kopfschmerz leiden. Hier sind einige der h\u00e4ufigsten Begleitsymptome aufgelistet.<\/p>\n\n\n\n<p>\u2022 Ersch\u00f6pfungszust\u00e4nde\/ M\u00fcdigkeit<\/p>\n\n\n\n<p>\u2022 R\u00fccken-oder Nackenscherzen<\/p>\n\n\n\n<p>\u2022 Schlechte Konzentration<\/p>\n\n\n\n<p>\u2022 Schlafst\u00f6rungen (nicht ausreichend oder zu viel)<\/p>\n\n\n\n<p>\u2022 Wortfindungsst\u00f6rungen<\/p>\n\n\n\n<p>\u2022 Verschwommensehen<\/p>\n\n\n\n<p>\u2022 \u00dcbelkeit<\/p>\n\n\n\n<p>\u2022 Lichtempfindlichkeit<\/p>\n\n\n\n<p>\u2022 Frustrationsgef\u00fchle, \u00c4rger<\/p>\n\n\n\n<p>\u2022 Herabgesetzte Stimmung<\/p>\n\n\n\n<p>\u2022 Freudlosigkeit<\/p>\n\n\n\n<p>\u2022 Sorgen<\/p>\n\n\n\n<p>Es klingt nicht nach einer richtigen Diagnose&#8230;<\/p>\n\n\n\n<p>Es ist wahr, dass chronischer, t\u00e4glicher Kopfschmerz nicht sehr spektakul\u00e4r klingt. Aber die Diagnose ist weit verbreitet und von der Internationalen Kopfschmerzgesellschaft anerkannt. Er kann sowohl aus Migr\u00e4ne als auch aus Spannungskopfschmerz entstehen. Der Name wird oft dem Schweregrad der Schmerzen nicht gerecht.<\/p>\n\n\n\n<p>Wie k\u00f6nnen \u00c4rzte sicher sein, da\u00df nichts anderes dahintersteckt?<\/p>\n\n\n\n<p>Chronischer, t\u00e4glicher Kopfschmerz ist &nbsp;eine sehr charakteristische Diagnose. Genauso wie Neurologen keine Bildgebung des Gehirns brauchen um Migr\u00e4ne zu diagnostizieren, braucht man auch gew\u00f6hnlich kein Bild um chronischen, t\u00e4glichen Kopfschmerz zu diagnostizieren. Vor allem wenn die Kopfschmerzen bereits seit einigen Monaten bestehen.<\/p>\n\n\n\n<p>Ihr Arzt wird eine sorgf\u00e4ltige Anamnese erhoben und eine entsprechende klinische Untersuchung durchgef\u00fchrt haben. Wenn keine Bildgebung angeordnet wurde, so deshalb, weil er sich der Diagnose sicher ist. Er sollte Ihnen versichert haben, dass hier keine versteckte Ursache wie ein Gehirntumor vorliegt.<\/p>\n\n\n\n<p>Warum ist es passiert?<\/p>\n\n\n\n<p>Chronischer, t\u00e4glicher Kopfschmerz ist ein komplexes Ph\u00e4nomen, welches viele verschiedene Ursachen hat. Stellen Sie sich das Problem wie einen Lautst\u00e4rkenregler vor, der zu hoch aufgedreht ist.<\/p>\n\n\n\n<p>Aufgrund des zunehmenden Verstehens, wie Schmerz funktionniert, wissen wir, dass es Orte im Nervensystem gibt, sowohl in den Nervenendigungen im Kopf als auch im Gehirn selbst, wo dieser Vorgang von Sensibilisierung und Verst\u00e4rkung von Schmerzen abl\u00e4uft. Versuchen Sie sich das Problem als Lautst\u00e4rkenregler in Ihrem Kopf vorzustellen, der zu hoch aufgedreht ist und den Sie wieder hinunterdrehen m\u00fcssen.<\/p>\n\n\n\n<p>Dies sind einige potentiell wichtige Faktoren:<\/p>\n\n\n\n<p><strong><em>1. Migr\u00e4ne oder Spannungskopfschmerz.<\/em><\/strong>&nbsp;Beim Gro\u00dfteil der Patienten mit chronischem, t\u00e4glichen Kopfschmerz sind andere Kopfschmerzen, meistens Migr\u00e4ne bekannt. Wenn eine Serie von Migr\u00e4neattacken zu chronischen, t\u00e4glichen Schmerzen f\u00fchrt, wird dies oft als &#8220;transformierte Migr\u00e4ne&#8221; bezeichnet. Manchmal erleiden Menschen im Erwachsenenalter ihre erste Migr\u00e4neattacke, die Kopfschmerzen in Gang bringt, welche einfach nicht verschwinden.<\/p>\n\n\n\n<p>&nbsp;<strong><em>2. Andere Schmerzprobleme&nbsp;<\/em><\/strong>&#8211; Wenn Sie zu anderen chronischen Schmerzzust\u00e4nden wie Fibromyalgie (generalisierte Muskelschmerzen) neigen, Nacken- und R\u00fcckenschmerzen, Bauchschmerzen oder Schmerzen im Becken haben. Es gibt komplizierte Gr\u00fcnde f\u00fcr diese Neigung, aber es ist hilfreich den Zusammenhang zu sehen.<\/p>\n\n\n\n<p><strong><em>3. Stress.&nbsp;<\/em><\/strong>Es scheint ein Zusammenhang zwischen Stress und dieser Art Kopfschmerzen zu bestehen. Stress macht Kopfschmerzen \u00e4rger und Kopfschmerzen verursachen Stress, beides ist schmerzhaft und kann beunruhigen. Es ist erw\u00e4hnenswert, dass diese Kopfschmerzen nicht &#8220;eingebildet&#8221; oder &#8220;psychisch&#8221; sind. Aber wenn man den Stress bedenkt und wie Sie sich f\u00fchlen, kann dies einen gro\u00dfen Unterschied f\u00fcr Ihre Kopfschmerzen bedeuten.<\/p>\n\n\n\n<p><strong><em>4. Zu viele Schmerzmedikamente.<\/em><\/strong>&nbsp;In den letzten Jahren haben wir erkannt, da\u00df die Einnahme von Schmerzmitteln wie Codein oder Paracetamol chronische, t\u00e4gliche Kopfschmerzen sogar verschlechtern k\u00f6nnen. Sie haben wahrscheinlich schon erkannt, dass regelm\u00e4ssig eingenommene Schmerzmittel nur die &#8220;Schmerzspitzen&#8221; abdecken und nicht wirklich gut wirken. Sie verursachen sogar oft einen &#8220;Rebound Kopfschmerz&#8221;, wenn die Wirkung nachl\u00e4sst. Das kann nach und nach die Kopfschmerzen verschlechtern.<\/p>\n\n\n\n<p>Was kann ich tun um mir zu helfen?<\/p>\n\n\n\n<p>Nach einiger Zeit entdecken viele Patienten mit chronischen, t\u00e4glichen Kopfschmerzen, da\u00df sie sich in einem Teufelskreis befinden (siehe Graphik rechts).<\/p>\n\n\n\n<p>Wenn Sie die Kopfschmerzen schon eine lange Zeit haben, wird es lange dauern, um eine Besserung zu erlangen. Diese Dinge k\u00f6nnten helfen:<\/p>\n\n\n\n<p>\u2022 Finden Sie sich mit der Diagnose ab. Wenn Sie st\u00e4ndig&nbsp;Zweifel haben, ob die Diagnose richtig ist, wird es schwieriger, Besserung zu erlangen.<\/p>\n\n\n\n<p>\u2022 Wenn Sie Migr\u00e4ne haben, kann eine Therapie der Migr\u00e4ne viel helfen. Finden Sie mehr \u00fcber Migr\u00e4ne heraus \u00fcber den&nbsp;Migr\u00e4ne Trust.<\/p>\n\n\n\n<p>\u2022 Stoppen Sie regelm\u00e4\u00dfige Schmerzmittel. Versuchen Sie, so gut wie m\u00f6glich, alle regelm\u00e4\u00dfigen Schmerztabletten abzusetzen. Dies schlie\u00dft Ibuprofen, Paracetamol und Codein ein. Normalerweise werden Ihre Kopfschmerzen vor\u00fcbergehend schlechter (f\u00fcr einige Wochen) bevor es besser wird. Es gibt zwei Wege, die Medikamente abzusetzen. Entweder man setzt ein bestimmtes Datum fest (wie wenn man mit dem Rauchen aufh\u00f6rt) oder man schleicht sie langsam aus.<\/p>\n\n\n\n<p>\u2022&nbsp;<a href=\"http:\/\/www.neurosymptome.org\/schlafsterungen\/4573136091\">V<\/a>erbessern Sie Ihre&nbsp;Schlafgewohnheiten. Gehen Sie jeden Abend zur selben Zeit schlafen. Vermeiden Sie Kaffee, Tee oder Coca Cola nach 18 Uhr. Ist Ihr Bett bequem, zu warm oder zu kalt?<\/p>\n\n\n\n<p>\u2022&nbsp;<a href=\"http:\/\/www.neurosymptome.org\/medikamente\/4573136113\">M<\/a>edikament\u00f6se Therapie&nbsp;&#8211; sogenannte Antidepressiva wie Amitryptilin k\u00f6nnen bei diesen Erkrankungen wirksam sein, auch bei Menschen, die sich nicht depressiv f\u00fchlen. Sie werden bei Migr\u00e4ne oder R\u00fcckenschmerzen ebenfalls eingesetzt. Sie machen nicht s\u00fcchtig wie Valium oder Codein. Sie wirken \u00fcber F\u00f6rderung des Schlafes und helfen chemisch den &#8220;Lautst\u00e4rkenregler zur\u00fcckzudrehen&#8221;. Sie k\u00f6nnen sich auch ohne diese Medikamente bessern, k\u00f6nnen aber Ihre Erfolgschancen deutlich steigern. Wenn Sie damit beginnen, k\u00f6nnen Nebenwirkungen auftreten, die sich aber nach einigen Wochen wieder legen.<\/p>\n\n\n\n<p>\u2022 Bedenken Sie Stress\/Sorgen\/Stimmungslage. Wenn Sie gestresst sind oder sich aus anderen Gr\u00fcnden hinuntergezogen f\u00fchlen, kann eine L\u00f6sung dieser Probleme ebenfalls Ihre Kopfschmerzen verbessern.<\/p>\n\n\n\n<p>\u2022 Andere Behandlungen. Manchmal kann Physiotherapie f\u00fcr die Halswirbels\u00e4ule angeboten werden. Alternative Therapien wie Akupunktur und Massagen sind nicht erwiesen wirksam, k\u00f6nnen aber manchen Patienten helfen.<\/p>\n","protected":false},"excerpt":{"rendered":"<p>Migraine, chronic daily headache and medication overuse headache<\/p>\n","protected":false},"author":65,"featured_media":1648,"parent":939,"menu_order":271,"comment_status":"closed","ping_status":"closed","template":"page-template\/symptom-details-page-template.php","meta":[],"_links":{"self":[{"href":"https:\/\/neurosymptoms.org\/de_DE\/wp-json\/wp\/v2\/pages\/589"}],"collection":[{"href":"https:\/\/neurosymptoms.org\/de_DE\/wp-json\/wp\/v2\/pages"}],"about":[{"href":"https:\/\/neurosymptoms.org\/de_DE\/wp-json\/wp\/v2\/types\/page"}],"author":[{"embeddable":true,"href":"https:\/\/neurosymptoms.org\/de_DE\/wp-json\/wp\/v2\/users\/65"}],"replies":[{"embeddable":true,"href":"https:\/\/neurosymptoms.org\/de_DE\/wp-json\/wp\/v2\/comments?post=589"}],"version-history":[{"count":141,"href":"https:\/\/neurosymptoms.org\/de_DE\/wp-json\/wp\/v2\/pages\/589\/revisions"}],"predecessor-version":[{"id":15686,"href":"https:\/\/neurosymptoms.org\/de_DE\/wp-json\/wp\/v2\/pages\/589\/revisions\/15686"}],"up":[{"embeddable":true,"href":"https:\/\/neurosymptoms.org\/de_DE\/wp-json\/wp\/v2\/pages\/939"}],"wp:featuredmedia":[{"embeddable":true,"href":"https:\/\/neurosymptoms.org\/de_DE\/wp-json\/wp\/v2\/media\/1648"}],"wp:attachment":[{"href":"https:\/\/neurosymptoms.org\/de_DE\/wp-json\/wp\/v2\/media?parent=589"}],"curies":[{"name":"wp","href":"https:\/\/api.w.org\/{rel}","templated":true}]}}