{"id":541,"date":"2020-11-29T12:41:43","date_gmt":"2020-11-29T12:41:43","guid":{"rendered":"https:\/\/ftd.cognihealth.in\/?page_id=541"},"modified":"2024-11-01T03:34:50","modified_gmt":"2024-11-01T03:34:50","slug":"fatigue","status":"publish","type":"page","link":"https:\/\/neurosymptoms.org\/de_DE\/symptoms\/common-associated-symptoms\/fatigue\/","title":{"rendered":"Ersch\u00f6pfungszustand - \"Fatigue\""},"content":{"rendered":"\n<p>M\u00fcdigkeit ist ein sehr h\u00e4ufiges Symptom bei Patienten mit funktionellen neurologischen Symptomen.<\/p>\n\n\n\n<p>Oft geben die Betroffenen, trotz vieler anderer offensichtlicherer Symptome, M\u00fcdigkeit und Ersch\u00f6pfung als Hauptproblem an.<\/p>\n\n\n\n<p>M\u00fcdigkeit in dieser Situation kann auch als ein weiteres Symptom eines nicht richtig funktionierenden Nervensystems angesehen werden.<\/p>\n\n\n\n<p>Wenn solche M\u00fcdigkeit<\/p>\n\n\n\n<ul><li>ohne andere neurologische Symptome<\/li><li>f\u00fcr mehr als 6 Monate<\/li><li>ohne nachweisbare zugrundeliegende internistische oder neurologische Krankheit auftritt, nennt man dies &#8220;Chronisches Ersch\u00f6pfungssyndrom&#8221;\/&#8221;Chronisches Fatigue-Syndrom (CFS)&#8221;<\/li><\/ul>\n\n\n\n<p>Das Chronische Ersch\u00f6pfungssyndrom wurde von den &#8220;Chief Medical Officers&#8221; in England\/Wales und Schottland als eigenst\u00e4ndige Krankheit anerkannt (Link).<\/p>\n\n\n\n<p>Diese Website ist nicht darauf ausgerichtet, das Chronische Ersch\u00f6pfungssyndrom im Detail zu besprechen.<\/p>\n\n\n\n<p>M\u00fcdigkeit\/ Fatigue kann als Begleiter von Angst oder Depression auftreten. Es ist aber wichtig zu erw\u00e4hnen, dass Sie nicht \u00e4ngstlich oder depressiv sein m\u00fcssen, um an persistierender und schwerer chronischer Ersch\u00f6pfung zu leiden.<\/p>\n\n\n\n<p>Allerdings sind viele der Grunds\u00e4tze der Behandlung des Chronischen Ersch\u00f6pfungssyndroms, die nachweislich in klinischen Studien wirksam waren, wahrscheinlich auch bei Patienten mit funktionellen neurologischen Symptomen wirksam.<\/p>\n\n\n\n<p>Es gibt einige n\u00fctzliche Informationsquellen f\u00fcr Patienten mit dieser Diagnose. Wenn Sie versuchen, mehr \u00fcber diese Diagnose zu erfahren oder praktische M\u00f6glichkeiten suchen, um Ihre M\u00fcdigkeit in den Griff zu bekommen, kann ich folgendes online verf\u00fcgbare Buch empfehlen:<\/p>\n\n\n\n<p>&#8220;Chronic Fatigue Syndrome (CFS\/ME) (The Facts)&#8221; von Frankie Campling, Michael Sharpe. Oxford University Press<\/p>\n\n\n\n<p>Weitere Information gibt es auf NHS Direct<\/p>\n\n\n\n<p><a href=\"http:\/\/www.nhs.uk\/Conditions\/Chronic-fatigue-syndrome\/Pages\/Introduction.aspx\">http:\/\/www.nhs.uk\/Conditions\/Chronic-fatigue-syndrome\/Pages\/Introduction.aspx<\/a><\/p>\n\n\n\n<p>Betreuungsangebote f\u00fcr Patienten mit Chronischem Ersch\u00f6pfungssyndrom sind l\u00fcckenhaft. Sie sind meistens aber noch besser als jene f\u00fcr Patienten mit funktionellen neurologischen Symptomen. Am besten fragen Sie ihren betreuenden Arzt, ob eine Behandlung f\u00fcr das Chronische Ersch\u00f6pfungssyndrom in in Ihrer N\u00e4he angeboten wird, da dies auch ein Weg zur Behandlung Ihrer anderen Symptome sein kann.<\/p>\n","protected":false},"excerpt":{"rendered":"<p>Fatigue, lack of energy and exhaustion<\/p>\n","protected":false},"author":65,"featured_media":0,"parent":939,"menu_order":267,"comment_status":"closed","ping_status":"closed","template":"page-template\/symptom-details-page-template.php","meta":[],"_links":{"self":[{"href":"https:\/\/neurosymptoms.org\/de_DE\/wp-json\/wp\/v2\/pages\/541"}],"collection":[{"href":"https:\/\/neurosymptoms.org\/de_DE\/wp-json\/wp\/v2\/pages"}],"about":[{"href":"https:\/\/neurosymptoms.org\/de_DE\/wp-json\/wp\/v2\/types\/page"}],"author":[{"embeddable":true,"href":"https:\/\/neurosymptoms.org\/de_DE\/wp-json\/wp\/v2\/users\/65"}],"replies":[{"embeddable":true,"href":"https:\/\/neurosymptoms.org\/de_DE\/wp-json\/wp\/v2\/comments?post=541"}],"version-history":[{"count":94,"href":"https:\/\/neurosymptoms.org\/de_DE\/wp-json\/wp\/v2\/pages\/541\/revisions"}],"predecessor-version":[{"id":15593,"href":"https:\/\/neurosymptoms.org\/de_DE\/wp-json\/wp\/v2\/pages\/541\/revisions\/15593"}],"up":[{"embeddable":true,"href":"https:\/\/neurosymptoms.org\/de_DE\/wp-json\/wp\/v2\/pages\/939"}],"wp:attachment":[{"href":"https:\/\/neurosymptoms.org\/de_DE\/wp-json\/wp\/v2\/media?parent=541"}],"curies":[{"name":"wp","href":"https:\/\/api.w.org\/{rel}","templated":true}]}}