{"id":539,"date":"2020-11-29T12:37:13","date_gmt":"2020-11-29T12:37:13","guid":{"rendered":"https:\/\/ftd.cognihealth.in\/?page_id=539"},"modified":"2024-11-01T03:35:22","modified_gmt":"2024-11-01T03:35:22","slug":"dissociative-symptoms","status":"publish","type":"page","link":"https:\/\/neurosymptoms.org\/de_DE\/symptoms\/common-associated-symptoms\/dissociative-symptoms\/","title":{"rendered":"Dissoziative Beschwerden - Trance-artiger Zustand"},"content":{"rendered":"\n<h3>Was sind dissoziative Beschwerden?<\/h3>\n\n\n\n<p>Dissoziative Symptome werden h\u00e4ufig zusammen mit anderen auf dieser Internetseite beschriebenen funktionellen Symptomen erlebt. Das Erkennen dieser Symptome kann sehr n\u00fctzlich sein, um das Wesen der eigenen Beschwerden besser zu verstehen und zu lernen, wie man die Kontrolle \u00fcber den eigenen K\u00f6rper wieder erlangen kann.<\/p>\n\n\n\n<p>Zu den dissoziativen Symptomen z\u00e4hlt man:<\/p>\n\n\n\n<p>Depersonalisation &#8211; ein Gef\u00fchl, dass Ihr K\u00f6rper nicht ganz Ihnen geh\u00f6rt oder von Ihnen getrennt ist<\/p>\n\n\n\n<p>Derealisation &#8211; ein Gef\u00fchl, dass Sie von der Welt um Sie herum abgetrennt oder &#8220;weggetreten&#8221; sind<\/p>\n\n\n\n<p>F\u00fcr eine detaillierte Beschreibung der dissoziative Symptome k\u00f6nnen Sie folgenden Artikel&nbsp;hier&nbsp;in einer neurologischen Zeitschrift herunterladen<\/p>\n\n\n\n<p><\/p>\n\n\n\n<p>Hier sind einige Beispiele, wie Menschen Depersonalisation und Derealisation beschreiben.<\/p>\n\n\n\n<h3>Depersonalisation<\/h3>\n\n\n\n<p>H\u00e4ufig: &#8220;Ich f\u00fchlte mich seltsam \/ komisch&#8221;, &#8220;Ich f\u00fchlte mich, als ob ich davon schweben w\u00fcrde&#8221;, &#8220;Ich f\u00fchlte mich k\u00f6rperlos \/ abgetrennt \/ abgel\u00f6st \/ weit weg von mir&#8221;, &#8220;wie an einem eigenen Ort \/ alleine&#8221;, &#8220;als w\u00e4re ich zwar da, aber nicht wirklich anwesend&#8221;, &#8220;ich konnte alles sehen und h\u00f6ren, konnte aber nicht reagieren&#8221;<\/p>\n\n\n\n<p>Seltener: &#8220;wie eine Marionette in einem Puppentheater&#8221;, &#8220;wie ein Roboter&#8221;, &#8220;als w\u00fcrde ich in einem Theaterst\u00fcck mitspielen&#8221;, &#8220;ich konnte keine Schmerzen empfinden&#8221;, &#8220;als w\u00e4re ich aus Papier gemacht&#8221;, &#8220;Ich f\u00fchlte mich wie ein Kopf, der auf irgendeinem K\u00f6rper steckt&#8221;, &#8220;wie ein Zuschauer der mich im Fernsehen beobachtet&#8221;, &#8220;wie eine au\u00dferk\u00f6rperliche Erfahrung&#8221;, &#8220;meine H\u00e4nde oder F\u00fc\u00dfe f\u00fchlten sich kleiner \/ gr\u00f6\u00dfer an&#8221;, &#8220;wenn ich Dinge anfasste, f\u00fchlte es sich nicht so an als w\u00fcrde ICH sie wirklich ber\u00fchren&#8221;<\/p>\n\n\n\n<h3>Derealisation<\/h3>\n\n\n\n<p>&#8220;Meine Umgebung schien unwirklich \/ weit entfernt&#8221;, ich nahm die Umwelt wahr wie &#8220;unter einer K\u00e4seglocke&#8221; oder &#8220;in Watte gepackt&#8221;, &#8220;Ich f\u00fchlte mich von der unmittelbaren Umgebung abgeschnitten&#8221;, &#8220;Objekte erschienen verkleinert\/ abgeflacht\/ wie in einem Traum\/ wie aus Papier\/ k\u00fcnstlich\/ nicht fest&#8221;<\/p>\n\n\n\n<h3>Warum ist es n\u00fctzlich \u00fcber dissoziative Symptome Bescheid zu wissen?<\/h3>\n\n\n\n<p>Diese Symptome treten in allen m\u00f6glichen Situationen auf. Die meisten Menschen haben sie zu einem gewissen Grad erlebt, wenn sie Fieber haben oder unter Schlafentzug leiden.<\/p>\n\n\n\n<p>Zu verstehen, was dissoziative Symptome sind, dass es einen Namen f\u00fcr sie gibt und dass sie nicht bedeuten, dass Sie &#8220;verr\u00fcckt&#8221; werden, kann f\u00fcr Menschen mit funktionellen Beschwerden, die diese Symptome als Teil ihrer Krankheit erleben, sehr hilfreich sein.<\/p>\n\n\n\n<p>Furcht und Angst k\u00f6nnen dissoziative Symptome verst\u00e4rken. Wenn Sie die Beschwerden erkennen und verstehen, kann das bereits dazu f\u00fchren, dass sie diese weniger intensiv wahrnehmen.<\/p>\n\n\n\n<p>Das Gef\u00fchl, von ihrem K\u00f6rper &#8220;abgetrennt&#8221; zu sein, kann auch erkl\u00e4ren, warum Sie bei anderen Gelegenheiten eine K\u00f6rperh\u00e4lfte als &#8220;abgetrennt&#8221; oder &#8220;<a href=\"http:\/\/www.neurosymptoms.org\/de_DE\/symptoms\/fnd-symptoms\/functional-limb-weakness\/\">schwach<\/a>&#8221; wahrnehmen k\u00f6nnen. Deshalb wird &#8220;funktionelle Schw\u00e4che&#8221; manchmal &#8220;dissoziative motorische St\u00f6rung&#8221; genannt, und deshalb nennt man &#8220;funktionelle Anf\u00e4lle&#8221; auch &#8220;<a href=\"http:\/\/www.neurosymptoms.org\/de_DE\/symptoms\/fnd-symptoms\/functional-dissociative-seizures\/\">dissoziative Anf\u00e4lle<\/a>&#8220;.<\/p>\n\n\n\n<h3>Weitere Information<\/h3>\n\n\n\n<p>F\u00fcr eine detaillierte Beschreibung der dissoziative Symptome k\u00f6nnen Sie&nbsp;hier&nbsp;einen Artikel aus einer Neurologie-Fachzeitschrift herunterladen.<\/p>\n\n\n\n<p>Es gibt auch weitere Informationen \u00fcber Depersonalisation:<\/p>\n\n\n\n<p>Wikipedia &#8211; nicht immer zuverl\u00e4ssig, aber in diesem Fall (September 2008) n\u00fctzlich<\/p>\n\n\n\n<p><a href=\"http:\/\/en.wikipedia.org\/wiki\/Depersonalization_disorder\">http:\/\/en.wikipedia.org\/wiki\/Depersonalization_disorder<\/a><\/p>\n\n\n\n<p>die \u201cDepersonalisation Research Unit\u201d in London<\/p>\n\n\n\n<p><a href=\"http:\/\/www.iop.kcl.ac.uk\/departments\/?locator=911\">http:\/\/www.iop.kcl.ac.uk\/departments\/?locator=911<\/a><\/p>\n","protected":false},"excerpt":{"rendered":"<p>Sich weggetreten f\u00fchlen, nicht anwesend oder nicht im eigenen K\u00f6rper<\/p>\n","protected":false},"author":65,"featured_media":1901,"parent":939,"menu_order":268,"comment_status":"closed","ping_status":"closed","template":"page-template\/symptom-details-page-template.php","meta":[],"_links":{"self":[{"href":"https:\/\/neurosymptoms.org\/de_DE\/wp-json\/wp\/v2\/pages\/539"}],"collection":[{"href":"https:\/\/neurosymptoms.org\/de_DE\/wp-json\/wp\/v2\/pages"}],"about":[{"href":"https:\/\/neurosymptoms.org\/de_DE\/wp-json\/wp\/v2\/types\/page"}],"author":[{"embeddable":true,"href":"https:\/\/neurosymptoms.org\/de_DE\/wp-json\/wp\/v2\/users\/65"}],"replies":[{"embeddable":true,"href":"https:\/\/neurosymptoms.org\/de_DE\/wp-json\/wp\/v2\/comments?post=539"}],"version-history":[{"count":163,"href":"https:\/\/neurosymptoms.org\/de_DE\/wp-json\/wp\/v2\/pages\/539\/revisions"}],"predecessor-version":[{"id":15594,"href":"https:\/\/neurosymptoms.org\/de_DE\/wp-json\/wp\/v2\/pages\/539\/revisions\/15594"}],"up":[{"embeddable":true,"href":"https:\/\/neurosymptoms.org\/de_DE\/wp-json\/wp\/v2\/pages\/939"}],"wp:featuredmedia":[{"embeddable":true,"href":"https:\/\/neurosymptoms.org\/de_DE\/wp-json\/wp\/v2\/media\/1901"}],"wp:attachment":[{"href":"https:\/\/neurosymptoms.org\/de_DE\/wp-json\/wp\/v2\/media?parent=539"}],"curies":[{"name":"wp","href":"https:\/\/api.w.org\/{rel}","templated":true}]}}