{"id":536,"date":"2020-11-29T10:20:54","date_gmt":"2020-11-29T10:20:54","guid":{"rendered":"https:\/\/ftd.cognihealth.in\/?page_id=536"},"modified":"2025-08-13T04:40:18","modified_gmt":"2025-08-13T04:40:18","slug":"functional-tremor","status":"publish","type":"page","link":"https:\/\/neurosymptoms.org\/de_DE\/symptoms\/fnd-symptoms\/functional-tremor\/","title":{"rendered":"Funktioneller Tremor"},"content":{"rendered":"\n<h3>Was ist funktioneller Tremor?<\/h3>\n\n\n\n<p>Funktioneller Tremor ist die h\u00e4ufigste funktionelle Bewegungsst\u00f6rung.<\/p>\n\n\n\n<p>Beim funktionellen Tremor kommt es zu unkontrollierbarem Zittern eines K\u00f6rperteils, meist eines Arms oder eines Beines. Dies liegt daran, dass das Nervensystem nicht richtig funktioniert, aber nicht an einer zugrunde liegenden neurologischen Erkrankung.<\/p>\n\n\n\n<p>Funktioneller Tremor wird manchmal mit der Parkinson-Krankheit oder mit anderen h\u00e4ufigen Tremor-Ursachen wie dem \u201eEssentiellen Tremor&#8221; verwechselt.<\/p>\n\n\n\n<p>Im Gegensatz zur Parkinson-Krankheit ist der funktionelle Tremor auf ein reversibles Problem in der Arbeitsweise des Nervensystems zur\u00fcckzuf\u00fchren.<\/p>\n\n\n\n<p>Dies bedeutet, dass sich ein funktioneller Tremor verbessern und manchmal vollst\u00e4ndig verschwinden kann, obwohl es keine &#8220;magische Behandlung&#8221; gibt.<\/p>\n\n\n\n<h2><strong>Was sind die Symptome eines funktionellen Tremors?<\/strong><\/h2>\n\n\n\n<p>Ein Tremor ist eine rhythmische Bewegung eines Arms, Beines oder eines anderen K\u00f6rperteils wie des Kopfes oder des Gaumensegels. Funktioneller Tremor kann im Verlauf eines Tages kommen und wieder gehen, kann aber auch st\u00e4ndig vorhanden sein. Das Zittern kann manchmal heftig werden und die Geschwindigkeit des Zitterns kann sich \u00e4ndern.<\/p>\n\n\n\n<p>Der funktionelle Tremor kann stark beeintr\u00e4chtigend sein, da die Bewegungen nicht kontrolliert werden k\u00f6nnen (d.h. sie sind unwillk\u00fcrlich).<\/p>\n\n\n\n<div class=\"wp-block-image\"><figure class=\"alignright size-large\"><img loading=\"lazy\" width=\"198\" height=\"219\" src=\"https:\/\/pre-prod.neurosymptoms.org\/wp-content\/uploads\/2020\/11\/Treatment-of-tremor-image-1.jpg\" alt=\"\" class=\"wp-image-659\"\/><\/figure><\/div>\n\n\n\n<p>Funktioneller Tremor beginnt meist pl\u00f6tzlich, kann aber auch schleichend einsetzen. Manchmal geht dem Krankheitsbeginn eine der folgenden Situationen voraus:<\/p>\n\n\n\n<ol type=\"1\"><li>Eine k\u00f6rperliche Verletzung der Extremit\u00e4t oder Schmerzen in der Extremit\u00e4t. Funktioneller Tremor kann als Teil eines <a rel=\"noreferrer noopener\" href=\"\/de_DE\/symptoms\/common-associated-symptoms\/complex-regional-pain-syndrome\/\" data-type=\"URL\" data-id=\"\/de_DE\/symptoms\/common-associated-symptoms\/complex-regional-pain-syndrome\/\" target=\"_blank\">komplexen regionalen Schmerzsyndroms<\/a> auftreten<\/li><li>Tremor, der von einem medizinischen Problem &nbsp;ausgel\u00f6st wurde, z.B:<ol><li>Nebenwirkung eines Medikaments<\/li><\/ol><ol><li>Kreislaufkollaps (Ohnmacht) mit kurzandauernden Zuckungen<\/li><\/ol><ol><li>Infektion mit Fieber und Sch\u00fcttelfrost<\/li><\/ol><\/li><li>Nach einem Schreckerlebnis oder einer Panikattacke<\/li><li>Mit einem Symptom namens &#8220;Dissoziation&#8221; (Trennung von Wahrnehmungs- und Ged\u00e4chtnisinhalten; \u201ewie weggetreten sein\u201c), das ohne Angstgef\u00fchle auftreten kann<\/li><li>Eine zugrunde liegende zus\u00e4tzliche Ursache f\u00fcr Tremor wie &#8220;essentieller Tremor&#8221; wurde durch einen funktionellen Tremor \u00fcberlagert und verst\u00e4rkt<\/li><\/ol>\n\n\n\n<h2><strong>Wie wird die Diagnose gestellt?<\/strong><\/h2>\n\n\n\n<p>Die Diagnose eines funktionellen Tremors wird normalerweise von einer Neurologin \/ einem Neurologen gestellt. Es kann eine besonders schwierige Diagnose sein, da es Expertenwissen \u00fcber das gesamte Spektrum der Erkrankungen, die mit Zittern einhergehen erfordert, von denen viele ungew\u00f6hnlich sind.<\/p>\n\n\n\n<p>Im Folgenden finden Sie einige Beispiele f\u00fcr Dinge, nach denen ein Neurologe suchen w\u00fcrde, um einen funktionellen Tremor zu diagnostizieren<\/p>\n\n\n\n<ol type=\"1\"><li>Tremor, der vor\u00fcbergehend verschwindet oder sich im Rhythmus \u00e4ndert, wenn Bewegungs-Aufgaben mit dem anderen Arm oder Bein durchgef\u00fchrt werden. Das ist der sogenannte &#8220;Entrainment-Test&#8221;. Entrainment bedeutet, dass die Tremor-Frequenz einen vom Untersucher vorgegebenen Rhythmus, der vom Patienten mit der gesunden Hand geklopft wird, \u00fcbernimmt.<\/li><li>Schwierigkeiten, rhythmische Bewegungen mit Ihrer guten Hand (oder Ihrem Bein) zu machen<\/li><li>Zeiten, in denen das Zittern fehlt<\/li><li>Variable Frequenz (unterschiedliche Geschwindigkeit, wie &#8220;schnell&#8221; das Zittern ist)<\/li><li>Zittern, das viel schlimmer wird, wenn jemand versucht, Ihren Arm oder Ihr Bein still zu halten<\/li><\/ol>\n\n\n\n<h2><strong>\u201eInneres Zittern\u201c oder \u201eInterner Tremor\u201c<\/strong><\/h2>\n\n\n\n<p>H\u00e4ufig erleben Patientinnen und Patienten mit funktionellen neurologischen St\u00f6rungen aber auch mit anderen neurologischen Erkrankungen eine Art \u201einneres Zittern\u201c, welches von au\u00dfen nicht beobachtet werden kann. Manchmal gibt es ein sehr leichtes Zittern, das die Menschen nur schwer sehen k\u00f6nnen.<\/p>\n\n\n\n<p>Dieses innere Zittern kann f\u00fcr die Betroffenen sehr beunruhigend sein und es kann hilfreich sein zu wissen, dass andere Menschen auch darunter leiden. Im Zusammenhang mit funktionellen neurologischen St\u00f6rungen bezieht sich sein Mechanismus, wie viele andere, wahrscheinlich auf eine Erh\u00f6hung eines &#8220;Lautst\u00e4rkereglers&#8221;, wie das Gehirn Bewegung und innere K\u00f6rperempfindungen wahrnimmt.<\/p>\n\n\n\n<p>In der Tat ist es normal, ein sehr leichtes Zittern zu haben, wenn Sie Ihre H\u00e4nde vor sich ausstrecken. Dies wird physiologischer Tremor genannt. Bei manchen Menschen entsteht ein innerer Tremor, weil ihr Gehirn sich dieses Prozesses bewusst wird und dann im Laufe der Zeit &#8220;verst\u00e4rkt&#8221; wird.<\/p>\n\n\n\n<h2><strong>Wie wird funktioneller Tremor behandelt?<\/strong><\/h2>\n\n\n\n<p>Werfen Sie einen Blick auf die Seiten zur <a href=\"\/de_DE\/treatment\/\" data-type=\"URL\" data-id=\"\/de_DE\/treatment\/\" target=\"_blank\" rel=\"noreferrer noopener\">Behandlung<\/a> &nbsp;auf dieser Website<\/p>\n\n\n\n<h2><strong>Haben Sie Vertrauen in die Diagnose?<\/strong><\/h2>\n\n\n\n<p>Es ist wichtig, dass Sie das Gef\u00fchl haben, die richtige Diagnose zu erhalten. Wenn Sie dies nicht tun, wird es schwierig sein, die hier vorgeschlagenen Rehabilitationstechniken in die Praxis umzusetzen.<\/p>\n\n\n\n<p>Wenn Sie nicht das Gef\u00fchl haben, dass Sie einen funktionellen Tremor haben, m\u00fcssen Sie sich ansehen, auf welcher Grundlage die Diagnose gestellt wurde. Sie sollten einige der oben beschriebenen klinischen Merkmale aufweisen. Wenn ja, warum haben Sie kein Vertrauen in die Diagnose, die Sie erhalten haben? Funktionellen Tremor bedeutet nicht automatisch, dass man gestresst sein muss. zu haben. In der Tat ist funktioneller Tremor oft am auff\u00e4lligsten, wenn Menschen entspannt sind oder nicht an etwas Bestimmtes denken. Vielleicht haben Sie die Diagnose abgelehnt, weil der Arzt vorgeschlagen hat, dass der Tremor &#8220;stressbedingt&#8221; ist? \u2013 hier k\u00f6nnte ein Missverst\u00e4ndnis vorliegen. Wir wissen, dass ein Teil der Patientinnen und Patienten mit funktionellem Tremor Stress als Ursache f\u00fcr ihre Symptome haben, bei vielen anderen ist das aber nicht der Fall. Ob Sie also gestresst sind oder nicht, ist f\u00fcr die Diagnosestellung nicht relevant.<\/p>\n\n\n\n<h2><strong>Spezifische physiotherapeutische Techniken<\/strong><\/h2>\n\n\n\n<p>(Mit Dank an Glenn Nielsen, Physiotherapeut am Institute of Neurology, London)<\/p>\n\n\n\n<p>All dies muss wiederholt praktiziert werden, und viele \u00dcbungen werden anfangs unm\u00f6glich oder schwierig erscheinen. Sie versuchen, eine &#8220;Gewohnheit&#8221; in Ihrem Gehirn zu brechen, das ist nicht einfach!<\/p>\n\n\n\n<ol type=\"1\"><li>Versuchen Sie, einen freiwilligen Tremor &#8220;zus\u00e4tzlich&#8221; zu Ihrem bestehenden Tremor zu produzieren, vielleicht mit einer schwungvollen Armbewegung wie der Dirigent eines Orchesters. Dann \u00e4ndern Sie die Bewegungen in immer breitere und langsamere Bewegungen, die dann allm\u00e4hlich in Stillstand \u00fcbergehen. H\u00f6rt Ihr funktioneller Tremor kurz auf, wenn Sie dies tun? \u00dcben Sie weiter, um zu sehen, ob dies Ihnen hilft, eine bessere Kontrolle zu bekommen.<\/li><li>Sehen Sie, ob Sie den Rhythmus Ihres funktionellen Tremors &#8220;st\u00f6ren&#8221; k\u00f6nnen, indem Sie eine rhythmische Bewegung mit Ihrem &#8220;guten&#8221; Arm oder Bein machen. Bitten Sie einen Freund, eine Tippbewegung zu machen, die Sie kopieren m\u00fcssen. Der Freund sollte mit einem gleichm\u00e4\u00dfigen Rhythmus beginnen, ihn dann aber beschleunigen und verlangsamen, was es Ihnen schwerer macht, Schritt zu halten. Wenn sich der Rhythmus des funktionellen Tremors in Abh\u00e4ngigkeit von diesem &#8220;externen&#8221; Rhythmus \u00e4ndert, k\u00f6nnen Sie sehen, ob es m\u00f6glich ist, den \u00e4u\u00dferen Rhythmus zu verlangsamen, bis er vielleicht aufh\u00f6rt. Sehen Sie in den Videos, wie \u00c4rzte so eine Untersuchung durchf\u00fchren<ol><li><strong><a rel=\"noreferrer noopener\" href=\"https:\/\/pn.bmj.com\/highwire\/filestream\/140184\/field_highwire_adjunct_files\/0\/practneurol-2013-000549supp_video1.wmv\" target=\"_blank\">Video  1<\/a><\/strong> +<a href=\"https:\/\/pn.bmj.com\/highwire\/filestream\/140184\/field_highwire_adjunct_files\/1\/practneurol-2013-000549supp_video2.wmv\"><strong>Video 2<\/strong><\/a> Roper et al. How to use the entrainment test in the diagnosis of functional tremor. Pract Neurol 2013;13:396-398<\/li><\/ol><\/li><li>Lernen, Muskeln zusammenzuziehen und zu entspannen. Funktioneller Tremor tritt oft auf, weil die Person alle Muskeln ihres Arms oder Beines auf einmal zusammenzieht. Das Erlernen einer Technik namens &#8220;progressive Muskelentspannung&#8221; kann Ihnen helfen, mehr Kontrolle \u00fcber die Muskelkontraktion zu erhalten.<\/li><li>Schauen Sie in einen Spiegel, wenn Sie versuchen, dies zu tun. Dies kann Ihrem Gehirn helfen zu verstehen, wo es schiefl\u00e4uft.<\/li><li>Wenn Ihr Bein beim Sitzen immer wieder &#8220;h\u00fcpft&#8221;, \u00fcben Sie, Ihren Fu\u00df so lange wie m\u00f6glich flach auf dem Boden zu halten. Es mag sich seltsam anf\u00fchlen, wenn Sie das tun, aber Sie helfen, Ihr Gehirn daran zu erinnern, dass dies die normale Position ist. Sie k\u00f6nnen auch versuchen, mit Ihrem &#8220;normalen&#8221; Fu\u00df einen Rhythmus zu klopfen \u2013 idealerweise sollten Sie jemand anderen kopieren, der die Bewegung vormacht und variiert. Es kann auch helfen, auf eine andere Weise in Ihrem Stuhl zu sitzen und Ihr Gewicht anders zu platzieren.<\/li><\/ol>\n\n\n\n<h2><strong>Andere Behandlungen<\/strong><\/h2>\n\n\n\n<p>Schauen Sie auf den <a href=\"http:\/\/www.neurosymptoms.org\/de_DE\/treatment\/treatment-of-tremor-spasms\/\">Behandlungsseiten<\/a> &nbsp;nach, um mehr \u00fcber bestimmte Behandlungen zu erfahren, die f\u00fcr Sie relevant sein k\u00f6nnten. Funktioneller Tremor kann bei einigen Patienten besonders mit Angstzust\u00e4nden in Verbindung gebracht werden.<\/p>\n\n\n\n<p>H\u00e4ufig stehen <a href=\"http:\/\/www.neurosymptoms.org\/de_DE\/symptoms\/common-associated-symptoms\/worry-panic\/\">Angstgef\u00fchle<\/a> &nbsp;mit dem Zittern selbst in Verbindung. Was werden die Leute \u00fcber mich denken? Werde ich anfangen, \u00fcberall zu zittern? Wird das peinlich?<\/p>\n\n\n\n<p>Viele Patienten mit funktionellem Tremor haben keine Angst. Wenn Sie jedoch zu jenen geh\u00f6ren, die Angstgef\u00fchle haben, kann es wichtig sein, sich dem zu stellen und eine spezifische Behandlung zu suchen, die darauf abzielt, \u00fcberm\u00e4\u00dfige \u00c4ngste zu kontrollieren. Das kann manchmal helfen.<\/p>\n\n\n\n<p>Einige Patienten berichten, dass Episoden von Tremor mit \u201eLoswerden\u201c von angesammelten, schwer zu beschreibenden, angespannten, schwummrigen Symptomen in Verbindung stehen. Sie wollen nicht, dass das Zittern passiert, aber erkennen, da\u00df, wenn es passiert (wenn es als &#8220;Episode&#8221; passiert), es diese Gef\u00fchle zu verringern scheint. Wenn dies auf Sie zutrifft, sollten Sie dies auch mit Ihrem behandelnden Arzt besprechen.<\/p>\n\n\n\n<h2>Hypnose<\/h2>\n\n\n\n<p>Manchmal kann sich unter Hypnose der Tremor verbessern und Sie k\u00f6nnen m\u00f6glicherweise Selbsthypnose lernen, um zu Hause zu \u00fcben.<\/p>\n","protected":false},"excerpt":{"rendered":"<p>Unkontrolliertes Zittern eines Arms, Beins, des K\u00f6rpers oder Nackens<\/p>\n","protected":false},"author":65,"featured_media":0,"parent":937,"menu_order":283,"comment_status":"closed","ping_status":"closed","template":"page-template\/symptom-details-page-template.php","meta":[],"_links":{"self":[{"href":"https:\/\/neurosymptoms.org\/de_DE\/wp-json\/wp\/v2\/pages\/536"}],"collection":[{"href":"https:\/\/neurosymptoms.org\/de_DE\/wp-json\/wp\/v2\/pages"}],"about":[{"href":"https:\/\/neurosymptoms.org\/de_DE\/wp-json\/wp\/v2\/types\/page"}],"author":[{"embeddable":true,"href":"https:\/\/neurosymptoms.org\/de_DE\/wp-json\/wp\/v2\/users\/65"}],"replies":[{"embeddable":true,"href":"https:\/\/neurosymptoms.org\/de_DE\/wp-json\/wp\/v2\/comments?post=536"}],"version-history":[{"count":183,"href":"https:\/\/neurosymptoms.org\/de_DE\/wp-json\/wp\/v2\/pages\/536\/revisions"}],"predecessor-version":[{"id":15783,"href":"https:\/\/neurosymptoms.org\/de_DE\/wp-json\/wp\/v2\/pages\/536\/revisions\/15783"}],"up":[{"embeddable":true,"href":"https:\/\/neurosymptoms.org\/de_DE\/wp-json\/wp\/v2\/pages\/937"}],"wp:attachment":[{"href":"https:\/\/neurosymptoms.org\/de_DE\/wp-json\/wp\/v2\/media?parent=536"}],"curies":[{"name":"wp","href":"https:\/\/api.w.org\/{rel}","templated":true}]}}