{"id":2736,"date":"2021-07-15T08:14:14","date_gmt":"2021-07-15T08:14:14","guid":{"rendered":"https:\/\/www.neurosymptoms.org\/?page_id=2736"},"modified":"2025-09-08T15:19:56","modified_gmt":"2025-09-08T15:19:56","slug":"fnd-and-other-functional-disorders","status":"publish","type":"page","link":"https:\/\/neurosymptoms.org\/de_DE\/causes\/fnd-and-other-functional-disorders\/","title":{"rendered":"FND and other functional disorders"},"content":{"rendered":"\n<p>F\u00fcr Menschen mit FND, die viele verschiedene Symptome haben, kann es verwirrend sein, herauszufinden, warum sie so viele verschiedene Diagnosen von verschiedenen \u00c4rzten erhalten.<\/p>\n\n\n\n<p>Ich treffe h\u00e4ufig Menschen mit FND (die Beinschw\u00e4che oder Krampfanf\u00e4lle erkl\u00e4ren), die aber auch andere Diagnosen wie Fibromyalgie (chronisch verbreitete Schmerzen) und Reizdarmsyndrom haben.<\/p>\n\n\n\n<p>FND-Kernsymptome sind die Symptome, die Sie unter Symptome&nbsp;<strong>LINK&gt;&gt;&gt;FND-Kernsymptome<\/strong>&nbsp;auf dieser Website finden. Symptome wie Schmerzen, M\u00fcdigkeit und Verdauungsprobleme, die bei anderen funktionellen St\u00f6rungen auftreten, geh\u00f6ren nicht unbedingt zu FND (sie scheinen ja nicht prim\u00e4r neurologisch). Obwohl sie bei Menschen mit FND h\u00e4ufig auftreten, verwenden \u00c4rzte m\u00f6glicherweise andere Bezeichnungen f\u00fcr sie.<\/p>\n\n\n\n<p>Hier sind einige h\u00e4ufige funktionelle St\u00f6rungen:<\/p>\n\n\n\n<p>Fibromyalgie (chronische, meist diffuse Schmerzen)<\/p>\n\n\n\n<p>Reizdarmsyndrom<\/p>\n\n\n\n<p>Chronische Beckenschmerzen<\/p>\n\n\n\n<p>Dysfunktionale Atmung<\/p>\n\n\n\n<p>Funktionelle Dyspepsie<\/p>\n\n\n\n<p>Myalgische Enzephalomyelitis\/chronisches M\u00fcdigkeitssyndrom<\/p>\n\n\n\n<p>Syndrom der \u00fcberaktiven Blase<\/p>\n\n\n\n<p>Allen diesen Erkrankungen gemeinsam ist eine Funktionsst\u00f6rung des Nervensystems, die von der betroffenen Person nicht kontrolliert werden kann<\/p>\n\n\n\n<p>Viele Betroffene merken, dass diese verschiedenen funktionellen St\u00f6rungen miteinander verkn\u00fcpft sind; wenn eine St\u00f6rung schlecht ist, k\u00f6nnen sich auch die anderen verschlimmern.<\/p>\n\n\n\n<p>Wie h\u00e4ngt FND also mit anderen Funktionsst\u00f6rungen zusammen? Die Antwort ist, dass es sich um sich stark \u00fcberschneidende Erkrankungen handelt. Viele Menschen haben eine &#8220;funktionelle St\u00f6rung&#8221;, die als EINE Erkrankung mit verschiedenen Aspekten betrachtet werden kann, von denen FND einer sein kann.<\/p>\n\n\n\n<figure class=\"wp-block-image size-large\"><img loading=\"lazy\" width=\"598\" height=\"1016\" src=\"https:\/\/pre-prod.neurosymptoms.org\/wp-content\/uploads\/2021\/06\/Screenshot-2021-06-08-at-12.08.30.png\" alt=\"\" class=\"wp-image-2175\" srcset=\"https:\/\/neurosymptoms.org\/wp-content\/uploads\/2021\/06\/Screenshot-2021-06-08-at-12.08.30.png 598w, https:\/\/neurosymptoms.org\/wp-content\/uploads\/2021\/06\/Screenshot-2021-06-08-at-12.08.30-177x300.png 177w\" sizes=\"(max-width: 598px) 100vw, 598px\" \/><\/figure>\n\n\n\n<h2>Funktionelle St\u00f6rungen &#8211; \u00dcberschneidungen verstehen<\/h2>\n\n\n\n<p>Die Diagnose einer FND kann viele verschiedene Gef\u00fchle und Reaktionen hervorrufen. F\u00fcr manche Menschen ist es eine Erleichterung, herauszufinden, dass es eine Erkl\u00e4rung f\u00fcr das gibt, was nicht stimmt, dass viele andere Menschen dasselbe haben und dass es WIRKLICH passiert.<\/p>\n\n\n\n<p>Aber f\u00fcr jemanden, der bereits andere Diagnosen wie Fibromyalgie hat, kann es sich anf\u00fchlen wie: &#8220;Nicht noch eine Sache, die mit mir nicht stimmt&#8221; oder &#8220;Schon wieder eine neue Diagnose!&#8221;.<\/p>\n\n\n\n<p>Deshalb ist es wichtig zu verstehen, dass eine funktionelle St\u00f6rung f\u00fcr viele Menschen als EINE Erkrankung mit verschiedenen Aspekten angesehen werden kann.<\/p>\n\n\n\n<p>In dem Ma\u00dfe, in dem wir mehr \u00fcber die <a href=\"http:\/\/www.neurosymptoms.org\/de_DE\/causes\/how-has-it-happened\/\">Mechanismen<\/a> funktioneller St\u00f6rungen erfahren, entdecken wir, dass sich diese auch stark \u00fcberschneiden. Wenn also Forschungsstudien Ver\u00e4nderungen in den Funktionen des Gehirns bei Menschen mit Fibromyalgie zeigen, \u00fcberschneiden sie sich stark mit Ver\u00e4nderungen, die wir im Gehirn bei FND und Reizdarm sehen. Es gibt auch einige \u00dcberschneidungen bei den <a href=\"http:\/\/www.neurosymptoms.org\/de_DE\/treatment\/\">Behandlungsmethoden<\/a>, die sich als hilfreich erwiesen haben, z. B. <a href=\"http:\/\/www.neurosymptoms.org\/de_DE\/treatment\/physiotherapy-exercise\/\">physiotherapeutische<\/a> und <a href=\"http:\/\/www.neurosymptoms.org\/de_DE\/treatment\/psychological-therapy\/\">psychologische<\/a> Rehabilitationstherapien und bestimmte Arten von <a href=\"http:\/\/www.neurosymptoms.org\/de_DE\/treatment\/medication\/\">Medikamenten<\/a>.<\/p>\n\n\n\n<p>Letztendlich ist jeder Mensch ein wenig anders, mit unterschiedlichen, sich \u00fcberschneidenden funktionellen St\u00f6rungen und Symptomen. &nbsp;<\/p>\n\n\n\n<p>F\u00fcr manche Menschen kann die Erkenntnis, dass sie seit langem anf\u00e4llig f\u00fcr funktionelle St\u00f6rungen im Allgemeinen sind (zu denen auch FND geh\u00f6rt), vielen verwirrenden Krankheiten einen Sinn bzw. eine dem allen zu Grunde&nbsp;liegende Erkl\u00e4rung geben.<\/p>\n\n\n\n<p>Obwohl es schwierig sein kann, zu erkennen, dass dasselbe Problem in unterschiedlichen Formen immer wieder auftritt, unterscheidet es sich in mancher Hinsicht nicht von anderen chronischen Erkrankungen wie Asthma oder Diabetes, mit denen die Betroffenen lernen k\u00f6nnen, besser umzugehen und sie zu kontrollieren.<\/p>\n\n\n\n<p>Es kann aber auch Hoffnung geben. Wenn Sie in der Vergangenheit eine Funktionsst\u00f6rung hatten, von der Sie sich erholt haben, wie haben Sie das geschafft? K\u00f6nnen Sie daraus lernen, wie Sie diese neue Funktionsst\u00f6rung oder Ihre FND \u00fcberwinden k\u00f6nnen?<\/p>\n\n\n\n<p>Hier sind einige Beispiele:<\/p>\n\n\n\n<p><strong>Beispiel 1. Diese Person hat eine \u00dcberschneidung von FND (Beinschw\u00e4che), Schmerzen und Reizdarmsyndrom in etwa gleichem Ma\u00dfe.<\/strong><\/p>\n\n\n\n<figure class=\"wp-block-image size-large\"><img loading=\"lazy\" width=\"776\" height=\"699\" src=\"https:\/\/pre-prod.neurosymptoms.org\/wp-content\/uploads\/2022\/11\/CAUSESfndandotherFDvennNr.1.png\" alt=\"\" class=\"wp-image-11347\" srcset=\"https:\/\/neurosymptoms.org\/wp-content\/uploads\/2022\/11\/CAUSESfndandotherFDvennNr.1.png 776w, https:\/\/neurosymptoms.org\/wp-content\/uploads\/2022\/11\/CAUSESfndandotherFDvennNr.1-300x270.png 300w, https:\/\/neurosymptoms.org\/wp-content\/uploads\/2022\/11\/CAUSESfndandotherFDvennNr.1-768x692.png 768w\" sizes=\"(max-width: 776px) 100vw, 776px\" \/><\/figure>\n\n\n\n<p><strong>Beispiel 2. Das Hauptproblem dieser Person sind chronische Schmerzen\/Fibromyalgie. <\/strong>Sie hat aber auch gelegentlich eine leichte Beinschw\u00e4che und einige leichtere Probleme mit dem Reizdarmsyndrom. Es handelt sich immer noch um dieselbe \u00dcberschneidung, aber eine Art von Funktionsst\u00f6rung dominiert.<\/p>\n\n\n\n<figure class=\"wp-block-image\"><img src=\"https:\/\/www.neurosymptoms.org\/wp-content\/uploads\/2021\/07\/Slide2-1024x746.png\" alt=\"\"\/><\/figure>\n\n\n\n<p><strong>Beispiel 3. Diese Person hat viele verschiedene funktionelle St\u00f6rungen. <\/strong>Sie werden vielleicht \u00fcberrascht sein, hier Migr\u00e4ne zu sehen. Einige \u00c4rzte w\u00fcrden dies als umstritten betrachten, aber auch Migr\u00e4ne hat mit einer Funktionsst\u00f6rung des Nervensystems zu tun. Ich selbst habe Migr\u00e4ne, und ich glaube, das ist eine der funktionellen St\u00f6rungen, die ich habe!<\/p>\n\n\n\n<figure class=\"wp-block-image\"><img src=\"https:\/\/www.neurosymptoms.org\/wp-content\/uploads\/2021\/07\/Slide3-1-1024x647.png\" alt=\"\"\/><\/figure>\n\n\n\n<h2>Was ist mit \u00dcberschneidungen zwischen funktionellen und psychischen St\u00f6rungen?<\/h2>\n\n\n\n<p>Psychological disorders such as anxiety and depression are common in FND, as indeed they are in almost any condition seen in neurological practice such as epilepsy or multiple sclerosis.<\/p>\n\n\n\n<p>Anxiety and Depression are also defined, not just by psychological symptoms such as constant worry or feeling low most of the time, but also by physical symptoms such as fatigue and sleep disturbance that are seen in FND and most other functional disorders.<\/p>\n\n\n\n<p>Psychische St\u00f6rungen wie Angstzust\u00e4nde und Depressionen kommen bei FND h\u00e4ufig vor, wie bei fast allen Erkrankungen in der neurologischen Praxis, z. B. Epilepsie oder Multiple Sklerose.<\/p>\n\n\n\n<p>Angstzust\u00e4nde und Depressionen sind nicht nur durch psychologische Symptome wie st\u00e4ndige Sorgen oder das Gef\u00fchl, die meiste Zeit niedergeschlagen zu sein, definiert, sondern auch durch k\u00f6rperliche Symptome wie M\u00fcdigkeit und Schlafst\u00f6rungen, die bei FND und den meisten anderen funktionellen St\u00f6rungen auftreten.<\/p>\n\n\n\n<p>Man muss keine psychische St\u00f6rung haben, um an FND zu erkranken (wie ich auf dieser Website immer wieder betone), aber wenn man eine hat, kann es helfen, zu verstehen wie sich diese mit der eigenen Erkrankung \u00fcberschneidet und interagiert:<\/p>\n\n\n\n<p><strong>Beispiel 4. PPPD (unsystematischer Schwindel), Dissoziation und Angst: <\/strong>Jeder Mensch ist anders. Diese Person hat eine Mischung aus PPPD, Dissoziation und Angstzust\u00e4nden. PPPD kann f\u00fcr sich allein auftreten, aber wie die meisten Arten von FND tritt sie h\u00e4ufig zusammen mit anderen Problemen auf.<\/p>\n\n\n\n<figure class=\"wp-block-image size-large\"><img loading=\"lazy\" width=\"776\" height=\"699\" src=\"https:\/\/pre-prod.neurosymptoms.org\/wp-content\/uploads\/2022\/11\/CAUSESfndandotherFDvennNr.4-1.png\" alt=\"\" class=\"wp-image-11349\" srcset=\"https:\/\/neurosymptoms.org\/wp-content\/uploads\/2022\/11\/CAUSESfndandotherFDvennNr.4-1.png 776w, https:\/\/neurosymptoms.org\/wp-content\/uploads\/2022\/11\/CAUSESfndandotherFDvennNr.4-1-300x270.png 300w, https:\/\/neurosymptoms.org\/wp-content\/uploads\/2022\/11\/CAUSESfndandotherFDvennNr.4-1-768x692.png 768w\" sizes=\"(max-width: 776px) 100vw, 776px\" \/><\/figure>\n\n\n\n<p><strong>Beispiel 5. Funktionelle Krampfanf\u00e4lle. &nbsp;<\/strong>Diese Person hat funktionelle\/psychogene Anf\u00e4lle, aber auch chronische Beckenschmerzen, die ihr Gyn\u00e4kologe auf eine funktionelle St\u00f6rung zur\u00fcckf\u00fchrt. Au\u00dferdem leidet sie an einer posttraumatischen Belastungsst\u00f6rung, die mit beiden Erkrankungen stark interagiert.<\/p>\n\n\n\n<figure class=\"wp-block-image\"><img src=\"https:\/\/www.neurosymptoms.org\/wp-content\/uploads\/2021\/07\/Slide5-1-1008x1024.png\" alt=\"\"\/><\/figure>\n\n\n\n<h2>Wie sieht es mit der \u00dcberschneidung mit anderen neurologischen und medizinischen Erkrankungen aus?<\/h2>\n\n\n\n<p>Andere neurologische und medizinische Erkrankungen sind einer der h\u00e4ufigsten Risikofaktoren f\u00fcr FND. Darauf gehe ich auf <a href=\"http:\/\/www.neurosymptoms.org\/de_DE\/causes\/misdiagnosis-comorbidity\/\">dieser Seite<\/a> n\u00e4her ein. Wenn wir uns jedoch mit \u00dcberschneidungen befassen, ist es manchmal wichtig, auch andere medizinische Erkrankungen in Ihr Verst\u00e4ndnis einzubeziehen. Erkrankungen wie Arthritis, Multiple Sklerose oder das Ehlers-Danlos-Syndrom k\u00f6nnen Schmerzen und M\u00fcdigkeit verursachen, die sich mit der Diagnose Ihrer funktionellen St\u00f6rung und vielleicht auch mit einer psychischen St\u00f6rung \u00fcberschneiden k\u00f6nnen.<\/p>\n\n\n\n<figure class=\"wp-block-image\"><img src=\"https:\/\/www.neurosymptoms.org\/wp-content\/uploads\/2021\/07\/Slide6-1-1024x823.png\" alt=\"\"\/><\/figure>\n","protected":false},"excerpt":{"rendered":"<p>How FND overlaps with other functional disorders like fibromyalgia and irritable bowel syndrome<\/p>\n","protected":false},"author":65,"featured_media":0,"parent":1010,"menu_order":158,"comment_status":"closed","ping_status":"closed","template":"page-template\/symptom-details-page-template.php","meta":[],"_links":{"self":[{"href":"https:\/\/neurosymptoms.org\/de_DE\/wp-json\/wp\/v2\/pages\/2736"}],"collection":[{"href":"https:\/\/neurosymptoms.org\/de_DE\/wp-json\/wp\/v2\/pages"}],"about":[{"href":"https:\/\/neurosymptoms.org\/de_DE\/wp-json\/wp\/v2\/types\/page"}],"author":[{"embeddable":true,"href":"https:\/\/neurosymptoms.org\/de_DE\/wp-json\/wp\/v2\/users\/65"}],"replies":[{"embeddable":true,"href":"https:\/\/neurosymptoms.org\/de_DE\/wp-json\/wp\/v2\/comments?post=2736"}],"version-history":[{"count":223,"href":"https:\/\/neurosymptoms.org\/de_DE\/wp-json\/wp\/v2\/pages\/2736\/revisions"}],"predecessor-version":[{"id":15791,"href":"https:\/\/neurosymptoms.org\/de_DE\/wp-json\/wp\/v2\/pages\/2736\/revisions\/15791"}],"up":[{"embeddable":true,"href":"https:\/\/neurosymptoms.org\/de_DE\/wp-json\/wp\/v2\/pages\/1010"}],"wp:attachment":[{"href":"https:\/\/neurosymptoms.org\/de_DE\/wp-json\/wp\/v2\/media?parent=2736"}],"curies":[{"name":"wp","href":"https:\/\/api.w.org\/{rel}","templated":true}]}}