{"id":2193,"date":"2021-06-15T09:54:38","date_gmt":"2021-06-15T09:54:38","guid":{"rendered":"https:\/\/ftd.cognihealth.in\/?page_id=2193"},"modified":"2024-02-02T12:28:57","modified_gmt":"2024-02-02T12:28:57","slug":"speech-and-language-therapy","status":"publish","type":"page","link":"https:\/\/neurosymptoms.org\/de_DE\/treatment\/speech-and-language-therapy\/","title":{"rendered":"Logop\u00e4die"},"content":{"rendered":"\n<p>NEU JULI 2021! Internationale Konsensempfehlungen f\u00fcr die Logop\u00e4die &#8211; hier klicken \u2013&nbsp;<a href=\"https:\/\/t.co\/3f9Laerc5P?amp=1\">https:\/\/t.co\/3f9Laerc5P?amp=1<\/a><\/p>\n\n\n\n<p>Diese Seite wurde von Laura McWhirter, Universit\u00e4t Edinburgh, und Jan Baker, Flinders University, S\u00fcdaustralien, verfasst, denen wir herzlich danken.<\/p>\n\n\n\n<h2><strong>Was ist Logop\u00e4die?<\/strong><\/h2>\n\n\n\n<p>Logop\u00e4den und Sprachtherapeuten sind Gesundheitsfachleute. Sie beurteilen und behandeln eine breite Palette von Problemen mit Kommunikation, Essen, Trinken und Schlucken.<\/p>\n\n\n\n<h2><strong>Logop\u00e4den und Sprachtherapeuten und die Diagnose von FNS<\/strong><\/h2>\n\n\n\n<p>Logop\u00e4den und Sprachtherapeuten sind Experten f\u00fcr die Untersuchung der Struktur und der Bewegungen von Mund und Rachen beim Sprechen und Schlucken. So k\u00f6nnen sie zum Beispiel mit speziellen Ger\u00e4ten die Stimmb\u00e4nder im Rachen betrachten. Logop\u00e4den und Sprachtherapeuten sind auch Experten darin, die Ursachen von Laut-, Wort- und Sprachproblemen zu h\u00f6ren und zu verstehen.<\/p>\n\n\n\n<p>Inwieweit Logop\u00e4den und Sprachtherapeuten an der Diagnose einer FNS beteiligt sind, ist von Land zu Land unterschiedlich. Manchmal kann ein Logop\u00e4de, der allein arbeitet, die Diagnose FNS stellen. In anderen F\u00e4llen k\u00f6nnen sie aufgrund ihrer besonderen F\u00e4higkeiten einen Neurologen (oder einen HNO-Arzt oder einen Arzt f\u00fcr Atemwegserkrankungen) bei der Diagnose von FNS unterst\u00fctzen.<\/p>\n\n\n\n<h2><strong>Behandlung von FND beim Sprechen und Schlucken<\/strong><\/h2>\n\n\n\n<p>Die Art der Behandlung h\u00e4ngt von der Art der Symptome ab, die Sie haben.<\/p>\n\n\n\n<p>Vielleicht werden Sie aufgefordert, einfache Laute zu machen, die der Therapeut dann zu W\u00f6rtern formt. Der Therapeut kann Ihnen helfen, Atemmuster oder Muskelverspannungen zu erkennen, die dem normalen Sprechen oder Schlucken im Wege stehen. Sp\u00e4ter kann der Therapeut Ihnen helfen, Ihre normale Stimme, Ihr normales Sprechen oder Schlucken in allt\u00e4glichen Situationen einzusetzen.<\/p>\n\n\n\n<p>Manchmal bessern sich die Sprach- und Stimmsymptome von FNS sehr schnell &#8211; sogar schon w\u00e4hrend der ersten Behandlungssitzung -, in anderen F\u00e4llen k\u00f6nnen jedoch mehrere Sitzungen erforderlich sein. Gegen Ende der Behandlung kann es hilfreich sein, gemeinsam mit Ihrem Therapeuten einen Plan zu erstellen, was helfen k\u00f6nnte, wenn die Symptome wieder auftreten.<\/p>\n\n\n\n<h2><strong>Logop\u00e4den und Sprachtherapeuten als Teil des klinischen Teams<\/strong><\/h2>\n\n\n\n<p>Logop\u00e4den und Sprachtherapeuten arbeiten mit anderen Mitgliedern des klinischen Teams zusammen. Wenn Sie andere FNS-Symptome haben, werden Sie m\u00f6glicherweise nicht nur einen Logop\u00e4den, sondern auch einen Neurologen, Physiotherapeuten, Ergotherapeuten oder Psychiater aufsuchen. In manchen F\u00e4llen ist es am besten, wenn Sie zuerst eine Sprachtherapie erhalten, damit Sie an anderen Behandlungen, z. B. psychologischen, teilnehmen k\u00f6nnen. Andere Menschen gehen vielleicht nur zu einem Logop\u00e4den.<\/p>\n\n\n\n<h2><strong>Pl\u00e4ne machen f\u00fcr den Fall, dass die Symptome wieder auftreten<\/strong><\/h2>\n\n\n\n<p>Manchmal (aber nicht immer) k\u00f6nnen die Symptome zur\u00fcckkehren, nachdem sie sich gebessert haben. Wenn eine logop\u00e4dische Behandlung Ihnen geholfen hat, sich zu bessern, k\u00f6nnen Sie oft dieselben Tricks und Techniken anwenden, um wieder auf den richtigen Weg zu kommen. Manchmal kann es hilfreich sein, den Logop\u00e4den oder die Logop\u00e4din erneut aufzusuchen, um eine weitere Behandlung zu erhalten.<\/p>\n\n\n\n<p><\/p>\n","protected":false},"excerpt":{"rendered":"<p>Logop\u00e4die behandelt Probleme beim Sprechen und Schlucken<\/p>\n","protected":false},"author":19,"featured_media":2724,"parent":1012,"menu_order":301,"comment_status":"closed","ping_status":"closed","template":"page-template\/symptom-details-page-template.php","meta":[],"_links":{"self":[{"href":"https:\/\/neurosymptoms.org\/de_DE\/wp-json\/wp\/v2\/pages\/2193"}],"collection":[{"href":"https:\/\/neurosymptoms.org\/de_DE\/wp-json\/wp\/v2\/pages"}],"about":[{"href":"https:\/\/neurosymptoms.org\/de_DE\/wp-json\/wp\/v2\/types\/page"}],"author":[{"embeddable":true,"href":"https:\/\/neurosymptoms.org\/de_DE\/wp-json\/wp\/v2\/users\/19"}],"replies":[{"embeddable":true,"href":"https:\/\/neurosymptoms.org\/de_DE\/wp-json\/wp\/v2\/comments?post=2193"}],"version-history":[{"count":62,"href":"https:\/\/neurosymptoms.org\/de_DE\/wp-json\/wp\/v2\/pages\/2193\/revisions"}],"predecessor-version":[{"id":14311,"href":"https:\/\/neurosymptoms.org\/de_DE\/wp-json\/wp\/v2\/pages\/2193\/revisions\/14311"}],"up":[{"embeddable":true,"href":"https:\/\/neurosymptoms.org\/de_DE\/wp-json\/wp\/v2\/pages\/1012"}],"wp:featuredmedia":[{"embeddable":true,"href":"https:\/\/neurosymptoms.org\/de_DE\/wp-json\/wp\/v2\/media\/2724"}],"wp:attachment":[{"href":"https:\/\/neurosymptoms.org\/de_DE\/wp-json\/wp\/v2\/media?parent=2193"}],"curies":[{"name":"wp","href":"https:\/\/api.w.org\/{rel}","templated":true}]}}