{"id":1945,"date":"2021-04-13T16:30:24","date_gmt":"2021-04-13T16:30:24","guid":{"rendered":"https:\/\/ftd.cognihealth.in\/?page_id=1945"},"modified":"2026-03-16T11:41:49","modified_gmt":"2026-03-16T11:41:49","slug":"functional-tics","status":"publish","type":"page","link":"https:\/\/neurosymptoms.org\/de_DE\/symptoms\/fnd-symptoms\/functional-tics\/","title":{"rendered":"Funktionelle Tics"},"content":{"rendered":"\n<p>Diese Seite und das Merkblatt wurden in Zusammenarbeit mit den am Ende aufgef\u00fchrten Kollegen erstellt. Besonderer Dank gilt Tammy Hedderley, Isobel Heyman und Christos Ganos.<\/p>\n\n\n\n<h2>Was sind Tics?<\/h2>\n\n\n\n<p>Tics sind eine Art von sich wiederholenden Bewegungen oder Ger\u00e4uschen, die bei einer Reihe von Erkrankungen auftreten k\u00f6nnen, darunter das Tourette-Syndrom . Tics k\u00f6nnen auch als Teil einer funktionellen neurologischen St\u00f6rung (FNS) auftreten und werden dann als &#8220;funktionelle Tics&#8221; bezeichnet. Menschen mit Tourette-Syndrom k\u00f6nnen ebenfalls funktionelle Tics entwickeln.<\/p>\n\n\n\n<p>Tics sind definiert als pl\u00f6tzliche, schnelle, wiederkehrende Bewegungen oder Ger\u00e4usche, die nicht rhythmisch sind. Tics werden oft als komplex bezeichnet, wenn sie mehr als eine einfache Bewegung umfassen, und Tics k\u00f6nnen eine Kombination verschiedener Bewegungen oder Ger\u00e4usche beinhalten. Dieses Merkblatt soll Ihnen eine Einf\u00fchrung in funktionelle Tics geben, die Ihnen und Ihrem Arzt helfen kann, das Problem besser anzugehen. Es ist kein Informationsblatt \u00fcber das Tourette-Syndrom, aber wir werden die \u00dcberschneidungen diskutieren.<\/p>\n\n\n\n<h2>Was sind funktionelle Tics und wie werden sie diagnostiziert?<\/h2>\n\n\n\n<p>Bei den Symptomen und der Behandlung von funktionellen Tics gibt es viele Gemeinsamkeiten mit Tics, die bei anderen Erkrankungen auftreten (z. B. beim Tourette-Syndrom), aber auch einige wichtige Unterschiede.<\/p>\n\n\n\n<p>In der fr\u00fchen Kindheit, wenn Kinder etwa 4 oder 5 Jahre alt sind, sind subtile Tics recht h\u00e4ufig. In einer typischen Schule mit 400 Sch\u00fclern haben etwa 10-20 Kinder eine Art von Tics. Mit zunehmendem Alter verbessern sich die Tics nat\u00fcrlich, und in einer weiterf\u00fchrenden Schule liegt die Zahl der Betroffenen unter diesem Wert bei etwa 1 %. Das Tourette-Syndrom ist eine Erkrankung, die in der fr\u00fchen Kindheit beginnt. Dies ist einer der Hauptunterschiede zu funktionellen Tics, die in der Regel erst nach dem 10. oder 11. Lebensjahr auftreten.<\/p>\n\n\n\n<p>Funktionelle Tics sind eine Form der funktionellen neurologischen St\u00f6rung (FNS). FNS wird auf der Website neurosymptoms.org ausf\u00fchrlicher beschrieben. Im Gro\u00dfen und Ganzen handelt es sich um eine Bewegungs- und Empfindungsst\u00f6rung, bei der ein besonderes Problem mit der willk\u00fcrlichen Bewegung, aber nicht mit der automatischen Bewegung besteht.<\/p>\n\n\n\n<p>Die Abbildung auf der n\u00e4chsten Seite beschreibt die wichtigsten klinischen Merkmale, die \u00c4rzte zur Diagnose von funktionellen Tics heranziehen, und vergleicht diese mit den Tics, die beim Tourette-Syndrom h\u00e4ufig auftreten. Manchmal sind die Dinge etwas komplizierter, weil eine Person sowohl das Tourette-Syndrom als auch funktionelle Tics haben kann.&nbsp; In der Regel ist es wichtig, bei einer Person herauszufinden, ob das Hauptproblem funktionelle Tics, das Tourette-Syndrom oder eine Mischung aus beidem ist, da die Behandlung und die Erkl\u00e4rungen daf\u00fcr unterschiedlich sein k\u00f6nnen. Zum Beispiel helfen Medikamente, die manchmal beim Tourette-Syndrom eingesetzt werden, nicht immer bei funktionellen Tics.&nbsp; Bei Kindern und Jugendlichen ist eine Mischung aus beidem etwas h\u00e4ufiger, w\u00e4hrend bei Erwachsenen eher funktionelle Tics ohne Tourette-Syndrom auftreten. Tic-Attacken beziehen sich auf anhaltende Tics und treten vor allem bei j\u00fcngeren Menschen mit einer Mischung aus Tourette-Syndrom und funktionellen Tics auf. <a href=\"https:\/\/www.tourettes-action.org.uk\/storage\/downloads\/1615388654_Factsheet---Tic-Attacks.pdf\">Weitere<\/a> Informationen finden Sie auf der Tourette-Action Website.<\/p>\n\n\n\n<h2>Unterschiede und Gemeinsamkeiten zwischen funktionellen Tics und Tourette-Syndrom<\/h2>\n\n\n\n<div class=\"wp-block-image\"><figure class=\"alignleft size-large is-resized\"><img loading=\"lazy\" src=\"https:\/\/pre-prod.neurosymptoms.org\/wp-content\/uploads\/2022\/10\/FNDtics3.png\" alt=\"\" class=\"wp-image-11240\" width=\"564\" height=\"462\" srcset=\"https:\/\/neurosymptoms.org\/wp-content\/uploads\/2022\/10\/FNDtics3.png 800w, https:\/\/neurosymptoms.org\/wp-content\/uploads\/2022\/10\/FNDtics3-300x246.png 300w, https:\/\/neurosymptoms.org\/wp-content\/uploads\/2022\/10\/FNDtics3-768x630.png 768w\" sizes=\"(max-width: 564px) 100vw, 564px\" \/><figcaption>*trifft zu f\u00fcr Kinder \u00fcber 8. FND Symptome k\u00f6nnen Anf\u00e4lle oder motorische probleme inkludieren. Dank an Christos Ganos und Kollegen f\u00fcr die Idee zu diesem Diagramm (Referenz 2)<\/figcaption><\/figure><\/div>\n\n\n\n<p>Wie Sie aus diesem Diagramm ersehen k\u00f6nnen, ist die Diagnose von funktionellen Tics nicht einfach. Sie erfordert in der Regel einen Arzt, der mit dem Tourette-Syndrom und anderen Ursachen von Tics sehr vertraut ist. Sowohl bei FNS als auch beim Tourette-Syndrom handelt es sich um St\u00f6rungen der Willk\u00fcrbewegung, und beide k\u00f6nnen durch Ablenkung oder Suggestion ver\u00e4ndert werden. Wie bei den meisten Arten von FNS handelt es sich auch bei der Diagnose von funktionellen Tics um eine klinische Diagnose, die auf der Grundlage einer Kombination typischer Merkmale gestellt wird.<\/p>\n\n\n\n<p><em>In der Regel ist es wichtig, bei einer Person herauszufinden, ob das Hauptproblem funktionelle Tics, das Tourette-Syndrom oder eine Mischung aus beidem ist, da die Behandlung und die Erkl\u00e4rungen unterschiedlich sein k\u00f6nnen.<\/em><\/p>\n\n\n\n<div class=\"wp-container-2 wp-block-group\"><div class=\"wp-block-group__inner-container\">\n<div class=\"wp-container-1 wp-block-group\"><div class=\"wp-block-group__inner-container\">\n<p>Sarahs Geschichte<\/p>\n\n\n\n<p>Sarah ist 13 Jahre alt und interessiert sich f\u00fcr Tanz, Kunst und Theater. In den letzten 4 Wochen hatte sie einen pl\u00f6tzlichen Ausbruch von behindernden, kontinuierlichen motorischen Tics in ihren Armen und Beinen. Diese Tics gingen mit kl\u00e4ffenden Ger\u00e4uschen und einigen Tierlauten einher. Au\u00dferdem neigte sie dazu, ihre j\u00fcngere Schwester zu beschimpfen und in einer scheinbar unkontrollierbaren Weise um sich zu schlagen. Diese Erfahrung war sehr beunruhigend f\u00fcr sie, und sie war schon ein paar Mal in der Notaufnahme gewesen, aber niemand schien zu wissen, was zu tun war. Es war ihr peinlich, mit ihren Freunden zu sprechen.<\/p>\n\n\n\n<p>Sarah hat einen j\u00fcngeren Bruder im Alter von 5 Jahren mit einer Autismus-Spektrum-Diagnose. Sie beschreibt sich selbst als sch\u00fcchtern und sozial \u00e4ngstlich und ihre Eltern sagen, sie sei &#8220;eine Perfektionistin&#8221;.<\/p>\n\n\n\n<p>Die Tics haben dazu gef\u00fchrt, dass sie der Schule ferngeblieben ist und viel Zeit allein in ihrem Zimmer verbracht hat. Sie hat viel Zeit damit verbracht, Social-Media-Seiten anzuschauen, und das wegen ihrer Symptome. Sie hat sich auf Tourette-Seiten informiert. Vor kurzem hatte sie den Mut, ein TikTok-Video \u00fcber ihre Erfahrungen zu machen. Sie hat einen Onkel, der an Tics und Zwangsst\u00f6rungen leidet.<\/p>\n\n\n\n<p>Im Nachhinein betrachtet hatte Sarah einige milde Tics, als sie etwa 5 Jahre alt war, aber alle dachten, sie h\u00e4tten sich beruhigt, und viele Jahre lang hatte niemand etwas bemerkt.<\/p>\n\n\n\n<p>In Sarahs Fall wiesen ihre Tics haupts\u00e4chlich Merkmale auf, die f\u00fcr funktionelle Tics typisch sind. Sie betrafen vor allem ihre Arme und ihren K\u00f6rper. Sie konnte die Tics nicht &#8220;unterdr\u00fccken&#8221;, nicht einmal f\u00fcr ein paar Sekunden, und sie hatte nicht den \u00fcblichen &#8220;Warn&#8221;-Drang, den Menschen mit Tourette-Syndrom haben. Die Tatsache, dass die Tics im Alter von 13 Jahren ganz pl\u00f6tzlich und heftig einsetzten, war ebenfalls typisch f\u00fcr funktionelle Tics und nicht f\u00fcr das Tourette-Syndrom.<\/p>\n\n\n\n<p>Sarahs \u00c4rzte hielten es f\u00fcr wahrscheinlich, dass sie als Kind unter leichten Tics gelitten hatte, die sie anf\u00e4llig f\u00fcr die Entwicklung funktioneller Tics gemacht hatten.<\/p>\n\n\n\n<p>Im Laufe der Behandlung entdeckten sie, dass einige Dinge in der Schule durch den Druck von Gleichaltrigen sehr stressig waren und Sarah Angst vor ihren Schularbeiten hatte, obwohl sie eine ausgezeichnete Sch\u00fclerin war.<\/p>\n\n\n\n<p>Sarah erhielt eine psychologische Therapie, die ihr half, \u00fcber ihre Gef\u00fchle zu sprechen und mit ihren Sorgen und \u00c4ngsten umzugehen. Sie erlernte auch Techniken, die ihr halfen, sich von ihrem K\u00f6rper weg zu konzentrieren, wenn die Tics schlimm waren. Von Zeit zu Zeit hatte sie zwar immer noch den einen oder anderen Tic, aber das war beherrschbar.<\/p>\n<\/div><\/div>\n<\/div><\/div>\n\n\n\n<h3>Welche Forschungsarbeiten wurden zu funktionellen Tics durchgef\u00fchrt?<\/h3>\n\n\n\n<p>Funktionelle Tics sind in den letzten Jahren von Experten zunehmend anerkannt worden. Inzwischen haben mehrere Gruppen auf der ganzen Welt ihre Erfahrungen mit der Diagnose und Behandlung funktioneller Tics ver\u00f6ffentlicht, aber wir lernen immer noch mehr \u00fcber sie und dar\u00fcber, wie wir ihre Behandlung am besten angehen sollten.<\/p>\n\n\n\n<p>Wie Sie in den unten stehenden Forschungsberichten sehen k\u00f6nnen, haben \u00c4rzte manchmal den Begriff &#8220;psychogene&#8221; Tics verwendet. Dieser Begriff ist nicht mehr passend, da die FNS-Forscher erkannt haben, dass es sich um eine Erkrankung des Gehirns (Neurologie) und des Geistes (Psychologie) handelt.<\/p>\n\n\n\n<figure class=\"wp-block-image size-large\"><img loading=\"lazy\" width=\"1024\" height=\"583\" src=\"https:\/\/pre-prod.neurosymptoms.org\/wp-content\/uploads\/2021\/06\/Screenshot-2021-06-05-at-15.42.55-1024x583.png\" alt=\"\" class=\"wp-image-2132\" srcset=\"https:\/\/neurosymptoms.org\/wp-content\/uploads\/2021\/06\/Screenshot-2021-06-05-at-15.42.55-1024x583.png 1024w, https:\/\/neurosymptoms.org\/wp-content\/uploads\/2021\/06\/Screenshot-2021-06-05-at-15.42.55-300x171.png 300w, https:\/\/neurosymptoms.org\/wp-content\/uploads\/2021\/06\/Screenshot-2021-06-05-at-15.42.55-768x437.png 768w, https:\/\/neurosymptoms.org\/wp-content\/uploads\/2021\/06\/Screenshot-2021-06-05-at-15.42.55.png 1356w\" sizes=\"(max-width: 1024px) 100vw, 1024px\" \/><\/figure>\n\n\n\n<p>Im Laufe der Jahre 2020 und 2021 haben einige auf Tic-St\u00f6rungen spezialisierte \u00c4rzte festgestellt, dass immer mehr Menschen, vor allem Jugendliche, mit funktionellen Tics auftauchen. Es ist nicht klar, warum das so ist. Es k\u00f6nnte daran liegen, dass es f\u00fcr viele Menschen eine stressige Zeit war. Es gibt keine Beweise daf\u00fcr, dass es in direktem Zusammenhang mit einer Covid-Infektion oder mit Impfstoffen steht.<\/p>\n\n\n\n<h2>Wie und warum entstehen funktionelle Tics?<\/h2>\n\n\n\n<p>Bei FNS scheint es, als w\u00fcrde sich die Aufmerksamkeit des Gehirns unwillk\u00fcrlich auf den K\u00f6rper richten. Diese Verlagerung der Aufmerksamkeit scheint abnormale Bewegungen (wie funktionelle Tics) ausl\u00f6sen zu k\u00f6nnen und kann auch dazu f\u00fchren, dass Bewegungen, die die Person eigentlich ausf\u00fchren m\u00f6chte, schwieriger werden (so k\u00f6nnen Menschen mit funktionellen Tics eine vor\u00fcbergehende Blockade der willentlichen Bewegung erleben). Manchmal verst\u00e4rkt die Umstellung der Aufmerksamkeit auf den K\u00f6rper die Wahrnehmung innerer Empfindungen oder Sorgen, und Gedanken \u00fcber das Erleben von Tics\/Tic-\u00e4hnlichen Anf\u00e4llen k\u00f6nnen die Episoden ausl\u00f6sen und aufrechterhalten. Die klinische Erfahrung zeigt, dass Menschen mit funktionellen Tics anf\u00e4lliger f\u00fcr Tics werden k\u00f6nnen, wenn sie viel Zeit damit verbringen, jemanden mit Tics zu beobachten. Das Tourette-Syndrom kann jedoch nicht durch das Beobachten anderer Menschen mit Tics ausgel\u00f6st werden. Dies hat \u00c4rzte dazu veranlasst, sich zu fragen, ob die Exposition gegen\u00fcber Websites in sozialen Medien, auf denen Tics gezeigt werden, ungewollt funktionelle Tics beim Betrachter verst\u00e4rken k\u00f6nnte.<\/p>\n\n\n\n<p>Nachts vor dem Schlafengehen haben viele Menschen ruckartige Bewegungen beim Einschlafen (Einschlafmyoklonien), die ebenfalls dazu beitragen k\u00f6nnten, die Gehirnbahnen zu formen, die zu funktionellen Tics f\u00fchren.<\/p>\n\n\n\n<p>Wir haben hier \u00fcber Stress und psychologische Modelle gesprochen, aber bei funktionellen Tics ist auch das Gehirn beteiligt. Betroffene k\u00f6nnen nicht einfach auf ihr eigenes Gehirn zugreifen und sie ausschalten.<\/p>\n\n\n\n<figure class=\"wp-block-image size-large\"><img loading=\"lazy\" width=\"873\" height=\"656\" src=\"https:\/\/pre-prod.neurosymptoms.org\/wp-content\/uploads\/2022\/10\/FNDtics2.png\" alt=\"\" class=\"wp-image-11241\" srcset=\"https:\/\/neurosymptoms.org\/wp-content\/uploads\/2022\/10\/FNDtics2.png 873w, https:\/\/neurosymptoms.org\/wp-content\/uploads\/2022\/10\/FNDtics2-300x225.png 300w, https:\/\/neurosymptoms.org\/wp-content\/uploads\/2022\/10\/FNDtics2-768x577.png 768w\" sizes=\"(max-width: 873px) 100vw, 873px\" \/><\/figure>\n\n\n\n<h3>M\u00fcssen funktionelle Tics immer behandelt werden?<\/h3>\n\n\n\n<p>Soziale Medienplattformen haben Menschen mit Behinderungen, darunter auch Menschen mit Tics, geholfen, einen Weg zu finden, Erfahrungen auszutauschen. Manche Menschen mit funktionalen Tics w\u00fcrden dies nicht unbedingt als Problem betrachten, wenn zum Beispiel <em>jeder <\/em>Tics h\u00e4tte, w\u00fcrde es sie nicht st\u00f6ren. Hier gibt es wichtige Gespr\u00e4che \u00fcber die Anerkennung von Unterschieden zwischen Menschen. Patientenvertreter mit anderen &#8220;Krankheiten&#8221; wie Autismus und Taubheit haben auch der \u00d6ffentlichkeit geholfen, zu erkennen, dass nur weil etwas anders ist, es nicht immer eine &#8220;Behandlung&#8221; braucht.<\/p>\n\n\n\n<p>F\u00fcr die meisten Menschen sind funktionelle Tics jedoch belastend, vor allem wenn sie aus heiterem Himmel auftreten.<\/p>\n\n\n\n<h3>Wie sieht die Behandlung aus?<\/h3>\n\n\n\n<h3><strong>1. Verstehen, was falsch ist.<\/strong><\/h3>\n\n\n\n<p>Wie bei allen Arten von FNS ist es sehr wichtig, dass Sie eine medizinische Fachkraft treffen, die Ihnen erkl\u00e4rt, warum sie glaubt, dass Sie funktionelle Tics haben, und ob diese in Ihrem Fall allein auftreten oder ob sie neben dem Tourette-Syndrom auftreten. Jeder Mensch braucht Verst\u00e4ndnis und die Gewissheit, dass das behandelnde medizinische Fachpersonal versteht, dass Sie keine Kontrolle \u00fcber diese Bewegungen haben und dass Sie wollen, dass sie sich verbessern.<\/p>\n\n\n\n<h2><strong>2. Umschulung des Gehirns<\/strong><\/h2>\n\n\n\n<p>Die Behandlung funktioneller Tics ist \u00e4hnlich wie bei anderen Arten von FND. Es geht darum, zu erkennen, dass es Bewegungsmuster im Gehirn gibt, die &#8220;steckengeblieben&#8221; sind, und herauszufinden, ob es Techniken gibt, entweder mit Hilfe von Psychotherapie oder Physiotherapie, die helfen, sie zu &#8220;l\u00f6sen&#8221;<\/p>\n\n\n\n<h3>Psychologische Therapie<\/h3>\n\n\n\n<p><em>Jeder Mensch braucht Verst\u00e4ndnis und die Gewissheit, dass das behandelnde Gesundheitspersonal versteht, dass man keine Kontrolle \u00fcber diese Bewegungen hat und dass man m\u00f6chte, dass sie sich verbessern.<\/em><\/p>\n\n\n\n<p>Die psychologische Therapie f\u00fcr funktionelle Tics sollte auf die jeweilige Person zugeschnitten sein. Es gibt keine Forschungsstudien, die uns Aufschluss \u00fcber die besten und wirksamsten Behandlungen f\u00fcr funktionelle Tics geben. Die kognitive Verhaltenstherapie umfasst Aufkl\u00e4rung, das Verstehen der Symptome von K\u00f6rper und Geist, insbesondere der Angst, die \u00c4nderung des eigenen Verhaltens und des Verhaltens anderer im Zusammenhang mit Tics (siehe unten) und die schrittweise Steigerung der Aktivit\u00e4ten trotz Tics.<\/p>\n\n\n\n<p>Andere psychologische Therapien, die sich mehr darauf konzentrieren, zu verstehen, wie pers\u00f6nliche Erfahrungen die Art und Weise ver\u00e4ndern, wie man mit den eigenen Gef\u00fchlen und anderen Menschen umgeht (sogenannte interpersonelle oder psychodynamische Psychotherapie), k\u00f6nnen ebenfalls hilfreich sein, insbesondere bei Erwachsenen.<\/p>\n\n\n\n<p>N\u00fctzliche Bestandteile von psychologischen Therapien k\u00f6nnen sein:<\/p>\n\n\n\n<ol type=\"1\"><li><strong>Anderen helfen, die Aufmerksamkeit von funktionellen Tics oder tic-\u00e4hnlichen Anf\u00e4llen abzulenken. <\/strong>Wenn Tics neu sind, sind sie nicht nur f\u00fcr den Patienten beunruhigend, sondern auch f\u00fcr alle anderen, z. B. f\u00fcr Familienmitglieder oder Freunde. Helfen Sie Ihren Freunden und Verwandten, weniger Angst vor den Symptomen zu haben. So m\u00fcssen sie nicht jedes Mal, wenn sie auftreten, nachfragen, ob es Ihnen gut geht. Ein \u00e4hnlicher Rat gilt f\u00fcr Menschen mit Tourette-Syndrom.<\/li><li><strong>Richten Sie Ihre Aufmerksamkeit nach au\u00dfen und weg von inneren K\u00f6rperempfindungen. <\/strong>Techniken wie &#8220;sensorische Erdung&#8221; k\u00f6nnen bei FNS eingesetzt werden, wenn sie Anf\u00e4lle verursachen. Dabei handelt es sich um eine Technik, bei der Sie lernen, sich auf Dinge in Ihrer Umgebung zu konzentrieren, anstatt auf etwas in Ihrem K\u00f6rper. Das kann etwas sein, das man ber\u00fchrt, sieht, h\u00f6rt oder f\u00fchlt. Mit etwas \u00dcbung k\u00f6nnen Betroffene die sensorische Erdung nutzen, um ihre Empfindungen vom K\u00f6rper weg zu lenken, und das kann bei funktionellen Tics helfen.<\/li><li><strong>Begrenzen Sie Ihre Zeit in sozialen Medien, die mit Tics zu tun haben<\/strong><strong>. <\/strong>Es ist gut zu wissen, dass es andere Menschen gibt, die dasselbe Problem haben. Wenn Sie jedoch viel Zeit damit verbringen, anderen dabei zuzusehen, wie sie \u00fcber ihre Tics sprechen, w\u00fcrden wir Ihnen raten, die Zeit, die Sie damit verbringen, zu begrenzen.<\/li><li><strong>Identifizierung von Ausl\u00f6sern oder Stress, wenn vorhanden<\/strong>. Ein wichtiger Teil der Beurteilung und der laufenden Behandlung besteht darin, eventuelle Stressfaktoren zu erkennen. Familie, Lehrer, Therapeuten und andere k\u00f6nnen dabei helfen, Stressoren (z. B. Schul- oder Arbeitsstress oder Freundschaftsprobleme) zu ver\u00e4ndern und zu bew\u00e4ltigen. Es kann auch wichtig sein, mehr dar\u00fcber zu erfahren, wie Sie mit Ihren eigenen Emotionen und anderen Menschen umgehen, insbesondere als Reaktion auf Stress.<\/li><li><strong>Behandlung anderer psychischer Erkrankungen, sofern vorhanden<\/strong><strong>. <\/strong>Studien haben gezeigt, dass etwa 50 % der Menschen mit FNS auch an behandelbaren psychischen Erkrankungen wie Angst oder Depression leiden. Es ist hilfreich, sorgf\u00e4ltig auf diese Schwierigkeiten zu achten, wenn sie vorhanden sind, und parallel zur Behandlung der funktionellen Tics die spezifischen Behandlungen f\u00fcr diese Erkrankungen zu versuchen.<\/li><\/ol>\n\n\n\n<h2>Physiotherapie<\/h2>\n\n\n\n<p>Manche Menschen reagieren darauf, wenn man ihnen Bewegung beibringt, um ihre Aufmerksamkeit auf andere Teile ihres K\u00f6rpers zu lenken.&nbsp; Ein Physiotherapeut, der mit FNS vertraut ist, kann Ihnen im Rahmen Ihrer Behandlung mit \u00dcbungen helfen.<\/p>\n\n\n\n<h2>Was ist mit Medikamenten, die gegen Tics eingesetzt werden?<\/h2>\n\n\n\n<p>Medikamente wie Clonidin oder Aripiprazol werden manchmal beim Tourette-Syndrom eingesetzt.<\/p>\n\n\n\n<p>Experten f\u00fcr Tics sind sich einig, dass diese Art von Medikamenten f\u00fcr Menschen mit funktionellen Tics NICHT hilfreich ist.<\/p>\n\n\n\n<p>Manchmal k\u00f6nnen Medikamente gegen Angstzust\u00e4nde, Zwangssymptome oder Depressionen bei einigen Menschen mit funktionellen Tics hilfreich sein, wenn diese Schwierigkeiten vorhanden sind.<\/p>\n\n\n\n<h2>Auf das \u201cganze Bild\u201d achten<\/h2>\n\n\n\n<p>Bei manchen Menschen mit funktionellen Tics sind diese Teil eines &#8220;gr\u00f6\u00dferen Bildes&#8221; von Krankheit.&nbsp;&nbsp;<\/p>\n\n\n\n<div class=\"wp-block-image\"><figure class=\"alignleft size-large\"><img loading=\"lazy\" width=\"240\" height=\"432\" src=\"https:\/\/pre-prod.neurosymptoms.org\/wp-content\/uploads\/2020\/11\/FCD-Image-12.png\" alt=\"\" class=\"wp-image-557\" srcset=\"https:\/\/neurosymptoms.org\/wp-content\/uploads\/2020\/11\/FCD-Image-12.png 240w, https:\/\/neurosymptoms.org\/wp-content\/uploads\/2020\/11\/FCD-Image-12-167x300.png 167w\" sizes=\"(max-width: 240px) 100vw, 240px\" \/><\/figure><\/div>\n\n\n\n<p>Manche Menschen mit funktionellen Tics haben auch andere Arten von FNS-Symptomen, wie z. B. Krampfanf\u00e4lle oder Mobilit\u00e4tsprobleme.<\/p>\n\n\n\n<p>Vor allem bei j\u00fcngeren Menschen k\u00f6nnen funktionelle Tics so h\u00e4ufig sein, dass sie &#8220;Tic-Attacken&#8221; haben, die sich mit den Anf\u00e4llen oder Bewegungsst\u00f6rungen vermischen, die wir bei FNS beobachten.<\/p>\n\n\n\n<p>Andere funktionelle St\u00f6rungen, die zu Schmerzen oder M\u00fcdigkeit f\u00fchren, oder andere medizinische Erkrankungen wie Hypermobilit\u00e4t der Gelenke k\u00f6nnen die Situation verschlimmern.<\/p>\n\n\n\n<p>Wie bei allen FNS leiden einige Menschen unter Angstzust\u00e4nden oder Depressionen. Manchmal sind diese aus anderen Gr\u00fcnden vorhanden, manchmal werden sie durch die Erkrankung verschlimmert.<\/p>\n\n\n\n<p>Viele Menschen mit FNS haben KEINES dieser anderen Gesundheitsprobleme, also lassen Sie sich bitte nicht abschrecken, wenn dieser Abschnitt nicht auf Sie zutrifft. Wenn dies jedoch der Fall ist, kann es sich lohnen, Zeit mit einer medizinischen Fachkraft zu verbringen, die sich mit diesen Erkrankungen auskennt, um herauszufinden, wie diese Erkrankungen miteinander zusammenh\u00e4ngen k\u00f6nnen.<\/p>\n\n\n\n<h2>Mitwirkende<\/h2>\n\n\n\n<p>Vielen Dank an die folgenden Kollegen, die dieses Material vorgeschlagen und mitverfasst haben:<\/p>\n\n\n\n<p>Dr. Tammy Hedderly, p\u00e4diatrische Neurologin, Tic and Neurodevelopmental Movements Service, Guys Kings and St Thomas&#8217; School of Medicine, London, UK<\/p>\n\n\n\n<p>Professor Isobel Heyman, Neuropsychiaterin f\u00fcr Kinder und Jugendliche, Team f\u00fcr psychologische Medizin, Great Ormond Street Hospital for Children NHS Foundation Trust, London, UK<\/p>\n\n\n\n<p>Dr. Christos Ganos, Neurologe, Krankenhaus Charite, Berlin, Deutschland<\/p>\n\n\n\n<p>Dr. Benedetta Demartini, Psychiaterin, Universit\u00e4t von Mailand. Mailand, Italien<\/p>\n\n\n\n<p>Dr. Jose Baizabal-Carvallo, Neurologe, Universit\u00e4t von Guanajuato, Mexiko<\/p>\n\n\n\n<p>Professor Mark Edwards, Neurologe, St. George&#8217;s, University of London, London UK<\/p>\n\n\n\n<p>Professor Eileen Joyce, Neuropsychiaterin, National Hospital for Neurology and Neurosurgery, London<\/p>\n\n\n\n<p>Professor Jon Stone<strong>, <\/strong>Neurologe, Universit\u00e4t Edinburgh, Edinburgh UK<\/p>\n\n\n\n<h2>Wissenschaftliche Artikel<\/h2>\n\n\n\n<p>Demartini B, Ricciardi L, Parees I, Ganos C, Bhatia KP, Edwards MJ. Eine positive Diagnose von funktionellen (psychogenen) Tics. <em>Eur J Neurol <\/em>2014; : 1-7.<\/p>\n\n\n\n<p>Ganos C, Martino D, Espay AJ, Lang AE, Bhatia KP, Edwards MJ. Tics und funktionelle tic-\u00e4hnliche Bewegungen: K\u00f6nnen wir sie voneinander unterscheiden? Neurology. 2019; <strong>93<\/strong>: 750-8.<\/p>\n\n\n\n<p>Baizabal-Carvallo JF, Jankovic J. The clinical features of psychogenic movement disorders resembling tics. <em>J Neurol Neurosurg Psychiatry <\/em>2014; <strong>85<\/strong>: 573-5.<\/p>\n\n\n\n<p>Heyman I, Liang H, Hedderly T. COVID-19-bedingter Anstieg von Tics und \u00adtic-\u00e4hnlichen Attacken im Kindesalter\u00ad. Archives of Diseases in Childhood. 2021; : 8-9.<\/p>\n\n\n\n<p>Robinson S, Hedderly T. Neuartige psychologische Formulierung und Behandlung von &#8220;Tic-Attacken&#8221; beim Tourette-Syndrom. Frontiers in Pediatrics.&nbsp; 2016; 4: 1-7.<\/p>\n","protected":false},"excerpt":{"rendered":"<p>Repetitive komplexe Bewegungen oder Laut\u00e4usserungen <\/p>\n","protected":false},"author":47,"featured_media":2066,"parent":937,"menu_order":292,"comment_status":"closed","ping_status":"closed","template":"page-template\/symptom-details-page-template.php","meta":[],"_links":{"self":[{"href":"https:\/\/neurosymptoms.org\/de_DE\/wp-json\/wp\/v2\/pages\/1945"}],"collection":[{"href":"https:\/\/neurosymptoms.org\/de_DE\/wp-json\/wp\/v2\/pages"}],"about":[{"href":"https:\/\/neurosymptoms.org\/de_DE\/wp-json\/wp\/v2\/types\/page"}],"author":[{"embeddable":true,"href":"https:\/\/neurosymptoms.org\/de_DE\/wp-json\/wp\/v2\/users\/47"}],"replies":[{"embeddable":true,"href":"https:\/\/neurosymptoms.org\/de_DE\/wp-json\/wp\/v2\/comments?post=1945"}],"version-history":[{"count":192,"href":"https:\/\/neurosymptoms.org\/de_DE\/wp-json\/wp\/v2\/pages\/1945\/revisions"}],"predecessor-version":[{"id":15850,"href":"https:\/\/neurosymptoms.org\/de_DE\/wp-json\/wp\/v2\/pages\/1945\/revisions\/15850"}],"up":[{"embeddable":true,"href":"https:\/\/neurosymptoms.org\/de_DE\/wp-json\/wp\/v2\/pages\/937"}],"wp:featuredmedia":[{"embeddable":true,"href":"https:\/\/neurosymptoms.org\/de_DE\/wp-json\/wp\/v2\/media\/2066"}],"wp:attachment":[{"href":"https:\/\/neurosymptoms.org\/de_DE\/wp-json\/wp\/v2\/media?parent=1945"}],"curies":[{"name":"wp","href":"https:\/\/api.w.org\/{rel}","templated":true}]}}